{"id":612,"date":"2021-03-26T10:04:13","date_gmt":"2021-03-26T10:04:13","guid":{"rendered":"http:\/\/localhost\/nuss\/?page_id=612"},"modified":"2025-09-02T15:54:29","modified_gmt":"2025-09-02T15:54:29","slug":"ristorante","status":"publish","type":"page","link":"https:\/\/celebrityruichenghotel.com\/it\/restaurant\/","title":{"rendered":"Ristorante"},"content":{"rendered":"<div data-elementor-type=\"wp-page\" data-elementor-id=\"612\" class=\"elementor elementor-612\">\n\t\t\t\t\t\t<section class=\"elementor-section elementor-top-section elementor-element elementor-element-e2effe8 elementor-section-boxed elementor-section-gap-beside-yes elementor-section-height-default elementor-section-height-default elementor-section-column-vertical-align-stretch\" data-id=\"e2effe8\" data-element_type=\"section\" data-e-type=\"section\">\n\t\t\t\t\t\t<div class=\"elementor-container elementor-column-gap-extended\">\n\t\t\t\t\t<div class=\"elementor-column elementor-col-100 elementor-top-column elementor-element elementor-element-e18f688\" data-id=\"e18f688\" data-element_type=\"column\" data-e-type=\"column\">\n\t\t\t<div class=\"elementor-widget-wrap elementor-element-populated\">\n\t\t\t\t\t\t<div class=\"elementor-element elementor-element-6db146d elementor-widget__width-initial elementor-invisible elementor-widget elementor-widget-text-editor\" data-id=\"6db146d\" data-element_type=\"widget\" data-e-type=\"widget\" data-settings=\"{&quot;_animation&quot;:&quot;nussFadeInUp&quot;}\" data-widget_type=\"text-editor.default\">\n\t\t\t\t\t\t\t\t\t<p><strong data-spm-anchor-id=\"a2ty_o01.29997173.0.i55.6fbec921UQIc0A\">Scopri il sapore e l&#039;eleganza al ristorante del Celebrity Ruicheng Hotel: un gioiello culinario nel cuore di Chengdu<\/strong><\/p>\t\t\t\t\t\t\t\t<\/div>\n\t\t\t\t\t<\/div>\n\t\t<\/div>\n\t\t\t\t\t<\/div>\n\t\t<\/section>\n\t\t<div class=\"elementor-element elementor-element-04ac4b7 e-flex e-con-boxed e-con e-parent\" data-id=\"04ac4b7\" data-element_type=\"container\" data-e-type=\"container\">\n\t\t\t\t\t<div class=\"e-con-inner\">\n\t\t\t\t<div class=\"elementor-element elementor-element-192884a elementor-widget elementor-widget-nuss-image-gallery\" data-id=\"192884a\" data-element_type=\"widget\" data-e-type=\"widget\" data-widget_type=\"nuss-image-gallery.default\">\n\t\t\t\t<div class=\"elementor-widget-container\">\n\t\t\t\t\t\t\t<div class=\"nuss-grid-wrapper\" data-grid=\"{&quot;type&quot;:&quot;grid&quot;,&quot;ratio&quot;:null,&quot;columns&quot;:3,&quot;gutter&quot;:30}\">\r\n\t\t\t<div class=\"nuss-grid lazy-grid\">\r\n\t\t\t\t<div class=\"grid-sizer\"><\/div>\r\n\r\n\t\t\t\t\t\t\t\t\t\t\t\t<div class=\"grid-item\">\r\n\t\t\t\t\t\t<div class=\"nuss-box\">\t\t<div class=\"nuss-image image\">\r\n\t\t\t<img decoding=\"async\"  src=\"https:\/\/celebrityruichenghotel.com\/wp-content\/uploads\/2025\/09\/Celebrity-Ruicheng-Hotel-174.webp\" alt=\"Celebrity Ruicheng Hotel (174)\" \/>\t\t<\/div>\r\n\t\t\t\t<\/div>\t\t\t\t\t<\/div>\r\n\t\t\t\t\t\t<div class=\"grid-item\">\r\n\t\t\t\t\t\t<div class=\"nuss-box\">\t\t<div class=\"nuss-image image\">\r\n\t\t\t<img decoding=\"async\"  src=\"https:\/\/celebrityruichenghotel.com\/wp-content\/uploads\/2025\/09\/Celebrity-Ruicheng-Hotel-175.webp\" alt=\"Celebrity Ruicheng Hotel (175)\" \/>\t\t<\/div>\r\n\t\t\t\t<\/div>\t\t\t\t\t<\/div>\r\n\t\t\t\t\t\t<div class=\"grid-item\">\r\n\t\t\t\t\t\t<div class=\"nuss-box\">\t\t<div class=\"nuss-image image\">\r\n\t\t\t<img decoding=\"async\"  src=\"https:\/\/celebrityruichenghotel.com\/wp-content\/uploads\/2025\/09\/Celebrity-Ruicheng-Hotel-176.webp\" alt=\"Celebrity Ruicheng Hotel (176)\" \/>\t\t<\/div>\r\n\t\t\t\t<\/div>\t\t\t\t\t<\/div>\r\n\t\t\t\t\t\t<div class=\"grid-item\">\r\n\t\t\t\t\t\t<div class=\"nuss-box\">\t\t<div class=\"nuss-image image\">\r\n\t\t\t<img decoding=\"async\"  src=\"https:\/\/celebrityruichenghotel.com\/wp-content\/uploads\/2025\/09\/Celebrity-Ruicheng-Hotel-177.webp\" alt=\"Celebrity Ruicheng Hotel (177)\" \/>\t\t<\/div>\r\n\t\t\t\t<\/div>\t\t\t\t\t<\/div>\r\n\t\t\t\t\t\t<div class=\"grid-item\">\r\n\t\t\t\t\t\t<div class=\"nuss-box\">\t\t<div class=\"nuss-image image\">\r\n\t\t\t<img decoding=\"async\"  src=\"https:\/\/celebrityruichenghotel.com\/wp-content\/uploads\/2025\/09\/Celebrity-Ruicheng-Hotel-178.webp\" alt=\"Celebrity Ruicheng Hotel (178)\" \/>\t\t<\/div>\r\n\t\t\t\t<\/div>\t\t\t\t\t<\/div>\r\n\t\t\t\t\t\t<div class=\"grid-item\">\r\n\t\t\t\t\t\t<div class=\"nuss-box\">\t\t<div class=\"nuss-image image\">\r\n\t\t\t<img decoding=\"async\"  src=\"https:\/\/celebrityruichenghotel.com\/wp-content\/uploads\/2025\/09\/Celebrity-Ruicheng-Hotel-180.webp\" alt=\"Celebrity Ruicheng Hotel (180)\" \/>\t\t<\/div>\r\n\t\t\t\t<\/div>\t\t\t\t\t<\/div>\r\n\t\t\t\t\t\t\t\r\n\t\t\t<\/div>\r\n\t\t<\/div>\r\n\t\t\t\t\t\t<\/div>\n\t\t\t\t<\/div>\n\t\t\t\t\t<\/div>\n\t\t\t\t<\/div>\n\t\t<div class=\"elementor-element elementor-element-c16f629 e-flex e-con-boxed e-con e-parent\" data-id=\"c16f629\" data-element_type=\"container\" data-e-type=\"container\">\n\t\t\t\t\t<div class=\"e-con-inner\">\n\t\t\t\t<div class=\"elementor-element elementor-element-2b00fa0 elementor-widget elementor-widget-text-editor\" data-id=\"2b00fa0\" data-element_type=\"widget\" data-e-type=\"widget\" data-widget_type=\"text-editor.default\">\n\t\t\t\t\t\t\t\t\t<p>Immerso nel vibrante <strong>Distretto di Qingyang<\/strong> Di <strong>Chengdu, Sichuan<\/strong>, <strong>Il ristorante del Celebrity Ruicheng Hotel<\/strong> offre pi\u00f9 di un semplice pasto: ti invita in un raffinato viaggio culinario che celebra l&#039;anima audace della cucina del Sichuan, abbracciando al contempo l&#039;eleganza dell&#039;ospitalit\u00e0 moderna. Situato a <strong>68 Sezione 2 Strada del Popolo di Mezzo (Renmin Zhong Lu Er Duan)<\/strong>, la nostra destinazione gastronomica in loco \u00e8 progettata per gli ospiti e i visitatori che cercano <strong>sapori autentici, un&#039;atmosfera serena e un&#039;esperienza gastronomica indimenticabile<\/strong> \u2014 il tutto nel comfort di un hotel elegante e contemporaneo.<\/p><p>Che tu voglia iniziare la giornata con una colazione nutriente, rilassarti dopo una giornata impegnativa con una cena rigenerante o ospitare un socio in affari per una conversazione interessante a base di prelibatezze locali, il nostro ristorante \u00e8 la tua porta d&#039;accesso al ricco e aromatico mondo della cultura gastronomica del Sichuan, rivisitata con cura, qualit\u00e0 e raffinatezza internazionale.<\/p><div class=\"py-2 my-3\"><hr \/><\/div><h3>\ud83c\udf5c Una celebrazione della leggendaria cucina del Sichuan<\/h3><p>Chengdu \u00e8 rinomata a livello mondiale come <strong>Citt\u00e0 della gastronomia UNESCO<\/strong>, e a <strong>Celebrity Ruicheng Hotel<\/strong>, onoriamo questa eredit\u00e0 con un men\u00f9 profondamente radicato in <strong>autentici sapori del Sichuan<\/strong> \u2014 il calore ardente del peperoncino, il pizzicore del pepe di Sichuan e i complessi strati di pasta di fagioli fermentati e aglio che definiscono l&#039;identit\u00e0 culinaria della regione.<\/p><p>I nostri chef, formati nelle tecniche tradizionali e ispirati dai mercati locali e dalle ricette di famiglia, creano piatti che sono entrambi <strong>audace ed equilibrato<\/strong>. Dal primo morso della nostra firma <strong>Mapo Tofu<\/strong> \u2014 tofu setoso in una salsa gorgogliante e piccante \u2014 alla profondit\u00e0 affumicata di <strong>Maiale cotto due volte<\/strong> e il croccante rinfrescante di <strong>Pollo sfilacciato con salsa all&#039;aglio<\/strong>, ogni piatto racconta la storia della vivace tradizione del cibo di strada di Chengdu e del calore della cucina casalinga.<\/p><p>Ma non ci fermiamo alla tradizione. Il nostro men\u00f9 comprende anche:<\/p><ul><li><strong>Interpretazioni moderne<\/strong> di piatti classici con impiattamento raffinato e ingredienti di prima qualit\u00e0<\/li><li><strong>Opzioni vegetariane e vegane<\/strong>, comprese le versioni vegetali dei prodotti base del Sichuan<\/li><li><strong>Selezioni senza glutine<\/strong> per gli ospiti con sensibilit\u00e0 alimentari<\/li><li><strong>Preferiti internazionali<\/strong> come colazioni occidentali, pasta e proteine grigliate, perfette per gli ospiti che cercano variet\u00e0<\/li><\/ul><p>Questa sapiente fusione garantisce che ogni commensale, che sia un buongustaio locale o un viaggiatore internazionale, trovi qualcosa da assaporare.<\/p><div class=\"py-2 my-3\"><hr \/><\/div><h3>\ud83c\udf7d\ufe0f Un&#039;esperienza culinaria pensata per il comfort e la connessione<\/h3><p>L&#039;atmosfera del ristorante riflette la stessa filosofia dell&#039;hotel: <strong>eleganza moderna con un&#039;anima di ospitalit\u00e0<\/strong>. Con luci soffuse, caldi accenti in legno e grandi finestre che lasciano entrare la luce naturale, lo spazio \u00e8 progettato per essere sia <strong>invitante e versatile<\/strong>.<\/p><ul><li><strong>Mattina<\/strong>: Inizia la giornata con un <strong>colazione a buffet deluxe<\/strong> con un&#039;ampia gamma di opzioni: dalle fumanti ciotole di congee, baozi e noodles dan dan alle uova strapazzate, pancetta, frutta fresca e pane artigianale.<\/li><li><strong>Pranzo<\/strong>: Godetevi un pranzo di lavoro veloce ma soddisfacente con il nostro <strong>menu fissi executive<\/strong>, ideale per i professionisti sempre in movimento.<\/li><li><strong>Cena<\/strong>: Gustatevi una cena tranquilla in un ambiente intimo e rilassato, perfetto per coppie, famiglie o commensali solitari in cerca di un momento di calma.<\/li><li><strong>Drink serali<\/strong>: Rilassatevi con un bicchiere di vino, un t\u00e8 locale o un cocktail esclusivo dal nostro men\u00f9 di bevande, servito nella tranquilla eleganza della sala da pranzo.<\/li><\/ul><p data-spm-anchor-id=\"a2ty_o01.29997173.0.i58.6fbec921UQIc0A\">Il ristorante \u00e8 anche <strong>aperto al pubblico<\/strong>, il che lo rende una scelta comoda e affidabile per la gente del posto che organizza riunioni, per le coppie che vogliono uscire insieme o per i visitatori che vogliono esplorare la scena culinaria di Chengdu oltre le strade.<\/p>\t\t\t\t\t\t\t\t<\/div>\n\t\t\t\t\t<\/div>\n\t\t\t\t<\/div>\n\t\t<div class=\"elementor-element elementor-element-ab14485 e-flex e-con-boxed e-con e-parent\" data-id=\"ab14485\" data-element_type=\"container\" data-e-type=\"container\">\n\t\t\t\t\t<div class=\"e-con-inner\">\n\t\t\t\t<div class=\"elementor-element elementor-element-f9cfd41 elementor-widget elementor-widget-nuss-image-gallery\" data-id=\"f9cfd41\" data-element_type=\"widget\" data-e-type=\"widget\" data-widget_type=\"nuss-image-gallery.default\">\n\t\t\t\t<div class=\"elementor-widget-container\">\n\t\t\t\t\t\t\t<div class=\"nuss-grid-wrapper\" data-grid=\"{&quot;type&quot;:&quot;grid&quot;,&quot;ratio&quot;:null,&quot;columns&quot;:3,&quot;gutter&quot;:30}\">\r\n\t\t\t<div class=\"nuss-grid lazy-grid\">\r\n\t\t\t\t<div class=\"grid-sizer\"><\/div>\r\n\r\n\t\t\t\t\t\t\t\t\t\t\t\t<div class=\"grid-item\">\r\n\t\t\t\t\t\t<div class=\"nuss-box\">\t\t<div class=\"nuss-image image\">\r\n\t\t\t<img decoding=\"async\"  src=\"https:\/\/celebrityruichenghotel.com\/wp-content\/uploads\/2025\/09\/Celebrity-Ruicheng-Hotel-88.webp\" alt=\"Celebrity Ruicheng Hotel (88)\" \/>\t\t<\/div>\r\n\t\t\t\t<\/div>\t\t\t\t\t<\/div>\r\n\t\t\t\t\t\t<div class=\"grid-item\">\r\n\t\t\t\t\t\t<div class=\"nuss-box\">\t\t<div class=\"nuss-image image\">\r\n\t\t\t<img decoding=\"async\"  src=\"https:\/\/celebrityruichenghotel.com\/wp-content\/uploads\/2025\/09\/Celebrity-Ruicheng-Hotel-86.webp\" alt=\"Celebrity Ruicheng Hotel (86)\" \/>\t\t<\/div>\r\n\t\t\t\t<\/div>\t\t\t\t\t<\/div>\r\n\t\t\t\t\t\t<div class=\"grid-item\">\r\n\t\t\t\t\t\t<div class=\"nuss-box\">\t\t<div class=\"nuss-image image\">\r\n\t\t\t<img decoding=\"async\"  src=\"https:\/\/celebrityruichenghotel.com\/wp-content\/uploads\/2025\/09\/Celebrity-Ruicheng-Hotel-85.webp\" alt=\"Celebrity Ruicheng Hotel (85)\" \/>\t\t<\/div>\r\n\t\t\t\t<\/div>\t\t\t\t\t<\/div>\r\n\t\t\t\t\t\t<div class=\"grid-item\">\r\n\t\t\t\t\t\t<div class=\"nuss-box\">\t\t<div class=\"nuss-image image\">\r\n\t\t\t<img decoding=\"async\"  src=\"https:\/\/celebrityruichenghotel.com\/wp-content\/uploads\/2025\/09\/Celebrity-Ruicheng-Hotel-84.webp\" alt=\"Celebrity Ruicheng Hotel (84)\" \/>\t\t<\/div>\r\n\t\t\t\t<\/div>\t\t\t\t\t<\/div>\r\n\t\t\t\t\t\t<div class=\"grid-item\">\r\n\t\t\t\t\t\t<div class=\"nuss-box\">\t\t<div class=\"nuss-image image\">\r\n\t\t\t<img decoding=\"async\"  src=\"https:\/\/celebrityruichenghotel.com\/wp-content\/uploads\/2025\/09\/Celebrity-Ruicheng-Hotel-83.webp\" alt=\"Celebrity Ruicheng Hotel (83)\" \/>\t\t<\/div>\r\n\t\t\t\t<\/div>\t\t\t\t\t<\/div>\r\n\t\t\t\t\t\t<div class=\"grid-item\">\r\n\t\t\t\t\t\t<div class=\"nuss-box\">\t\t<div class=\"nuss-image image\">\r\n\t\t\t<img decoding=\"async\"  src=\"https:\/\/celebrityruichenghotel.com\/wp-content\/uploads\/2025\/09\/Celebrity-Ruicheng-Hotel-82.webp\" alt=\"Celebrity Ruicheng Hotel (82)\" \/>\t\t<\/div>\r\n\t\t\t\t<\/div>\t\t\t\t\t<\/div>\r\n\t\t\t\t\t\t<div class=\"grid-item\">\r\n\t\t\t\t\t\t<div class=\"nuss-box\">\t\t<div class=\"nuss-image image\">\r\n\t\t\t<img decoding=\"async\"  src=\"https:\/\/celebrityruichenghotel.com\/wp-content\/uploads\/2025\/09\/Celebrity-Ruicheng-Hotel-31.webp\" alt=\"Celebrity Ruicheng Hotel (31)\" \/>\t\t<\/div>\r\n\t\t\t\t<\/div>\t\t\t\t\t<\/div>\r\n\t\t\t\t\t\t<div class=\"grid-item\">\r\n\t\t\t\t\t\t<div class=\"nuss-box\">\t\t<div class=\"nuss-image image\">\r\n\t\t\t<img decoding=\"async\"  src=\"https:\/\/celebrityruichenghotel.com\/wp-content\/uploads\/2025\/09\/Celebrity-Ruicheng-Hotel-32.webp\" alt=\"Celebrity Ruicheng Hotel (32)\" \/>\t\t<\/div>\r\n\t\t\t\t<\/div>\t\t\t\t\t<\/div>\r\n\t\t\t\t\t\t<div class=\"grid-item\">\r\n\t\t\t\t\t\t<div class=\"nuss-box\">\t\t<div class=\"nuss-image image\">\r\n\t\t\t<img decoding=\"async\"  src=\"https:\/\/celebrityruichenghotel.com\/wp-content\/uploads\/2025\/09\/Celebrity-Ruicheng-Hotel-33.webp\" alt=\"Celebrity Ruicheng Hotel (33)\" \/>\t\t<\/div>\r\n\t\t\t\t<\/div>\t\t\t\t\t<\/div>\r\n\t\t\t\t\t\t\t\r\n\t\t\t<\/div>\r\n\t\t<\/div>\r\n\t\t\t\t\t\t<\/div>\n\t\t\t\t<\/div>\n\t\t\t\t\t<\/div>\n\t\t\t\t<\/div>\n\t\t<div class=\"elementor-element elementor-element-a78b1f8 e-flex e-con-boxed e-con e-parent\" data-id=\"a78b1f8\" data-element_type=\"container\" data-e-type=\"container\">\n\t\t\t\t\t<div class=\"e-con-inner\">\n\t\t\t\t<div class=\"elementor-element elementor-element-ca7f6de elementor-widget elementor-widget-text-editor\" data-id=\"ca7f6de\" data-element_type=\"widget\" data-e-type=\"widget\" data-widget_type=\"text-editor.default\">\n\t\t\t\t\t\t\t\t\t<h3 data-spm-anchor-id=\"a2ty_o01.29997173.0.i60.6fbec921UQIc0A\">\ud83c\udf3f Servizio attento e pratiche sostenibili<\/h3><p>Il cuore del nostro ristorante \u00e8 un team di <strong>professionisti dedicati alla cucina e al servizio<\/strong> che credono che il buon cibo sia solo una parte dell&#039;esperienza. Dal caloroso benvenuto all&#039;ingresso al servizio attento ma discreto, ogni interazione \u00e8 progettata per farti sentire <strong>apprezzato e a suo agio<\/strong>.<\/p><p>Diamo priorit\u00e0 anche <strong>sostenibilit\u00e0 e qualit\u00e0<\/strong>:<\/p><ul><li>Gli ingredienti provengono da <strong>fattorie e mercati locali<\/strong> per garantire la freschezza e sostenere l&#039;economia regionale.<\/li><li>Noi usiamo <strong>imballaggi ecologici<\/strong> per ordini da asporto.<\/li><li>Le nostre pratiche in cucina <strong>gestione responsabile dei rifiuti<\/strong> e l&#039;efficienza energetica.<\/li><\/ul><p>Questo impegno a <strong>ospitalit\u00e0 etica<\/strong> garantisce che il tuo pasto non solo abbia un buon sapore, ma che ti faccia anche sentire bene.<\/p><div class=\"py-2 my-3\"><hr \/><\/div><h3>\ud83d\udccd Una posizione privilegiata per gli amanti del cibo e i viaggiatori<\/h3><p>Situato nel cuore di <strong>Distretto di Qingyang<\/strong>, il nostro ristorante \u00e8 a pochi passi dai principali punti di riferimento:<\/p><ul><li><strong>Parco Renmin e Monastero Wenshu<\/strong> \u2013 10 minuti di auto<\/li><li><strong>Vicolo Kuanzhai (vicoli larghi e stretti)<\/strong> \u2013 15 minuti in taxi<\/li><li><strong>Zona ad alta tecnologia di Chengdu<\/strong> \u2013 a 10 minuti di distanza<\/li><li><strong>Stazione della metropolitana di Qingjiang Road (linea 4)<\/strong> \u2013 a soli 7 minuti a piedi<\/li><\/ul><p>Questo fa <strong>Il ristorante del Celebrity Ruicheng Hotel<\/strong> una tappa ideale per:<\/p><ul><li><strong>Viaggiatori d&#039;affari<\/strong> hai bisogno di uno spazio ristorazione affidabile e professionale<\/li><li><strong>Turisti<\/strong> alla ricerca di autentico cibo del Sichuan in un ambiente pulito e confortevole<\/li><li><strong>Ospiti locali<\/strong> alla ricerca di un pasto tranquillo e di alta qualit\u00e0 senza il caos delle bancarelle affollate<\/li><\/ul><div class=\"py-2 my-3\"><hr \/><\/div><h3>\ud83e\udd62 Pi\u00f9 di un pasto: un assaggio dello spirito di Chengdu<\/h3><p>In una citt\u00e0 dove il cibo \u00e8 vita, <strong>Il ristorante del Celebrity Ruicheng Hotel<\/strong> \u00e8 un omaggio all&#039;anima culinaria di Chengdu: ardente, accogliente e infinitamente deliziosa. Non serviamo solo cibo; condividiamo cultura, comfort e connessione, un piatto alla volta.<\/p><p>Che siate ospiti o semplicemente di passaggio, vi invitiamo a sedervi, sorseggiare una tazza di t\u00e8 al gelsomino e lasciare che i sapori del Sichuan riscaldino il vostro spirito.<\/p><div class=\"py-2 my-3\"><hr \/><\/div><p><strong>Cena con noi oggi<\/strong><br \/>\ud83d\udccd <strong>Posizione<\/strong>: 68 Sezione 2 Middle People&#039;s Road, Distretto di Qingyang, Chengdu, Sichuan, 610061, Cina<br \/>\ud83d\udd52 <strong>Ore<\/strong>: Aperto tutti i giorni dalle <strong>7:00 \u2013 22:00<\/strong> (Colazione, Pranzo, Cena)<br \/>\ud83d\udcde <strong>Chiamaci<\/strong>: +862888033333<br \/>\ud83c\udf7d\ufe0f <strong>Si consiglia la prenotazione<\/strong>: Disponibile per gli ospiti interni e walk-in<\/p><p>#Celebrit\u00e0RuichengHotel #ChengduRistorante #SichuanCucina #HotelRistoranteChengdu #Miglior ristoranteQingyang #MapoTofuChengdu #AffariPranzoChengdu #VegetarianoSichuan #ChengduEsperienza gastronomica #Scena sostenibile #Lapori localiChengdu #Celebra Chengdu<\/p><div class=\"my-2\">\u00a0<\/div><div class=\"py-2 my-3\"><hr \/><\/div><div class=\"my-2\">\u00a0<\/div><p data-spm-anchor-id=\"a2ty_o01.29997173.0.i61.6fbec921UQIc0A\"><strong>Al Celebrity Ruicheng Hotel, ogni pasto \u00e8 una celebrazione del sapore, del luogo e dello scopo.<\/strong><\/p>\t\t\t\t\t\t\t\t<\/div>\n\t\t\t\t\t<\/div>\n\t\t\t\t<\/div>\n\t\t\t\t<section class=\"elementor-section elementor-top-section elementor-element elementor-element-496268c7 elementor-section-stretched elementor-section-boxed elementor-section-gap-beside-yes elementor-section-height-default elementor-section-height-default elementor-section-column-vertical-align-stretch\" data-id=\"496268c7\" data-element_type=\"section\" data-e-type=\"section\" data-settings=\"{&quot;background_background&quot;:&quot;classic&quot;,&quot;stretch_section&quot;:&quot;section-stretched&quot;}\">\n\t\t\t\t\t\t<div class=\"elementor-container elementor-column-gap-extended\">\n\t\t\t\t\t<div class=\"elementor-column elementor-col-100 elementor-top-column elementor-element elementor-element-4960e8a7\" data-id=\"4960e8a7\" data-element_type=\"column\" data-e-type=\"column\">\n\t\t\t<div class=\"elementor-widget-wrap elementor-element-populated\">\n\t\t\t\t\t\t<div class=\"elementor-element elementor-element-6c0275d3 elementor-widget elementor-widget-heading\" data-id=\"6c0275d3\" data-element_type=\"widget\" data-e-type=\"widget\" data-widget_type=\"heading.default\">\n\t\t\t\t\t<h2 class=\"elementor-heading-title elementor-size-default\">Controlla disponibile <\/h2>\t\t\t\t<\/div>\n\t\t\t\t<div class=\"elementor-element elementor-element-65f543bd elementor-widget elementor-widget-text-editor\" data-id=\"65f543bd\" data-element_type=\"widget\" data-e-type=\"widget\" data-widget_type=\"text-editor.default\">\n\t\t\t\t\t\t\t\t\t<iframe border=\"0\" src=\"https:\/\/www.trip.com\/partners\/ad\/S5166506?Allianceid=4590391&#038;SID=255085608&#038;trip_sub1=\" style=\"width:900px;height:200px\" frameborder=\"0\" scrolling=\"no\" id=\"S5166506\"><\/iframe>\t\t\t\t\t\t\t\t<\/div>\n\t\t\t\t\t<\/div>\n\t\t<\/div>\n\t\t\t\t\t<\/div>\n\t\t<\/section>\n\t\t\t\t<\/div>","protected":false},"excerpt":{"rendered":"<p>Feeling healthy and well is not a luxury but an absolute necessity. Heal both your soul and body with our miraculous treatments and return home as a new person, calm and refreshed. Opening Dates Monday &#8211; Sunday Opening Hours 06:00 am &#8211; 22:30 pm Price Range $50 &#8211; $450 Book A Table Or calll us: [&hellip;]<\/p>\n","protected":false},"author":1,"featured_media":0,"parent":0,"menu_order":0,"comment_status":"closed","ping_status":"closed","template":"","meta":{"footnotes":""},"class_list":["post-612","page","type-page","status-publish","hentry","post-no-thumbnail"],"_links":{"self":[{"href":"https:\/\/celebrityruichenghotel.com\/it\/wp-json\/wp\/v2\/pages\/612","targetHints":{"allow":["GET"]}}],"collection":[{"href":"https:\/\/celebrityruichenghotel.com\/it\/wp-json\/wp\/v2\/pages"}],"about":[{"href":"https:\/\/celebrityruichenghotel.com\/it\/wp-json\/wp\/v2\/types\/page"}],"author":[{"embeddable":true,"href":"https:\/\/celebrityruichenghotel.com\/it\/wp-json\/wp\/v2\/users\/1"}],"replies":[{"embeddable":true,"href":"https:\/\/celebrityruichenghotel.com\/it\/wp-json\/wp\/v2\/comments?post=612"}],"version-history":[{"count":0,"href":"https:\/\/celebrityruichenghotel.com\/it\/wp-json\/wp\/v2\/pages\/612\/revisions"}],"wp:attachment":[{"href":"https:\/\/celebrityruichenghotel.com\/it\/wp-json\/wp\/v2\/media?parent=612"}],"curies":[{"name":"parola chiave","href":"https:\/\/api.w.org\/{rel}","templated":true}]}}