{"id":612,"date":"2021-03-26T10:04:13","date_gmt":"2021-03-26T10:04:13","guid":{"rendered":"http:\/\/localhost\/nuss\/?page_id=612"},"modified":"2025-09-02T15:54:29","modified_gmt":"2025-09-02T15:54:29","slug":"restaurant","status":"publish","type":"page","link":"https:\/\/celebrityruichenghotel.com\/fr\/restaurant\/","title":{"rendered":"Restaurant"},"content":{"rendered":"<div data-elementor-type=\"wp-page\" data-elementor-id=\"612\" class=\"elementor elementor-612\">\n\t\t\t\t\t\t<section class=\"elementor-section elementor-top-section elementor-element elementor-element-e2effe8 elementor-section-boxed elementor-section-gap-beside-yes elementor-section-height-default elementor-section-height-default elementor-section-column-vertical-align-stretch\" data-id=\"e2effe8\" data-element_type=\"section\" data-e-type=\"section\">\n\t\t\t\t\t\t<div class=\"elementor-container elementor-column-gap-extended\">\n\t\t\t\t\t<div class=\"elementor-column elementor-col-100 elementor-top-column elementor-element elementor-element-e18f688\" data-id=\"e18f688\" data-element_type=\"column\" data-e-type=\"column\">\n\t\t\t<div class=\"elementor-widget-wrap elementor-element-populated\">\n\t\t\t\t\t\t<div class=\"elementor-element elementor-element-6db146d elementor-widget__width-initial elementor-invisible elementor-widget elementor-widget-text-editor\" data-id=\"6db146d\" data-element_type=\"widget\" data-e-type=\"widget\" data-settings=\"{&quot;_animation&quot;:&quot;nussFadeInUp&quot;}\" data-widget_type=\"text-editor.default\">\n\t\t\t\t\t\t\t\t\t<p><strong data-spm-anchor-id=\"a2ty_o01.29997173.0.i55.6fbec921UQIc0A\">D\u00e9couvrez saveurs et \u00e9l\u00e9gance au restaurant de l&#039;h\u00f4tel Celebrity Ruicheng \u2013 un joyau culinaire au c\u0153ur de Chengdu<\/strong><\/p>\t\t\t\t\t\t\t\t<\/div>\n\t\t\t\t\t<\/div>\n\t\t<\/div>\n\t\t\t\t\t<\/div>\n\t\t<\/section>\n\t\t<div class=\"elementor-element elementor-element-04ac4b7 e-flex e-con-boxed e-con e-parent\" data-id=\"04ac4b7\" data-element_type=\"container\" data-e-type=\"container\">\n\t\t\t\t\t<div class=\"e-con-inner\">\n\t\t\t\t<div class=\"elementor-element elementor-element-192884a elementor-widget elementor-widget-nuss-image-gallery\" data-id=\"192884a\" data-element_type=\"widget\" data-e-type=\"widget\" data-widget_type=\"nuss-image-gallery.default\">\n\t\t\t\t<div class=\"elementor-widget-container\">\n\t\t\t\t\t\t\t<div class=\"nuss-grid-wrapper\" data-grid=\"{&quot;type&quot;:&quot;grid&quot;,&quot;ratio&quot;:null,&quot;columns&quot;:3,&quot;gutter&quot;:30}\">\r\n\t\t\t<div class=\"nuss-grid lazy-grid\">\r\n\t\t\t\t<div class=\"grid-sizer\"><\/div>\r\n\r\n\t\t\t\t\t\t\t\t\t\t\t\t<div class=\"grid-item\">\r\n\t\t\t\t\t\t<div class=\"nuss-box\">\t\t<div class=\"nuss-image image\">\r\n\t\t\t<img decoding=\"async\"  src=\"https:\/\/celebrityruichenghotel.com\/wp-content\/uploads\/2025\/09\/Celebrity-Ruicheng-Hotel-174.webp\" alt=\"H\u00f4tel Celebrity Ruicheng (174)\" \/>\t\t<\/div>\r\n\t\t\t\t<\/div>\t\t\t\t\t<\/div>\r\n\t\t\t\t\t\t<div class=\"grid-item\">\r\n\t\t\t\t\t\t<div class=\"nuss-box\">\t\t<div class=\"nuss-image image\">\r\n\t\t\t<img decoding=\"async\"  src=\"https:\/\/celebrityruichenghotel.com\/wp-content\/uploads\/2025\/09\/Celebrity-Ruicheng-Hotel-175.webp\" alt=\"H\u00f4tel Celebrity Ruicheng (175)\" \/>\t\t<\/div>\r\n\t\t\t\t<\/div>\t\t\t\t\t<\/div>\r\n\t\t\t\t\t\t<div class=\"grid-item\">\r\n\t\t\t\t\t\t<div class=\"nuss-box\">\t\t<div class=\"nuss-image image\">\r\n\t\t\t<img decoding=\"async\"  src=\"https:\/\/celebrityruichenghotel.com\/wp-content\/uploads\/2025\/09\/Celebrity-Ruicheng-Hotel-176.webp\" alt=\"H\u00f4tel Celebrity Ruicheng (176)\" \/>\t\t<\/div>\r\n\t\t\t\t<\/div>\t\t\t\t\t<\/div>\r\n\t\t\t\t\t\t<div class=\"grid-item\">\r\n\t\t\t\t\t\t<div class=\"nuss-box\">\t\t<div class=\"nuss-image image\">\r\n\t\t\t<img decoding=\"async\"  src=\"https:\/\/celebrityruichenghotel.com\/wp-content\/uploads\/2025\/09\/Celebrity-Ruicheng-Hotel-177.webp\" alt=\"H\u00f4tel Celebrity Ruicheng (177)\" \/>\t\t<\/div>\r\n\t\t\t\t<\/div>\t\t\t\t\t<\/div>\r\n\t\t\t\t\t\t<div class=\"grid-item\">\r\n\t\t\t\t\t\t<div class=\"nuss-box\">\t\t<div class=\"nuss-image image\">\r\n\t\t\t<img decoding=\"async\"  src=\"https:\/\/celebrityruichenghotel.com\/wp-content\/uploads\/2025\/09\/Celebrity-Ruicheng-Hotel-178.webp\" alt=\"H\u00f4tel Celebrity Ruicheng (178)\" \/>\t\t<\/div>\r\n\t\t\t\t<\/div>\t\t\t\t\t<\/div>\r\n\t\t\t\t\t\t<div class=\"grid-item\">\r\n\t\t\t\t\t\t<div class=\"nuss-box\">\t\t<div class=\"nuss-image image\">\r\n\t\t\t<img decoding=\"async\"  src=\"https:\/\/celebrityruichenghotel.com\/wp-content\/uploads\/2025\/09\/Celebrity-Ruicheng-Hotel-180.webp\" alt=\"H\u00f4tel Celebrity Ruicheng (180)\" \/>\t\t<\/div>\r\n\t\t\t\t<\/div>\t\t\t\t\t<\/div>\r\n\t\t\t\t\t\t\t\r\n\t\t\t<\/div>\r\n\t\t<\/div>\r\n\t\t\t\t\t\t<\/div>\n\t\t\t\t<\/div>\n\t\t\t\t\t<\/div>\n\t\t\t\t<\/div>\n\t\t<div class=\"elementor-element elementor-element-c16f629 e-flex e-con-boxed e-con e-parent\" data-id=\"c16f629\" data-element_type=\"container\" data-e-type=\"container\">\n\t\t\t\t\t<div class=\"e-con-inner\">\n\t\t\t\t<div class=\"elementor-element elementor-element-2b00fa0 elementor-widget elementor-widget-text-editor\" data-id=\"2b00fa0\" data-element_type=\"widget\" data-e-type=\"widget\" data-widget_type=\"text-editor.default\">\n\t\t\t\t\t\t\t\t\t<p>Nich\u00e9 au c\u0153ur de la vibrante <strong>District de Qingyang<\/strong> de <strong>Chengdu, Sichuan<\/strong>, <strong>Le restaurant de l&#039;h\u00f4tel Celebrity Ruicheng<\/strong> Il offre bien plus qu&#039;un simple repas : il vous invite \u00e0 un voyage culinaire raffin\u00e9 qui c\u00e9l\u00e8bre l&#039;\u00e2me audacieuse de la cuisine sichuanaise tout en embrassant l&#039;\u00e9l\u00e9gance de l&#039;hospitalit\u00e9 moderne. Situ\u00e9 \u00e0 <strong>68, section 2, route du peuple interm\u00e9diaire (Renmin Zhong Lu Er Duan)<\/strong>, notre restaurant sur place est con\u00e7u pour les clients et les visiteurs qui recherchent <strong>Des saveurs authentiques, une ambiance sereine et une exp\u00e9rience gastronomique inoubliable<\/strong> \u2014 le tout dans le confort d&#039;un h\u00f4tel \u00e9l\u00e9gant et contemporain.<\/p><p>Que vous commenciez votre journ\u00e9e par un petit-d\u00e9jeuner nourrissant, que vous vous d\u00e9tendiez apr\u00e8s une journ\u00e9e charg\u00e9e avec un d\u00eener r\u00e9confortant, ou que vous receviez un partenaire d&#039;affaires pour une conversation enrichissante autour de sp\u00e9cialit\u00e9s locales, notre restaurant est votre porte d&#039;entr\u00e9e vers le monde riche et aromatique de la culture culinaire du Sichuan \u2014 r\u00e9invent\u00e9e avec soin, qualit\u00e9 et sophistication internationale.<\/p><div class=\"py-2 my-3\"><hr \/><\/div><h3>\ud83c\udf5c Une c\u00e9l\u00e9bration de la cuisine l\u00e9gendaire du Sichuan<\/h3><p>Chengdu est mondialement reconnue comme une <strong>Ville UNESCO de la gastronomie<\/strong>, et \u00e0 <strong>H\u00f4tel Celebrity Ruicheng<\/strong>, nous honorons cet h\u00e9ritage avec un menu profond\u00e9ment enracin\u00e9 dans <strong>saveurs authentiques du Sichuan<\/strong> \u2014 la chaleur ardente du piment, le picotement du poivre du Sichuan et les couches complexes de p\u00e2te de haricots ferment\u00e9e et d&#039;ail qui d\u00e9finissent l&#039;identit\u00e9 culinaire de la r\u00e9gion.<\/p><p>Nos chefs, form\u00e9s aux techniques traditionnelles et inspir\u00e9s par les march\u00e9s locaux et les recettes familiales, \u00e9laborent des plats \u00e0 la fois <strong>audacieux et \u00e9quilibr\u00e9<\/strong>. D\u00e8s la premi\u00e8re bouch\u00e9e de notre sp\u00e9cialit\u00e9 <strong>Tofu Mapo<\/strong> \u2014 du tofu soyeux dans une sauce bouillonnante et incroyablement \u00e9pic\u00e9e \u2014 jusqu&#039;\u00e0 la profondeur fum\u00e9e de <strong>Porc cuit deux fois<\/strong> et le croquant rafra\u00eechissant de <strong>Poulet effiloch\u00e9 \u00e0 la sauce \u00e0 l&#039;ail<\/strong>, Chaque plat raconte une histoire du riche patrimoine culinaire de rue de Chengdu et de la chaleur des plats faits maison.<\/p><p>Mais nous ne nous arr\u00eatons pas \u00e0 la tradition. Notre menu propose \u00e9galement\u00a0:<\/p><ul><li><strong>Interpr\u00e9tations modernes<\/strong> des plats classiques avec un dressage raffin\u00e9 et des ingr\u00e9dients de premi\u00e8re qualit\u00e9<\/li><li><strong>Options v\u00e9g\u00e9tariennes et v\u00e9g\u00e9taliennes<\/strong>, y compris des versions v\u00e9g\u00e9tales des plats traditionnels du Sichuan<\/li><li><strong>S\u00e9lection sans gluten<\/strong> pour les clients ayant des sensibilit\u00e9s alimentaires<\/li><li><strong>Favoris internationaux<\/strong> comme les petits d\u00e9jeuners occidentaux, les p\u00e2tes et les prot\u00e9ines grill\u00e9es \u2014 parfait pour les invit\u00e9s en qu\u00eate de vari\u00e9t\u00e9<\/li><\/ul><p>Cette fusion judicieuse garantit que chaque convive, qu&#039;il soit un fin gourmet local ou un voyageur international, trouvera quelque chose \u00e0 savourer.<\/p><div class=\"py-2 my-3\"><hr \/><\/div><h3>\ud83c\udf7d\ufe0f Une exp\u00e9rience culinaire con\u00e7ue pour le confort et le partage<\/h3><p>L&#039;ambiance du restaurant refl\u00e8te la m\u00eame philosophie que celle de l&#039;h\u00f4tel\u00a0: <strong>Une \u00e9l\u00e9gance moderne empreinte d&#039;hospitalit\u00e9<\/strong>. Avec un \u00e9clairage tamis\u00e9, des touches de bois chaleureux et de grandes fen\u00eatres laissant entrer la lumi\u00e8re naturelle, l&#039;espace est con\u00e7u pour \u00eatre \u00e0 la fois <strong>accueillant et polyvalent<\/strong>.<\/p><ul><li><strong>Matin<\/strong>Commencez votre journ\u00e9e par un <strong>buffet petit-d\u00e9jeuner de luxe<\/strong> proposant un large choix de plats, allant des bols fumants de congee, de baozi et de nouilles dan dan aux \u0153ufs brouill\u00e9s, au bacon, aux fruits frais et aux pains artisanaux.<\/li><li><strong>D\u00e9jeuner<\/strong>Savourez un d\u00e9jeuner d&#039;affaires rapide mais savoureux avec notre <strong>menus ex\u00e9cutifs<\/strong>, id\u00e9al pour les professionnels en d\u00e9placement.<\/li><li><strong>D\u00eener<\/strong>Savourez un d\u00eener tranquille dans un cadre intime et d\u00e9tendu \u2013 id\u00e9al pour les couples, les familles ou les personnes d\u00eenant seules \u00e0 la recherche d&#039;un moment de calme.<\/li><li><strong>Boissons du soir<\/strong>D\u00e9tendez-vous avec un verre de vin, un th\u00e9 local ou un cocktail signature de notre carte des boissons, servi dans l&#039;\u00e9l\u00e9gance discr\u00e8te de notre salon-restaurant.<\/li><\/ul><p data-spm-anchor-id=\"a2ty_o01.29997173.0.i58.6fbec921UQIc0A\">Le restaurant est \u00e9galement <strong>ouvert au public<\/strong>, ce qui en fait un choix pratique et fiable pour les habitants organisant des r\u00e9unions, les couples en rendez-vous galant ou les visiteurs explorant la sc\u00e8ne culinaire de Chengdu au-del\u00e0 des rues.<\/p>\t\t\t\t\t\t\t\t<\/div>\n\t\t\t\t\t<\/div>\n\t\t\t\t<\/div>\n\t\t<div class=\"elementor-element elementor-element-ab14485 e-flex e-con-boxed e-con e-parent\" data-id=\"ab14485\" data-element_type=\"container\" data-e-type=\"container\">\n\t\t\t\t\t<div class=\"e-con-inner\">\n\t\t\t\t<div class=\"elementor-element elementor-element-f9cfd41 elementor-widget elementor-widget-nuss-image-gallery\" data-id=\"f9cfd41\" data-element_type=\"widget\" data-e-type=\"widget\" data-widget_type=\"nuss-image-gallery.default\">\n\t\t\t\t<div class=\"elementor-widget-container\">\n\t\t\t\t\t\t\t<div class=\"nuss-grid-wrapper\" data-grid=\"{&quot;type&quot;:&quot;grid&quot;,&quot;ratio&quot;:null,&quot;columns&quot;:3,&quot;gutter&quot;:30}\">\r\n\t\t\t<div class=\"nuss-grid lazy-grid\">\r\n\t\t\t\t<div class=\"grid-sizer\"><\/div>\r\n\r\n\t\t\t\t\t\t\t\t\t\t\t\t<div class=\"grid-item\">\r\n\t\t\t\t\t\t<div class=\"nuss-box\">\t\t<div class=\"nuss-image image\">\r\n\t\t\t<img decoding=\"async\"  src=\"https:\/\/celebrityruichenghotel.com\/wp-content\/uploads\/2025\/09\/Celebrity-Ruicheng-Hotel-88.webp\" alt=\"H\u00f4tel Celebrity Ruicheng (88)\" \/>\t\t<\/div>\r\n\t\t\t\t<\/div>\t\t\t\t\t<\/div>\r\n\t\t\t\t\t\t<div class=\"grid-item\">\r\n\t\t\t\t\t\t<div class=\"nuss-box\">\t\t<div class=\"nuss-image image\">\r\n\t\t\t<img decoding=\"async\"  src=\"https:\/\/celebrityruichenghotel.com\/wp-content\/uploads\/2025\/09\/Celebrity-Ruicheng-Hotel-86.webp\" alt=\"H\u00f4tel Celebrity Ruicheng (86)\" \/>\t\t<\/div>\r\n\t\t\t\t<\/div>\t\t\t\t\t<\/div>\r\n\t\t\t\t\t\t<div class=\"grid-item\">\r\n\t\t\t\t\t\t<div class=\"nuss-box\">\t\t<div class=\"nuss-image image\">\r\n\t\t\t<img decoding=\"async\"  src=\"https:\/\/celebrityruichenghotel.com\/wp-content\/uploads\/2025\/09\/Celebrity-Ruicheng-Hotel-85.webp\" alt=\"H\u00f4tel Celebrity Ruicheng (85)\" \/>\t\t<\/div>\r\n\t\t\t\t<\/div>\t\t\t\t\t<\/div>\r\n\t\t\t\t\t\t<div class=\"grid-item\">\r\n\t\t\t\t\t\t<div class=\"nuss-box\">\t\t<div class=\"nuss-image image\">\r\n\t\t\t<img decoding=\"async\"  src=\"https:\/\/celebrityruichenghotel.com\/wp-content\/uploads\/2025\/09\/Celebrity-Ruicheng-Hotel-84.webp\" alt=\"H\u00f4tel Celebrity Ruicheng (84)\" \/>\t\t<\/div>\r\n\t\t\t\t<\/div>\t\t\t\t\t<\/div>\r\n\t\t\t\t\t\t<div class=\"grid-item\">\r\n\t\t\t\t\t\t<div class=\"nuss-box\">\t\t<div class=\"nuss-image image\">\r\n\t\t\t<img decoding=\"async\"  src=\"https:\/\/celebrityruichenghotel.com\/wp-content\/uploads\/2025\/09\/Celebrity-Ruicheng-Hotel-83.webp\" alt=\"H\u00f4tel Celebrity Ruicheng (83)\" \/>\t\t<\/div>\r\n\t\t\t\t<\/div>\t\t\t\t\t<\/div>\r\n\t\t\t\t\t\t<div class=\"grid-item\">\r\n\t\t\t\t\t\t<div class=\"nuss-box\">\t\t<div class=\"nuss-image image\">\r\n\t\t\t<img decoding=\"async\"  src=\"https:\/\/celebrityruichenghotel.com\/wp-content\/uploads\/2025\/09\/Celebrity-Ruicheng-Hotel-82.webp\" alt=\"H\u00f4tel Celebrity Ruicheng (82)\" \/>\t\t<\/div>\r\n\t\t\t\t<\/div>\t\t\t\t\t<\/div>\r\n\t\t\t\t\t\t<div class=\"grid-item\">\r\n\t\t\t\t\t\t<div class=\"nuss-box\">\t\t<div class=\"nuss-image image\">\r\n\t\t\t<img decoding=\"async\"  src=\"https:\/\/celebrityruichenghotel.com\/wp-content\/uploads\/2025\/09\/Celebrity-Ruicheng-Hotel-31.webp\" alt=\"H\u00f4tel Celebrity Ruicheng (31)\" \/>\t\t<\/div>\r\n\t\t\t\t<\/div>\t\t\t\t\t<\/div>\r\n\t\t\t\t\t\t<div class=\"grid-item\">\r\n\t\t\t\t\t\t<div class=\"nuss-box\">\t\t<div class=\"nuss-image image\">\r\n\t\t\t<img decoding=\"async\"  src=\"https:\/\/celebrityruichenghotel.com\/wp-content\/uploads\/2025\/09\/Celebrity-Ruicheng-Hotel-32.webp\" alt=\"H\u00f4tel Celebrity Ruicheng (32)\" \/>\t\t<\/div>\r\n\t\t\t\t<\/div>\t\t\t\t\t<\/div>\r\n\t\t\t\t\t\t<div class=\"grid-item\">\r\n\t\t\t\t\t\t<div class=\"nuss-box\">\t\t<div class=\"nuss-image image\">\r\n\t\t\t<img decoding=\"async\"  src=\"https:\/\/celebrityruichenghotel.com\/wp-content\/uploads\/2025\/09\/Celebrity-Ruicheng-Hotel-33.webp\" alt=\"H\u00f4tel Celebrity Ruicheng (33)\" \/>\t\t<\/div>\r\n\t\t\t\t<\/div>\t\t\t\t\t<\/div>\r\n\t\t\t\t\t\t\t\r\n\t\t\t<\/div>\r\n\t\t<\/div>\r\n\t\t\t\t\t\t<\/div>\n\t\t\t\t<\/div>\n\t\t\t\t\t<\/div>\n\t\t\t\t<\/div>\n\t\t<div class=\"elementor-element elementor-element-a78b1f8 e-flex e-con-boxed e-con e-parent\" data-id=\"a78b1f8\" data-element_type=\"container\" data-e-type=\"container\">\n\t\t\t\t\t<div class=\"e-con-inner\">\n\t\t\t\t<div class=\"elementor-element elementor-element-ca7f6de elementor-widget elementor-widget-text-editor\" data-id=\"ca7f6de\" data-element_type=\"widget\" data-e-type=\"widget\" data-widget_type=\"text-editor.default\">\n\t\t\t\t\t\t\t\t\t<h3 data-spm-anchor-id=\"a2ty_o01.29997173.0.i60.6fbec921UQIc0A\">\ud83c\udf3f Service attentionn\u00e9 et pratiques durables<\/h3><p>Au c\u0153ur de notre restaurant se trouve une \u00e9quipe de <strong>professionnels d\u00e9vou\u00e9s de la cuisine et du service<\/strong> qui pensent qu&#039;une excellente cuisine ne repr\u00e9sente qu&#039;une partie de l&#039;exp\u00e9rience. De l&#039;accueil chaleureux \u00e0 la porte au service attentif et discret, chaque interaction est con\u00e7ue pour vous faire sentir <strong>valoris\u00e9 et \u00e0 l&#039;aise<\/strong>.<\/p><p>Nous accordons \u00e9galement la priorit\u00e9 \u00e0 <strong>durabilit\u00e9 et qualit\u00e9<\/strong>:<\/p><ul><li>Les ingr\u00e9dients proviennent de <strong>fermes et march\u00e9s locaux<\/strong> pour garantir la fra\u00eecheur et soutenir l&#039;\u00e9conomie r\u00e9gionale.<\/li><li>Nous utilisons <strong>emballage \u00e9cologique<\/strong> pour les commandes \u00e0 emporter.<\/li><li>Nos pratiques culinaires <strong>gestion responsable des d\u00e9chets<\/strong> et l&#039;efficacit\u00e9 \u00e9nerg\u00e9tique.<\/li><\/ul><p>Cet engagement envers <strong>L&#039;hospitalit\u00e9 \u00e9thique, c&#039;est aussi l&#039;hospitalit\u00e9 responsable. Elle est fond\u00e9e sur le principe de l&#039;hospitalit\u00e9 \u00e9thique, et elle<\/strong> garantit que votre repas est non seulement d\u00e9licieux, mais aussi agr\u00e9able \u00e0 manger.<\/p><div class=\"py-2 my-3\"><hr \/><\/div><h3>\ud83d\udccd Un emplacement de choix pour les gourmets et les voyageurs<\/h3><p>Situ\u00e9 au c\u0153ur de <strong>District de Qingyang<\/strong>, notre restaurant est situ\u00e9 \u00e0 deux pas des principaux sites touristiques\u00a0:<\/p><ul><li><strong>Parc Renmin et monast\u00e8re de Wenshu<\/strong> \u2013 10 minutes en voiture<\/li><li><strong>Ruelle Kuanzhai (Roulettes larges et \u00e9troites)<\/strong> \u2013 15 minutes en taxi<\/li><li><strong>Zone de haute technologie de Chengdu<\/strong> \u2013 \u00e0 10 minutes<\/li><li><strong>Station de m\u00e9tro Qingjiang Road (Ligne 4)<\/strong> \u2013 \u00e0 seulement 7 minutes \u00e0 pied<\/li><\/ul><p>Cela rend <strong>Le restaurant de l&#039;h\u00f4tel Celebrity Ruicheng<\/strong> une halte id\u00e9ale pour :<\/p><ul><li><strong>voyageurs d&#039;affaires<\/strong> besoin d&#039;un espace de restauration fiable et professionnel<\/li><li><strong>Les touristes<\/strong> \u00e0 la recherche d&#039;une cuisine sichuanaise authentique dans un environnement propre et confortable<\/li><li><strong>Les clients locaux<\/strong> \u00e0 la recherche d&#039;un repas calme et de qualit\u00e9, loin du chaos des stands de rue bond\u00e9s<\/li><\/ul><div class=\"py-2 my-3\"><hr \/><\/div><h3>\ud83e\udd62 Plus qu&#039;un repas \u2014 Un avant-go\u00fbt de l&#039;esprit de Chengdu<\/h3><p>Dans une ville o\u00f9 la nourriture est essentielle \u00e0 la vie, <strong>Le restaurant de l&#039;h\u00f4tel Celebrity Ruicheng<\/strong> Ce lieu rend hommage \u00e0 l&#039;\u00e2me culinaire de Chengdu\u00a0: passionn\u00e9e, chaleureuse et infiniment savoureuse. Nous ne servons pas seulement des plats\u00a0; nous partageons culture, convivialit\u00e9 et lien social, un plat \u00e0 la fois.<\/p><p>Que vous s\u00e9journiez chez nous ou que vous soyez simplement de passage, nous vous invitons \u00e0 prendre place, \u00e0 siroter une tasse de th\u00e9 au jasmin et \u00e0 laisser les saveurs du Sichuan r\u00e9chauffer votre esprit.<\/p><div class=\"py-2 my-3\"><hr \/><\/div><p><strong>Venez d\u00eener chez nous aujourd&#039;hui<\/strong><br \/>\ud83d\udccd <strong>Emplacement<\/strong>68, Section 2, Route du Peuple du Milieu, District de Qingyang, Chengdu, Sichuan, 610061, Chine<br \/>\ud83d\udd52 <strong>Heures<\/strong>Ouvert tous les jours \u00e0 partir de <strong>7h00 \u2013 22h00<\/strong> (Petit-d\u00e9jeuner, d\u00e9jeuner, d\u00eener)<br \/>\ud83d\udcde <strong>Appelez-nous<\/strong>: +862888033333<br \/>\ud83c\udf7d\ufe0f <strong>R\u00e9servation recommand\u00e9e<\/strong>: Disponible pour les clients de l&#039;h\u00f4tel et les clients de passage<\/p><p>#C\u00e9l\u00e9brit\u00e9RuichengH\u00f4tel #ChengduRestaurant #SichuanCuisine #H\u00f4telD\u00eenerChengdu #BestRestaurantQingyang #MapoTofuChengdu #BaffairesD\u00e9jeunerChengdu #V\u00e9g\u00e9tarienSichuan #ChengduFoodExperience #SustainableDining #SaveursLocalesChengdu #C\u00e9l\u00e9brerChengdu<\/p><div class=\"my-2\">\u00a0<\/div><div class=\"py-2 my-3\"><hr \/><\/div><div class=\"my-2\">\u00a0<\/div><p data-spm-anchor-id=\"a2ty_o01.29997173.0.i61.6fbec921UQIc0A\"><strong>\u00c0 l&#039;h\u00f4tel Celebrity Ruicheng, chaque repas est une c\u00e9l\u00e9bration des saveurs, du lieu et du but.<\/strong><\/p>\t\t\t\t\t\t\t\t<\/div>\n\t\t\t\t\t<\/div>\n\t\t\t\t<\/div>\n\t\t\t\t<section class=\"elementor-section elementor-top-section elementor-element elementor-element-496268c7 elementor-section-stretched elementor-section-boxed elementor-section-gap-beside-yes elementor-section-height-default elementor-section-height-default elementor-section-column-vertical-align-stretch\" data-id=\"496268c7\" data-element_type=\"section\" data-e-type=\"section\" data-settings=\"{&quot;background_background&quot;:&quot;classic&quot;,&quot;stretch_section&quot;:&quot;section-stretched&quot;}\">\n\t\t\t\t\t\t<div class=\"elementor-container elementor-column-gap-extended\">\n\t\t\t\t\t<div class=\"elementor-column elementor-col-100 elementor-top-column elementor-element elementor-element-4960e8a7\" data-id=\"4960e8a7\" data-element_type=\"column\" data-e-type=\"column\">\n\t\t\t<div class=\"elementor-widget-wrap elementor-element-populated\">\n\t\t\t\t\t\t<div class=\"elementor-element elementor-element-6c0275d3 elementor-widget elementor-widget-heading\" data-id=\"6c0275d3\" data-element_type=\"widget\" data-e-type=\"widget\" data-widget_type=\"heading.default\">\n\t\t\t\t\t<h2 class=\"elementor-heading-title elementor-size-default\">Ch\u00e8que disponible <\/h2>\t\t\t\t<\/div>\n\t\t\t\t<div class=\"elementor-element elementor-element-65f543bd elementor-widget elementor-widget-text-editor\" data-id=\"65f543bd\" data-element_type=\"widget\" data-e-type=\"widget\" data-widget_type=\"text-editor.default\">\n\t\t\t\t\t\t\t\t\t<iframe border=\"0\" src=\"https:\/\/www.trip.com\/partners\/ad\/S5166506?Allianceid=4590391&#038;SID=255085608&#038;trip_sub1=\" style=\"width:900px;height:200px\" frameborder=\"0\" scrolling=\"no\" id=\"S5166506\"><\/iframe>\t\t\t\t\t\t\t\t<\/div>\n\t\t\t\t\t<\/div>\n\t\t<\/div>\n\t\t\t\t\t<\/div>\n\t\t<\/section>\n\t\t\t\t<\/div>","protected":false},"excerpt":{"rendered":"<p>Feeling healthy and well is not a luxury but an absolute necessity. Heal both your soul and body with our miraculous treatments and return home as a new person, calm and refreshed. Opening Dates Monday &#8211; Sunday Opening Hours 06:00 am &#8211; 22:30 pm Price Range $50 &#8211; $450 Book A Table Or calll us: [&hellip;]<\/p>\n","protected":false},"author":1,"featured_media":0,"parent":0,"menu_order":0,"comment_status":"closed","ping_status":"closed","template":"","meta":{"footnotes":""},"class_list":["post-612","page","type-page","status-publish","hentry","post-no-thumbnail"],"_links":{"self":[{"href":"https:\/\/celebrityruichenghotel.com\/fr\/wp-json\/wp\/v2\/pages\/612","targetHints":{"allow":["GET"]}}],"collection":[{"href":"https:\/\/celebrityruichenghotel.com\/fr\/wp-json\/wp\/v2\/pages"}],"about":[{"href":"https:\/\/celebrityruichenghotel.com\/fr\/wp-json\/wp\/v2\/types\/page"}],"author":[{"embeddable":true,"href":"https:\/\/celebrityruichenghotel.com\/fr\/wp-json\/wp\/v2\/users\/1"}],"replies":[{"embeddable":true,"href":"https:\/\/celebrityruichenghotel.com\/fr\/wp-json\/wp\/v2\/comments?post=612"}],"version-history":[{"count":0,"href":"https:\/\/celebrityruichenghotel.com\/fr\/wp-json\/wp\/v2\/pages\/612\/revisions"}],"wp:attachment":[{"href":"https:\/\/celebrityruichenghotel.com\/fr\/wp-json\/wp\/v2\/media?parent=612"}],"curies":[{"name":"wp","href":"https:\/\/api.w.org\/{rel}","templated":true}]}}