{"id":5266,"date":"2021-07-18T08:03:35","date_gmt":"2021-07-18T08:03:35","guid":{"rendered":"https:\/\/nuss.uxper.co\/luxury-resort\/?page_id=5266"},"modified":"2025-09-02T14:39:00","modified_gmt":"2025-09-02T14:39:00","slug":"a-propos-de-nous","status":"publish","type":"page","link":"https:\/\/celebrityruichenghotel.com\/fr\/about-us\/","title":{"rendered":"\u00c0 propos de nous"},"content":{"rendered":"<div data-elementor-type=\"wp-page\" data-elementor-id=\"5266\" class=\"elementor elementor-5266\">\n\t\t\t\t\t\t<section class=\"elementor-section elementor-top-section elementor-element elementor-element-10416953 elementor-section-boxed elementor-section-gap-beside-yes elementor-section-height-default elementor-section-height-default elementor-section-column-vertical-align-stretch\" data-id=\"10416953\" data-element_type=\"section\" data-e-type=\"section\">\n\t\t\t\t\t\t<div class=\"elementor-container elementor-column-gap-extended\">\n\t\t\t\t\t<div class=\"elementor-column elementor-col-100 elementor-top-column elementor-element elementor-element-29c6aa8\" data-id=\"29c6aa8\" data-element_type=\"column\" data-e-type=\"column\">\n\t\t\t<div class=\"elementor-widget-wrap elementor-element-populated\">\n\t\t\t\t\t\t<div class=\"elementor-element elementor-element-7be18fe7 elementor-widget__width-initial elementor-invisible elementor-widget elementor-widget-text-editor\" data-id=\"7be18fe7\" data-element_type=\"widget\" data-e-type=\"widget\" data-settings=\"{&quot;_animation&quot;:&quot;nussFadeInUp&quot;}\" data-widget_type=\"text-editor.default\">\n\t\t\t\t\t\t\t\t\t<h3>Bienvenue \u00e0 l&#039;h\u00f4tel Celebrity Ruicheng<\/h3>\t\t\t\t\t\t\t\t<\/div>\n\t\t\t\t\t<\/div>\n\t\t<\/div>\n\t\t\t\t\t<\/div>\n\t\t<\/section>\n\t\t\t\t<section class=\"elementor-section elementor-top-section elementor-element elementor-element-7d18327f elementor-section-boxed elementor-section-gap-beside-yes elementor-section-height-default elementor-section-height-default elementor-section-column-vertical-align-stretch\" data-id=\"7d18327f\" data-element_type=\"section\" data-e-type=\"section\">\n\t\t\t\t\t\t<div class=\"elementor-container elementor-column-gap-extended\">\n\t\t\t\t\t<div class=\"elementor-column elementor-col-50 elementor-top-column elementor-element elementor-element-56533670\" data-id=\"56533670\" data-element_type=\"column\" data-e-type=\"column\">\n\t\t\t<div class=\"elementor-widget-wrap elementor-element-populated\">\n\t\t\t\t\t\t<div class=\"elementor-element elementor-element-19c3f543 elementor-invisible elementor-widget elementor-widget-text-editor\" data-id=\"19c3f543\" data-element_type=\"widget\" data-e-type=\"widget\" data-settings=\"{&quot;_animation&quot;:&quot;nussFadeInUp&quot;}\" data-widget_type=\"text-editor.default\">\n\t\t\t\t\t\t\t\t\t<p>Nich\u00e9 au num\u00e9ro 68, section 2, rue du Peuple du Milieu, dans le district de Qingyang, riche en culture, le <strong>H\u00f4tel Celebrity Ruicheng<\/strong> Bien plus qu&#039;un simple lieu d&#039;h\u00e9bergement, notre h\u00f4tel vous offre une v\u00e9ritable immersion au c\u0153ur du Sichuan. Id\u00e9alement situ\u00e9 pour les voyages d&#039;affaires et de loisirs, il constitue un point de d\u00e9part exceptionnel pour explorer les sites embl\u00e9matiques de Chengdu, tels que la place Tianfu anim\u00e9e, le palais Qingyang paisible et la rue Kuanzhai pleine de vie, tous accessibles en quelques minutes seulement.<\/p>\t\t\t\t\t\t\t\t<\/div>\n\t\t\t\t\t<\/div>\n\t\t<\/div>\n\t\t\t\t<div class=\"elementor-column elementor-col-50 elementor-top-column elementor-element elementor-element-30f14127\" data-id=\"30f14127\" data-element_type=\"column\" data-e-type=\"column\">\n\t\t\t<div class=\"elementor-widget-wrap elementor-element-populated\">\n\t\t\t\t\t\t<div class=\"elementor-element elementor-element-e775eb4 elementor-widget elementor-widget-image\" data-id=\"e775eb4\" data-element_type=\"widget\" data-e-type=\"widget\" data-widget_type=\"image.default\">\n\t\t\t\t\t\t\t\t\t\t\t\t\t\t\t<img fetchpriority=\"high\" decoding=\"async\" width=\"568\" height=\"853\" src=\"https:\/\/celebrityruichenghotel.com\/wp-content\/uploads\/2025\/09\/Celebrity-Ruicheng-Hotel-164.webp\" class=\"attachment-large size-large wp-image-5693\" alt=\"\" srcset=\"https:\/\/celebrityruichenghotel.com\/wp-content\/uploads\/2025\/09\/Celebrity-Ruicheng-Hotel-164.webp 568w, https:\/\/celebrityruichenghotel.com\/wp-content\/uploads\/2025\/09\/Celebrity-Ruicheng-Hotel-164-200x300.webp 200w\" sizes=\"(max-width: 568px) 100vw, 568px\" \/>\t\t\t\t\t\t\t\t\t\t\t\t\t\t\t<\/div>\n\t\t\t\t\t<\/div>\n\t\t<\/div>\n\t\t\t\t\t<\/div>\n\t\t<\/section>\n\t\t\t\t<section class=\"elementor-section elementor-top-section elementor-element elementor-element-29fb8578 elementor-section-height-min-height elementor-section-stretched elementor-section-full_width elementor-section-items-stretch elementor-section-height-default elementor-section-column-vertical-align-stretch\" data-id=\"29fb8578\" data-element_type=\"section\" data-e-type=\"section\" data-settings=\"{&quot;stretch_section&quot;:&quot;section-stretched&quot;}\">\n\t\t\t\t\t\t<div class=\"elementor-container elementor-column-gap-no\">\n\t\t\t\t\t<div class=\"elementor-column elementor-col-50 elementor-top-column elementor-element elementor-element-40ac270b\" data-id=\"40ac270b\" data-element_type=\"column\" data-e-type=\"column\">\n\t\t\t<div class=\"elementor-widget-wrap elementor-element-populated\">\n\t\t\t\t\t\t<div class=\"elementor-element elementor-element-20872773 elementor-widget__width-initial elementor-widget-mobile__width-inherit elementor-invisible nuss-elementor-loading nuss-slide-in-right elementor-widget elementor-widget-image\" data-id=\"20872773\" data-element_type=\"widget\" data-e-type=\"widget\" data-settings=\"{&quot;_animation&quot;:&quot;nussSlideInRight&quot;}\" data-widget_type=\"image.default\">\n\t\t\t\t\t\t\t\t\t\t\t\t\t\t\t<img decoding=\"async\" width=\"1280\" height=\"853\" src=\"https:\/\/celebrityruichenghotel.com\/wp-content\/uploads\/2025\/09\/Celebrity-Ruicheng-Hotel-203.webp\" class=\"attachment-full size-full wp-image-5732\" alt=\"\" srcset=\"https:\/\/celebrityruichenghotel.com\/wp-content\/uploads\/2025\/09\/Celebrity-Ruicheng-Hotel-203.webp 1280w, https:\/\/celebrityruichenghotel.com\/wp-content\/uploads\/2025\/09\/Celebrity-Ruicheng-Hotel-203-300x200.webp 300w, https:\/\/celebrityruichenghotel.com\/wp-content\/uploads\/2025\/09\/Celebrity-Ruicheng-Hotel-203-1024x682.webp 1024w, https:\/\/celebrityruichenghotel.com\/wp-content\/uploads\/2025\/09\/Celebrity-Ruicheng-Hotel-203-768x512.webp 768w\" sizes=\"(max-width: 1280px) 100vw, 1280px\" \/>\t\t\t\t\t\t\t\t\t\t\t\t\t\t\t<\/div>\n\t\t\t\t\t<\/div>\n\t\t<\/div>\n\t\t\t\t<div class=\"elementor-column elementor-col-50 elementor-top-column elementor-element elementor-element-2dac103\" data-id=\"2dac103\" data-element_type=\"column\" data-e-type=\"column\">\n\t\t\t<div class=\"elementor-widget-wrap elementor-element-populated\">\n\t\t\t\t\t\t<div class=\"elementor-element elementor-element-6f1b8966 elementor-invisible elementor-widget elementor-widget-text-editor\" data-id=\"6f1b8966\" data-element_type=\"widget\" data-e-type=\"widget\" data-settings=\"{&quot;_animation&quot;:&quot;nussFadeInUp&quot;}\" data-widget_type=\"text-editor.default\">\n\t\t\t\t\t\t\t\t\t<p class=\"ds-markdown-paragraph\">Nous savons qu&#039;un voyage parfait \u00e0 Chengdu allie d\u00e9couvertes passionnantes et d\u00e9tente profonde. Franchissez nos portes et laissez-vous emporter par l&#039;\u00e9nergie communicative de Chengdu. <strong>Renmin Zhong Lu<\/strong> Derri\u00e8re, on p\u00e9n\u00e8tre dans une oasis contemporaine con\u00e7ue pour la tranquillit\u00e9 et le confort. Notre philosophie repose sur une harmonie de contrastes\u00a0: l\u2019histoire vibrante de notre quartier c\u00f4toie un design moderne et \u00e9pur\u00e9\u00a0; les saveurs \u00e9pic\u00e9es de la cuisine sichuanaise s\u2019accordent \u00e0 merveille avec notre service attentionn\u00e9 et serein.<\/p><p class=\"ds-markdown-paragraph\">Chaque aspect de votre s\u00e9jour est pens\u00e9 avec soin. Retirez-vous dans notre espace \u00e9l\u00e9gamment am\u00e9nag\u00e9. <strong>chambres d&#039;h\u00f4tel \u00e0 Chengdu<\/strong>, o\u00f9 l&#039;\u00e9l\u00e9gance minimaliste et le luxe raffin\u00e9 cr\u00e9ent un havre de paix. Savourez les saveurs riches et complexes de la r\u00e9gion dans notre restaurant sur place, o\u00f9 des chefs de renom vous proposent des plats locaux embl\u00e9matiques et des classiques internationaux. Surtout, d\u00e9couvrez la chaleur authentique de notre accueil. <strong>L&#039;hospitalit\u00e9 du Sichuan<\/strong>, incarn\u00e9e par notre personnel d\u00e9vou\u00e9 qui anticipe vos besoins pour vous garantir une visite sans encombre et m\u00e9morable.<\/p>\t\t\t\t\t\t\t\t<\/div>\n\t\t\t\t\t<\/div>\n\t\t<\/div>\n\t\t\t\t\t<\/div>\n\t\t<\/section>\n\t\t\t\t<section class=\"elementor-section elementor-top-section elementor-element elementor-element-345244e elementor-section-height-min-height elementor-section-stretched elementor-section-full_width elementor-section-items-stretch elementor-section-height-default elementor-section-column-vertical-align-stretch\" data-id=\"345244e\" data-element_type=\"section\" data-e-type=\"section\" data-settings=\"{&quot;stretch_section&quot;:&quot;section-stretched&quot;}\">\n\t\t\t\t\t\t<div class=\"elementor-container elementor-column-gap-no\">\n\t\t\t\t\t<div class=\"elementor-column elementor-col-50 elementor-top-column elementor-element elementor-element-fc41fee\" data-id=\"fc41fee\" data-element_type=\"column\" data-e-type=\"column\">\n\t\t\t<div class=\"elementor-widget-wrap elementor-element-populated\">\n\t\t\t\t\t\t<div class=\"elementor-element elementor-element-0df055d elementor-invisible elementor-widget elementor-widget-text-editor\" data-id=\"0df055d\" data-element_type=\"widget\" data-e-type=\"widget\" data-settings=\"{&quot;_animation&quot;:&quot;nussFadeInUp&quot;}\" data-widget_type=\"text-editor.default\">\n\t\t\t\t\t\t\t\t\t<p class=\"ds-markdown-paragraph\">Que vous soyez \u00e0 Ruicheng pour explorer sa riche histoire, faire des affaires ou simplement savourer sa gastronomie de renomm\u00e9e mondiale, l&#039;h\u00f4tel Celebrity Ruicheng est le partenaire id\u00e9al. Nous vous offrons bien plus qu&#039;une simple chambre\u00a0: nous vous offrons le point de d\u00e9part d&#039;un voyage inoubliable au c\u0153ur de l&#039;une des villes les plus captivantes de Chine.<\/p><p class=\"ds-markdown-paragraph\"><strong>Votre voyage au c\u0153ur du Sichuan commence ici.<\/strong><\/p>\t\t\t\t\t\t\t\t<\/div>\n\t\t\t\t\t<\/div>\n\t\t<\/div>\n\t\t\t\t<div class=\"elementor-column elementor-col-50 elementor-top-column elementor-element elementor-element-32f3ac7\" data-id=\"32f3ac7\" data-element_type=\"column\" data-e-type=\"column\">\n\t\t\t<div class=\"elementor-widget-wrap elementor-element-populated\">\n\t\t\t\t\t\t<div class=\"elementor-element elementor-element-8ca8a2b elementor-widget__width-initial elementor-widget-mobile__width-inherit elementor-invisible nuss-elementor-loading nuss-slide-in-right elementor-widget elementor-widget-image\" data-id=\"8ca8a2b\" data-element_type=\"widget\" data-e-type=\"widget\" data-settings=\"{&quot;_animation&quot;:&quot;nussSlideInRight&quot;}\" data-widget_type=\"image.default\">\n\t\t\t\t\t\t\t\t\t\t\t\t\t\t\t<img decoding=\"async\" width=\"1280\" height=\"853\" src=\"https:\/\/celebrityruichenghotel.com\/wp-content\/uploads\/2025\/09\/Celebrity-Ruicheng-Hotel-172.webp\" class=\"attachment-full size-full wp-image-5701\" alt=\"\" srcset=\"https:\/\/celebrityruichenghotel.com\/wp-content\/uploads\/2025\/09\/Celebrity-Ruicheng-Hotel-172.webp 1280w, https:\/\/celebrityruichenghotel.com\/wp-content\/uploads\/2025\/09\/Celebrity-Ruicheng-Hotel-172-300x200.webp 300w, https:\/\/celebrityruichenghotel.com\/wp-content\/uploads\/2025\/09\/Celebrity-Ruicheng-Hotel-172-1024x682.webp 1024w, https:\/\/celebrityruichenghotel.com\/wp-content\/uploads\/2025\/09\/Celebrity-Ruicheng-Hotel-172-768x512.webp 768w\" sizes=\"(max-width: 1280px) 100vw, 1280px\" \/>\t\t\t\t\t\t\t\t\t\t\t\t\t\t\t<\/div>\n\t\t\t\t\t<\/div>\n\t\t<\/div>\n\t\t\t\t\t<\/div>\n\t\t<\/section>\n\t\t\t\t<section class=\"elementor-section elementor-top-section elementor-element elementor-element-2092b7d0 elementor-section-stretched elementor-section-boxed elementor-section-gap-beside-yes elementor-section-height-default elementor-section-height-default elementor-section-column-vertical-align-stretch\" data-id=\"2092b7d0\" data-element_type=\"section\" data-e-type=\"section\" data-settings=\"{&quot;background_background&quot;:&quot;classic&quot;,&quot;stretch_section&quot;:&quot;section-stretched&quot;}\">\n\t\t\t\t\t\t<div class=\"elementor-container elementor-column-gap-extended\">\n\t\t\t\t\t<div class=\"elementor-column elementor-col-100 elementor-top-column elementor-element elementor-element-be69d75\" data-id=\"be69d75\" data-element_type=\"column\" data-e-type=\"column\">\n\t\t\t<div class=\"elementor-widget-wrap elementor-element-populated\">\n\t\t\t\t\t\t<div class=\"elementor-element elementor-element-78f2adf elementor-widget elementor-widget-heading\" data-id=\"78f2adf\" data-element_type=\"widget\" data-e-type=\"widget\" data-widget_type=\"heading.default\">\n\t\t\t\t\t<h2 class=\"elementor-heading-title elementor-size-default\">Ch\u00e8que disponible <\/h2>\t\t\t\t<\/div>\n\t\t\t\t<div class=\"elementor-element elementor-element-af5493a elementor-widget elementor-widget-text-editor\" data-id=\"af5493a\" data-element_type=\"widget\" data-e-type=\"widget\" data-widget_type=\"text-editor.default\">\n\t\t\t\t\t\t\t\t\t<iframe border=\"0\" src=\"https:\/\/www.trip.com\/partners\/ad\/S5166506?Allianceid=4590391&#038;SID=255085608&#038;trip_sub1=\" style=\"width:900px;height:200px\" frameborder=\"0\" scrolling=\"no\" id=\"S5166506\"><\/iframe>\t\t\t\t\t\t\t\t<\/div>\n\t\t\t\t\t<\/div>\n\t\t<\/div>\n\t\t\t\t\t<\/div>\n\t\t<\/section>\n\t\t\t\t<\/div>","protected":false},"excerpt":{"rendered":"<p>Welcome to Celebrity Ruicheng Hotel Nestled at 68 Section 2, Middle People\u2019s Road in the culturally rich Qingyang District, the Celebrity Ruicheng Hotel offers more than just a place to stay\u2014it offers an authentic gateway to the soul of Sichuan. Perfectly positioned for both business and leisure, our hotel provides guests with an unparalleled base [&hellip;]<\/p>\n","protected":false},"author":1,"featured_media":0,"parent":0,"menu_order":0,"comment_status":"closed","ping_status":"closed","template":"","meta":{"footnotes":""},"class_list":["post-5266","page","type-page","status-publish","hentry","post-no-thumbnail"],"_links":{"self":[{"href":"https:\/\/celebrityruichenghotel.com\/fr\/wp-json\/wp\/v2\/pages\/5266","targetHints":{"allow":["GET"]}}],"collection":[{"href":"https:\/\/celebrityruichenghotel.com\/fr\/wp-json\/wp\/v2\/pages"}],"about":[{"href":"https:\/\/celebrityruichenghotel.com\/fr\/wp-json\/wp\/v2\/types\/page"}],"author":[{"embeddable":true,"href":"https:\/\/celebrityruichenghotel.com\/fr\/wp-json\/wp\/v2\/users\/1"}],"replies":[{"embeddable":true,"href":"https:\/\/celebrityruichenghotel.com\/fr\/wp-json\/wp\/v2\/comments?post=5266"}],"version-history":[{"count":0,"href":"https:\/\/celebrityruichenghotel.com\/fr\/wp-json\/wp\/v2\/pages\/5266\/revisions"}],"wp:attachment":[{"href":"https:\/\/celebrityruichenghotel.com\/fr\/wp-json\/wp\/v2\/media?parent=5266"}],"curies":[{"name":"wp","href":"https:\/\/api.w.org\/{rel}","templated":true}]}}