{"id":612,"date":"2021-03-26T10:04:13","date_gmt":"2021-03-26T10:04:13","guid":{"rendered":"http:\/\/localhost\/nuss\/?page_id=612"},"modified":"2025-09-02T15:54:29","modified_gmt":"2025-09-02T15:54:29","slug":"restaurante","status":"publish","type":"page","link":"https:\/\/celebrityruichenghotel.com\/es\/restaurant\/","title":{"rendered":"Restaurante"},"content":{"rendered":"<div data-elementor-type=\"wp-page\" data-elementor-id=\"612\" class=\"elementor elementor-612\">\n\t\t\t\t\t\t<section class=\"elementor-section elementor-top-section elementor-element elementor-element-e2effe8 elementor-section-boxed elementor-section-gap-beside-yes elementor-section-height-default elementor-section-height-default elementor-section-column-vertical-align-stretch\" data-id=\"e2effe8\" data-element_type=\"section\" data-e-type=\"section\">\n\t\t\t\t\t\t<div class=\"elementor-container elementor-column-gap-extended\">\n\t\t\t\t\t<div class=\"elementor-column elementor-col-100 elementor-top-column elementor-element elementor-element-e18f688\" data-id=\"e18f688\" data-element_type=\"column\" data-e-type=\"column\">\n\t\t\t<div class=\"elementor-widget-wrap elementor-element-populated\">\n\t\t\t\t\t\t<div class=\"elementor-element elementor-element-6db146d elementor-widget__width-initial elementor-invisible elementor-widget elementor-widget-text-editor\" data-id=\"6db146d\" data-element_type=\"widget\" data-e-type=\"widget\" data-settings=\"{&quot;_animation&quot;:&quot;nussFadeInUp&quot;}\" data-widget_type=\"text-editor.default\">\n\t\t\t\t\t\t\t\t\t<p><strong data-spm-anchor-id=\"a2ty_o01.29997173.0.i55.6fbec921UQIc0A\">Descubra el sabor y la elegancia del restaurante del Celebrity Ruicheng Hotel: una joya culinaria en el coraz\u00f3n de Chengdu.<\/strong><\/p>\t\t\t\t\t\t\t\t<\/div>\n\t\t\t\t\t<\/div>\n\t\t<\/div>\n\t\t\t\t\t<\/div>\n\t\t<\/section>\n\t\t<div class=\"elementor-element elementor-element-04ac4b7 e-flex e-con-boxed e-con e-parent\" data-id=\"04ac4b7\" data-element_type=\"container\" data-e-type=\"container\">\n\t\t\t\t\t<div class=\"e-con-inner\">\n\t\t\t\t<div class=\"elementor-element elementor-element-192884a elementor-widget elementor-widget-nuss-image-gallery\" data-id=\"192884a\" data-element_type=\"widget\" data-e-type=\"widget\" data-widget_type=\"nuss-image-gallery.default\">\n\t\t\t\t<div class=\"elementor-widget-container\">\n\t\t\t\t\t\t\t<div class=\"nuss-grid-wrapper\" data-grid=\"{&quot;type&quot;:&quot;grid&quot;,&quot;ratio&quot;:null,&quot;columns&quot;:3,&quot;gutter&quot;:30}\">\r\n\t\t\t<div class=\"nuss-grid lazy-grid\">\r\n\t\t\t\t<div class=\"grid-sizer\"><\/div>\r\n\r\n\t\t\t\t\t\t\t\t\t\t\t\t<div class=\"grid-item\">\r\n\t\t\t\t\t\t<div class=\"nuss-box\">\t\t<div class=\"nuss-image image\">\r\n\t\t\t<img decoding=\"async\"  src=\"https:\/\/celebrityruichenghotel.com\/wp-content\/uploads\/2025\/09\/Celebrity-Ruicheng-Hotel-174.webp\" alt=\"Hotel Celebrity Ruicheng (174)\" \/>\t\t<\/div>\r\n\t\t\t\t<\/div>\t\t\t\t\t<\/div>\r\n\t\t\t\t\t\t<div class=\"grid-item\">\r\n\t\t\t\t\t\t<div class=\"nuss-box\">\t\t<div class=\"nuss-image image\">\r\n\t\t\t<img decoding=\"async\"  src=\"https:\/\/celebrityruichenghotel.com\/wp-content\/uploads\/2025\/09\/Celebrity-Ruicheng-Hotel-175.webp\" alt=\"Hotel Celebrity Ruicheng (175)\" \/>\t\t<\/div>\r\n\t\t\t\t<\/div>\t\t\t\t\t<\/div>\r\n\t\t\t\t\t\t<div class=\"grid-item\">\r\n\t\t\t\t\t\t<div class=\"nuss-box\">\t\t<div class=\"nuss-image image\">\r\n\t\t\t<img decoding=\"async\"  src=\"https:\/\/celebrityruichenghotel.com\/wp-content\/uploads\/2025\/09\/Celebrity-Ruicheng-Hotel-176.webp\" alt=\"Hotel Celebrity Ruicheng (176)\" \/>\t\t<\/div>\r\n\t\t\t\t<\/div>\t\t\t\t\t<\/div>\r\n\t\t\t\t\t\t<div class=\"grid-item\">\r\n\t\t\t\t\t\t<div class=\"nuss-box\">\t\t<div class=\"nuss-image image\">\r\n\t\t\t<img decoding=\"async\"  src=\"https:\/\/celebrityruichenghotel.com\/wp-content\/uploads\/2025\/09\/Celebrity-Ruicheng-Hotel-177.webp\" alt=\"Hotel Celebrity Ruicheng (177)\" \/>\t\t<\/div>\r\n\t\t\t\t<\/div>\t\t\t\t\t<\/div>\r\n\t\t\t\t\t\t<div class=\"grid-item\">\r\n\t\t\t\t\t\t<div class=\"nuss-box\">\t\t<div class=\"nuss-image image\">\r\n\t\t\t<img decoding=\"async\"  src=\"https:\/\/celebrityruichenghotel.com\/wp-content\/uploads\/2025\/09\/Celebrity-Ruicheng-Hotel-178.webp\" alt=\"Hotel Celebrity Ruicheng (178)\" \/>\t\t<\/div>\r\n\t\t\t\t<\/div>\t\t\t\t\t<\/div>\r\n\t\t\t\t\t\t<div class=\"grid-item\">\r\n\t\t\t\t\t\t<div class=\"nuss-box\">\t\t<div class=\"nuss-image image\">\r\n\t\t\t<img decoding=\"async\"  src=\"https:\/\/celebrityruichenghotel.com\/wp-content\/uploads\/2025\/09\/Celebrity-Ruicheng-Hotel-180.webp\" alt=\"Hotel Celebrity Ruicheng (180)\" \/>\t\t<\/div>\r\n\t\t\t\t<\/div>\t\t\t\t\t<\/div>\r\n\t\t\t\t\t\t\t\r\n\t\t\t<\/div>\r\n\t\t<\/div>\r\n\t\t\t\t\t\t<\/div>\n\t\t\t\t<\/div>\n\t\t\t\t\t<\/div>\n\t\t\t\t<\/div>\n\t\t<div class=\"elementor-element elementor-element-c16f629 e-flex e-con-boxed e-con e-parent\" data-id=\"c16f629\" data-element_type=\"container\" data-e-type=\"container\">\n\t\t\t\t\t<div class=\"e-con-inner\">\n\t\t\t\t<div class=\"elementor-element elementor-element-2b00fa0 elementor-widget elementor-widget-text-editor\" data-id=\"2b00fa0\" data-element_type=\"widget\" data-e-type=\"widget\" data-widget_type=\"text-editor.default\">\n\t\t\t\t\t\t\t\t\t<p>Ubicado en el vibrante <strong>Distrito de Qingyang<\/strong> de <strong>Chengd\u00fa, Sichuan<\/strong>, <strong>El restaurante del Celebrity Ruicheng Hotel<\/strong> Ofrece m\u00e1s que una simple comida: te invita a un refinado viaje culinario que celebra el esp\u00edritu audaz de la cocina de Sichuan y abraza la elegancia de la hospitalidad moderna. Ubicado en <strong>68 Secci\u00f3n 2 Carretera del Pueblo Medio (Renmin Zhong Lu Er Duan)<\/strong>, Nuestro destino gastron\u00f3mico en el lugar est\u00e1 dise\u00f1ado para hu\u00e9spedes y visitantes que buscan <strong>Sabores aut\u00e9nticos, un ambiente sereno y una experiencia gastron\u00f3mica inolvidable.<\/strong> \u2014 todo dentro de la comodidad de un entorno hotelero elegante y contempor\u00e1neo.<\/p><p>Ya sea que comience el d\u00eda con un desayuno nutritivo, se relaje despu\u00e9s de una agenda ocupada con una cena reconfortante o reciba a un socio comercial para una conversaci\u00f3n significativa sobre delicias locales, nuestro restaurante es su puerta de entrada al rico y arom\u00e1tico mundo de la cultura gastron\u00f3mica de Sichuan, reinventado con cuidado, calidad y sofisticaci\u00f3n internacional.<\/p><div class=\"py-2 my-3\"><hr \/><\/div><h3>\ud83c\udf5c Una celebraci\u00f3n de la legendaria cocina de Sichuan<\/h3><p>Chengdu es mundialmente conocida como una <strong>Ciudad de la Gastronom\u00eda de la UNESCO<\/strong>, y en <strong>Hotel Celebrity Ruicheng<\/strong>, Honramos ese legado con un men\u00fa profundamente arraigado en <strong>aut\u00e9nticos sabores de Sichuan<\/strong> \u2014 el calor abrasador del chile, el hormigueo de la pimienta de Sichuan y las complejas capas de pasta de frijoles fermentados y ajo que definen la identidad culinaria de la regi\u00f3n.<\/p><p>Nuestros chefs, formados en t\u00e9cnicas tradicionales e inspirados en los mercados locales y las recetas familiares, elaboran platos que son a la vez <strong>audaz y equilibrado<\/strong>. Desde el primer bocado de nuestra firma <strong>Tofu mapo<\/strong> \u2014 tofu sedoso en una salsa burbujeante y picante que entumece \u2014 hasta la profundidad ahumada de <strong>Cerdo cocinado dos veces<\/strong> y el crujido refrescante de <strong>Pollo desmenuzado con salsa de ajo<\/strong>, Cada plato cuenta una historia de la vibrante herencia gastron\u00f3mica callejera de Chengdu y su calidez casera.<\/p><p>Pero no nos quedamos solo en la tradici\u00f3n. Nuestro men\u00fa tambi\u00e9n incluye:<\/p><ul><li><strong>Interpretaciones modernas<\/strong> de platos cl\u00e1sicos con presentaci\u00f3n refinada e ingredientes de primera calidad<\/li><li><strong>Opciones vegetarianas y veganas<\/strong>, incluidas versiones vegetales de alimentos b\u00e1sicos de Sichuan<\/li><li><strong>Selecciones sin gluten<\/strong> para hu\u00e9spedes con sensibilidades diet\u00e9ticas<\/li><li><strong>Favoritos internacionales<\/strong> Como desayunos occidentales, pastas y prote\u00ednas a la parrilla, perfectos para hu\u00e9spedes que buscan variedad.<\/li><\/ul><p>Esta fusi\u00f3n reflexiva garantiza que cada comensal, ya sea un amante de la comida local o un viajero internacional, encuentre algo para saborear.<\/p><div class=\"py-2 my-3\"><hr \/><\/div><h3>\ud83c\udf7d\ufe0f Una experiencia gastron\u00f3mica dise\u00f1ada para la comodidad y la conexi\u00f3n<\/h3><p>El ambiente del restaurante refleja la misma filosof\u00eda que el hotel: <strong>Elegancia moderna con alma de hospitalidad<\/strong>. Con una iluminaci\u00f3n suave, c\u00e1lidos detalles en madera y grandes ventanales que dejan entrar la luz natural, el espacio est\u00e1 dise\u00f1ado para ser a la vez <strong>atractivo y vers\u00e1til<\/strong>.<\/p><ul><li><strong>Ma\u00f1ana<\/strong>:Empieza tu d\u00eda con un <strong>desayuno buffet de lujo<\/strong> con una amplia variedad de opciones, desde tazones humeantes de congee, baozi y fideos dan dan hasta huevos revueltos, tocino, fruta fresca y panes artesanales.<\/li><li><strong>Almuerzo<\/strong>:Disfrute de un almuerzo de negocios r\u00e1pido pero satisfactorio con nuestro <strong>men\u00fas ejecutivos<\/strong>, ideal para profesionales en movimiento.<\/li><li><strong>Cena<\/strong>:Disfrute de una cena relajada en un ambiente \u00edntimo y relajado, perfecto para parejas, familias o comensales solitarios que buscan un momento de calma.<\/li><li><strong>Bebidas por la noche<\/strong>Rel\u00e1jese con una copa de vino, un t\u00e9 local o un c\u00f3ctel exclusivo de nuestro men\u00fa de bebidas, servido en la tranquila elegancia del sal\u00f3n comedor.<\/li><\/ul><p data-spm-anchor-id=\"a2ty_o01.29997173.0.i58.6fbec921UQIc0A\">El restaurante tambi\u00e9n es <strong>hacer p\u00fablicos<\/strong>, lo que lo convierte en una opci\u00f3n conveniente y confiable para los lugare\u00f1os que organizan reuniones, parejas en una cita nocturna o visitantes que exploran la escena culinaria de Chengdu m\u00e1s all\u00e1 de las calles.<\/p>\t\t\t\t\t\t\t\t<\/div>\n\t\t\t\t\t<\/div>\n\t\t\t\t<\/div>\n\t\t<div class=\"elementor-element elementor-element-ab14485 e-flex e-con-boxed e-con e-parent\" data-id=\"ab14485\" data-element_type=\"container\" data-e-type=\"container\">\n\t\t\t\t\t<div class=\"e-con-inner\">\n\t\t\t\t<div class=\"elementor-element elementor-element-f9cfd41 elementor-widget elementor-widget-nuss-image-gallery\" data-id=\"f9cfd41\" data-element_type=\"widget\" data-e-type=\"widget\" data-widget_type=\"nuss-image-gallery.default\">\n\t\t\t\t<div class=\"elementor-widget-container\">\n\t\t\t\t\t\t\t<div class=\"nuss-grid-wrapper\" data-grid=\"{&quot;type&quot;:&quot;grid&quot;,&quot;ratio&quot;:null,&quot;columns&quot;:3,&quot;gutter&quot;:30}\">\r\n\t\t\t<div class=\"nuss-grid lazy-grid\">\r\n\t\t\t\t<div class=\"grid-sizer\"><\/div>\r\n\r\n\t\t\t\t\t\t\t\t\t\t\t\t<div class=\"grid-item\">\r\n\t\t\t\t\t\t<div class=\"nuss-box\">\t\t<div class=\"nuss-image image\">\r\n\t\t\t<img decoding=\"async\"  src=\"https:\/\/celebrityruichenghotel.com\/wp-content\/uploads\/2025\/09\/Celebrity-Ruicheng-Hotel-88.webp\" alt=\"Hotel Celebrity Ruicheng (88)\" \/>\t\t<\/div>\r\n\t\t\t\t<\/div>\t\t\t\t\t<\/div>\r\n\t\t\t\t\t\t<div class=\"grid-item\">\r\n\t\t\t\t\t\t<div class=\"nuss-box\">\t\t<div class=\"nuss-image image\">\r\n\t\t\t<img decoding=\"async\"  src=\"https:\/\/celebrityruichenghotel.com\/wp-content\/uploads\/2025\/09\/Celebrity-Ruicheng-Hotel-86.webp\" alt=\"Hotel Celebrity Ruicheng (86)\" \/>\t\t<\/div>\r\n\t\t\t\t<\/div>\t\t\t\t\t<\/div>\r\n\t\t\t\t\t\t<div class=\"grid-item\">\r\n\t\t\t\t\t\t<div class=\"nuss-box\">\t\t<div class=\"nuss-image image\">\r\n\t\t\t<img decoding=\"async\"  src=\"https:\/\/celebrityruichenghotel.com\/wp-content\/uploads\/2025\/09\/Celebrity-Ruicheng-Hotel-85.webp\" alt=\"Hotel Celebrity Ruicheng (85)\" \/>\t\t<\/div>\r\n\t\t\t\t<\/div>\t\t\t\t\t<\/div>\r\n\t\t\t\t\t\t<div class=\"grid-item\">\r\n\t\t\t\t\t\t<div class=\"nuss-box\">\t\t<div class=\"nuss-image image\">\r\n\t\t\t<img decoding=\"async\"  src=\"https:\/\/celebrityruichenghotel.com\/wp-content\/uploads\/2025\/09\/Celebrity-Ruicheng-Hotel-84.webp\" alt=\"Hotel Celebrity Ruicheng (84)\" \/>\t\t<\/div>\r\n\t\t\t\t<\/div>\t\t\t\t\t<\/div>\r\n\t\t\t\t\t\t<div class=\"grid-item\">\r\n\t\t\t\t\t\t<div class=\"nuss-box\">\t\t<div class=\"nuss-image image\">\r\n\t\t\t<img decoding=\"async\"  src=\"https:\/\/celebrityruichenghotel.com\/wp-content\/uploads\/2025\/09\/Celebrity-Ruicheng-Hotel-83.webp\" alt=\"Hotel Celebrity Ruicheng (83)\" \/>\t\t<\/div>\r\n\t\t\t\t<\/div>\t\t\t\t\t<\/div>\r\n\t\t\t\t\t\t<div class=\"grid-item\">\r\n\t\t\t\t\t\t<div class=\"nuss-box\">\t\t<div class=\"nuss-image image\">\r\n\t\t\t<img decoding=\"async\"  src=\"https:\/\/celebrityruichenghotel.com\/wp-content\/uploads\/2025\/09\/Celebrity-Ruicheng-Hotel-82.webp\" alt=\"Hotel Celebrity Ruicheng (82)\" \/>\t\t<\/div>\r\n\t\t\t\t<\/div>\t\t\t\t\t<\/div>\r\n\t\t\t\t\t\t<div class=\"grid-item\">\r\n\t\t\t\t\t\t<div class=\"nuss-box\">\t\t<div class=\"nuss-image image\">\r\n\t\t\t<img decoding=\"async\"  src=\"https:\/\/celebrityruichenghotel.com\/wp-content\/uploads\/2025\/09\/Celebrity-Ruicheng-Hotel-31.webp\" alt=\"Hotel Celebrity Ruicheng (31)\" \/>\t\t<\/div>\r\n\t\t\t\t<\/div>\t\t\t\t\t<\/div>\r\n\t\t\t\t\t\t<div class=\"grid-item\">\r\n\t\t\t\t\t\t<div class=\"nuss-box\">\t\t<div class=\"nuss-image image\">\r\n\t\t\t<img decoding=\"async\"  src=\"https:\/\/celebrityruichenghotel.com\/wp-content\/uploads\/2025\/09\/Celebrity-Ruicheng-Hotel-32.webp\" alt=\"Hotel Celebrity Ruicheng (32)\" \/>\t\t<\/div>\r\n\t\t\t\t<\/div>\t\t\t\t\t<\/div>\r\n\t\t\t\t\t\t<div class=\"grid-item\">\r\n\t\t\t\t\t\t<div class=\"nuss-box\">\t\t<div class=\"nuss-image image\">\r\n\t\t\t<img decoding=\"async\"  src=\"https:\/\/celebrityruichenghotel.com\/wp-content\/uploads\/2025\/09\/Celebrity-Ruicheng-Hotel-33.webp\" alt=\"Hotel Celebrity Ruicheng (33)\" \/>\t\t<\/div>\r\n\t\t\t\t<\/div>\t\t\t\t\t<\/div>\r\n\t\t\t\t\t\t\t\r\n\t\t\t<\/div>\r\n\t\t<\/div>\r\n\t\t\t\t\t\t<\/div>\n\t\t\t\t<\/div>\n\t\t\t\t\t<\/div>\n\t\t\t\t<\/div>\n\t\t<div class=\"elementor-element elementor-element-a78b1f8 e-flex e-con-boxed e-con e-parent\" data-id=\"a78b1f8\" data-element_type=\"container\" data-e-type=\"container\">\n\t\t\t\t\t<div class=\"e-con-inner\">\n\t\t\t\t<div class=\"elementor-element elementor-element-ca7f6de elementor-widget elementor-widget-text-editor\" data-id=\"ca7f6de\" data-element_type=\"widget\" data-e-type=\"widget\" data-widget_type=\"text-editor.default\">\n\t\t\t\t\t\t\t\t\t<h3 data-spm-anchor-id=\"a2ty_o01.29997173.0.i60.6fbec921UQIc0A\">\ud83c\udf3f Servicio considerado y pr\u00e1cticas sostenibles<\/h3><p>En el coraz\u00f3n de nuestro restaurante hay un equipo de <strong>profesionales dedicados a la cocina y al servicio<\/strong> Quienes creen que la buena comida es solo una parte de la experiencia. Desde la c\u00e1lida bienvenida en la puerta hasta el servicio atento pero discreto, cada interacci\u00f3n est\u00e1 dise\u00f1ada para que te sientas... <strong>valorado y a gusto<\/strong>.<\/p><p>Tambi\u00e9n priorizamos <strong>sostenibilidad y calidad<\/strong>:<\/p><ul><li>Los ingredientes proceden de <strong>granjas y mercados locales<\/strong> para garantizar la frescura y apoyar la econom\u00eda regional.<\/li><li>Nosotros usamos <strong>embalaje ecol\u00f3gico<\/strong> para pedidos para llevar.<\/li><li>Nuestras pr\u00e1cticas en la cocina <strong>gesti\u00f3n responsable de residuos<\/strong> y eficiencia energ\u00e9tica.<\/li><\/ul><p>Este compromiso con <strong>hospitalidad \u00e9tica<\/strong> garantiza que su comida no s\u00f3lo tenga buen sabor, sino que tambi\u00e9n se sienta bien.<\/p><div class=\"py-2 my-3\"><hr \/><\/div><h3>\ud83d\udccd Una ubicaci\u00f3n privilegiada para amantes de la comida y viajeros<\/h3><p>Situado en el coraz\u00f3n de <strong>Distrito de Qingyang<\/strong>, Nuestro restaurante est\u00e1 a pocos pasos de los principales lugares de inter\u00e9s:<\/p><ul><li><strong>Parque Renmin y monasterio Wenshu<\/strong> \u2013 10 minutos en coche<\/li><li><strong>Callej\u00f3n Kuanzhai (Callejones anchos y estrechos)<\/strong> \u2013 15 minutos en taxi<\/li><li><strong>Zona de alta tecnolog\u00eda de Chengdu<\/strong> \u2013 A 10 minutos de distancia<\/li><li><strong>Estaci\u00f3n de metro de Qingjiang Road (l\u00ednea 4)<\/strong> \u2013 a solo 7 minutos a pie<\/li><\/ul><p>Esto hace que <strong>El restaurante del Celebrity Ruicheng Hotel<\/strong> Una parada ideal para:<\/p><ul><li><strong>Viajeros de negocios<\/strong> Necesitando un espacio de comedor confiable y profesional<\/li><li><strong>turistas<\/strong> Buscando comida aut\u00e9ntica de Sichuan en un ambiente limpio y c\u00f3modo.<\/li><li><strong>Invitados locales<\/strong> Buscando una comida tranquila y de alta calidad sin el caos de los puestos callejeros abarrotados<\/li><\/ul><div class=\"py-2 my-3\"><hr \/><\/div><h3>\ud83e\udd62 M\u00e1s que una comida: una muestra del esp\u00edritu de Chengdu<\/h3><p>En una ciudad donde la comida es vida, <strong>El restaurante del Celebrity Ruicheng Hotel<\/strong> Es un homenaje al alma culinaria de Chengdu: ardiente, acogedora e infinitamente deliciosa. No solo servimos comida; compartimos cultura, comodidad y conexi\u00f3n, plato a plato.<\/p><p>Ya sea que se hospede con nosotros o simplemente est\u00e9 de paso, lo invitamos a tomar asiento, tomar una taza de t\u00e9 de jazm\u00edn y dejar que los sabores de Sichuan calienten su esp\u00edritu.<\/p><div class=\"py-2 my-3\"><hr \/><\/div><p><strong>Cene con nosotros hoy<\/strong><br \/>\ud83d\udccd <strong>Ubicaci\u00f3n<\/strong>68 Secci\u00f3n 2 Carretera Popular Central, Distrito de Qingyang, Chengdu, Sichuan, 610061, China<br \/>\ud83d\udd52 <strong>Horas<\/strong>: Abierto todos los d\u00edas desde <strong>7:00 a. m. a 10:00 p. m.<\/strong> (Desayuno, Almuerzo, Cena)<br \/>\ud83d\udcde <strong>Ll\u00e1manos<\/strong>: +862888033333<br \/>\ud83c\udf7d\ufe0f <strong>Se recomienda hacer reservaciones<\/strong>:Disponible para hu\u00e9spedes del hotel y sin cita previa.<\/p><p>#CelebridadRuichengHotel #ChengduRestaurante #SichuanCocina #HotelComidaChengdu #BestRestauranteQingyang #MapoTofuChengdu #BegociosAlmuerzoChengdu #VegetarianoSichuan #ChengduComidaExperiencia #SostenibleCenas #SaboresLocalesChengdu #CelebrarChengdu<\/p><div class=\"my-2\">\u00a0<\/div><div class=\"py-2 my-3\"><hr \/><\/div><div class=\"my-2\">\u00a0<\/div><p data-spm-anchor-id=\"a2ty_o01.29997173.0.i61.6fbec921UQIc0A\"><strong>En el Celebrity Ruicheng Hotel, cada comida es una celebraci\u00f3n del sabor, el lugar y el prop\u00f3sito.<\/strong><\/p>\t\t\t\t\t\t\t\t<\/div>\n\t\t\t\t\t<\/div>\n\t\t\t\t<\/div>\n\t\t\t\t<section class=\"elementor-section elementor-top-section elementor-element elementor-element-496268c7 elementor-section-stretched elementor-section-boxed elementor-section-gap-beside-yes elementor-section-height-default elementor-section-height-default elementor-section-column-vertical-align-stretch\" data-id=\"496268c7\" data-element_type=\"section\" data-e-type=\"section\" data-settings=\"{&quot;background_background&quot;:&quot;classic&quot;,&quot;stretch_section&quot;:&quot;section-stretched&quot;}\">\n\t\t\t\t\t\t<div class=\"elementor-container elementor-column-gap-extended\">\n\t\t\t\t\t<div class=\"elementor-column elementor-col-100 elementor-top-column elementor-element elementor-element-4960e8a7\" data-id=\"4960e8a7\" data-element_type=\"column\" data-e-type=\"column\">\n\t\t\t<div class=\"elementor-widget-wrap elementor-element-populated\">\n\t\t\t\t\t\t<div class=\"elementor-element elementor-element-6c0275d3 elementor-widget elementor-widget-heading\" data-id=\"6c0275d3\" data-element_type=\"widget\" data-e-type=\"widget\" data-widget_type=\"heading.default\">\n\t\t\t\t\t<h2 class=\"elementor-heading-title elementor-size-default\">Consultar disponibilidad <\/h2>\t\t\t\t<\/div>\n\t\t\t\t<div class=\"elementor-element elementor-element-65f543bd elementor-widget elementor-widget-text-editor\" data-id=\"65f543bd\" data-element_type=\"widget\" data-e-type=\"widget\" data-widget_type=\"text-editor.default\">\n\t\t\t\t\t\t\t\t\t<iframe border=\"0\" src=\"https:\/\/www.trip.com\/partners\/ad\/S5166506?Allianceid=4590391&#038;SID=255085608&#038;trip_sub1=\" style=\"width:900px;height:200px\" frameborder=\"0\" scrolling=\"no\" id=\"S5166506\"><\/iframe>\t\t\t\t\t\t\t\t<\/div>\n\t\t\t\t\t<\/div>\n\t\t<\/div>\n\t\t\t\t\t<\/div>\n\t\t<\/section>\n\t\t\t\t<\/div>","protected":false},"excerpt":{"rendered":"<p>Feeling healthy and well is not a luxury but an absolute necessity. Heal both your soul and body with our miraculous treatments and return home as a new person, calm and refreshed. Opening Dates Monday &#8211; Sunday Opening Hours 06:00 am &#8211; 22:30 pm Price Range $50 &#8211; $450 Book A Table Or calll us: [&hellip;]<\/p>\n","protected":false},"author":1,"featured_media":0,"parent":0,"menu_order":0,"comment_status":"closed","ping_status":"closed","template":"","meta":{"footnotes":""},"class_list":["post-612","page","type-page","status-publish","hentry","post-no-thumbnail"],"_links":{"self":[{"href":"https:\/\/celebrityruichenghotel.com\/es\/wp-json\/wp\/v2\/pages\/612","targetHints":{"allow":["GET"]}}],"collection":[{"href":"https:\/\/celebrityruichenghotel.com\/es\/wp-json\/wp\/v2\/pages"}],"about":[{"href":"https:\/\/celebrityruichenghotel.com\/es\/wp-json\/wp\/v2\/types\/page"}],"author":[{"embeddable":true,"href":"https:\/\/celebrityruichenghotel.com\/es\/wp-json\/wp\/v2\/users\/1"}],"replies":[{"embeddable":true,"href":"https:\/\/celebrityruichenghotel.com\/es\/wp-json\/wp\/v2\/comments?post=612"}],"version-history":[{"count":0,"href":"https:\/\/celebrityruichenghotel.com\/es\/wp-json\/wp\/v2\/pages\/612\/revisions"}],"wp:attachment":[{"href":"https:\/\/celebrityruichenghotel.com\/es\/wp-json\/wp\/v2\/media?parent=612"}],"curies":[{"name":"wp","href":"https:\/\/api.w.org\/{rel}","templated":true}]}}