{"id":2109,"date":"2021-03-26T08:35:58","date_gmt":"2021-03-26T08:35:58","guid":{"rendered":"http:\/\/localhost\/nuss\/?page_id=536"},"modified":"2025-09-02T14:49:58","modified_gmt":"2025-09-02T14:49:58","slug":"instalaciones-comerciales","status":"publish","type":"page","link":"https:\/\/celebrityruichenghotel.com\/es\/business-facilities\/","title":{"rendered":"Instalaciones comerciales"},"content":{"rendered":"<div data-elementor-type=\"wp-page\" data-elementor-id=\"2109\" class=\"elementor elementor-2109\">\n\t\t\t\t\t\t<section class=\"elementor-section elementor-top-section elementor-element elementor-element-bb2901b elementor-section-boxed elementor-section-gap-beside-yes elementor-section-height-default elementor-section-height-default elementor-section-column-vertical-align-stretch\" data-id=\"bb2901b\" data-element_type=\"section\" data-e-type=\"section\">\n\t\t\t\t\t\t<div class=\"elementor-container elementor-column-gap-extended\">\n\t\t\t\t\t<div class=\"elementor-column elementor-col-100 elementor-top-column elementor-element elementor-element-1919db9\" data-id=\"1919db9\" data-element_type=\"column\" data-e-type=\"column\">\n\t\t\t<div class=\"elementor-widget-wrap elementor-element-populated\">\n\t\t\t\t\t\t<div class=\"elementor-element elementor-element-41a7b9c elementor-widget__width-initial elementor-invisible elementor-widget elementor-widget-text-editor\" data-id=\"41a7b9c\" data-element_type=\"widget\" data-e-type=\"widget\" data-settings=\"{&quot;_animation&quot;:&quot;nussFadeInUp&quot;}\" data-widget_type=\"text-editor.default\">\n\t\t\t\t\t\t\t\t\t<p><strong data-spm-anchor-id=\"a2ty_o01.29997173.0.i13.6fbec921UQIc0A\">Las instalaciones empresariales del Celebrity Ruicheng Hotel: un moderno centro para profesionales en el coraz\u00f3n de Chengdu<\/strong><\/p>\t\t\t\t\t\t\t\t<\/div>\n\t\t\t\t\t<\/div>\n\t\t<\/div>\n\t\t\t\t\t<\/div>\n\t\t<\/section>\n\t\t<div class=\"elementor-element elementor-element-6413faa e-flex e-con-boxed e-con e-parent\" data-id=\"6413faa\" data-element_type=\"container\" data-e-type=\"container\">\n\t\t\t\t\t<div class=\"e-con-inner\">\n\t\t\t\t<div class=\"elementor-element elementor-element-f92252e elementor-widget elementor-widget-text-editor\" data-id=\"f92252e\" data-element_type=\"widget\" data-e-type=\"widget\" data-widget_type=\"text-editor.default\">\n\t\t\t\t\t\t\t\t\t<p data-spm-anchor-id=\"a2ty_o01.29997173.0.i14.6fbec921UQIc0A\">Ubicado en el din\u00e1mico <strong>Distrito de Qingyang<\/strong> de <strong>Chengd\u00fa, Sichuan<\/strong> \u2014 una ciudad reconocida por su innovaci\u00f3n, su patrimonio cultural y su econom\u00eda floreciente \u2014 <strong>Hotel Celebrity Ruicheng<\/strong> es m\u00e1s que un simple lugar para descansar la cabeza. En <strong>68 Secci\u00f3n 2 Carretera del Pueblo Medio (Renmin Zhong Lu Er Duan)<\/strong>, Este hotel cuidadosamente dise\u00f1ado combina a la perfecci\u00f3n la comodidad contempor\u00e1nea con servicios empresariales de alto rendimiento, lo que lo convierte en la opci\u00f3n ideal para viajeros corporativos, empresarios y profesionales remotos que buscan un entorno productivo y refinado.<\/p><p>Ya sea que se encuentre en Chengdu para una reuni\u00f3n con un cliente, una conferencia internacional o para gestionar un proyecto interregional, <strong>Hotel Celebrity Ruicheng<\/strong> Te equipa con un conjunto de <strong>instalaciones centradas en los negocios<\/strong> Dise\u00f1ado para mantenerte conectado, concentrado y adelantado a tu agenda.<\/p><h3 data-spm-anchor-id=\"a2ty_o01.29997173.0.i16.6fbec921UQIc0A\">\ud83c\udfe2 Un entorno profesional dise\u00f1ado para el \u00e9xito<\/h3><p data-spm-anchor-id=\"a2ty_o01.29997173.0.i18.6fbec921UQIc0A\">Comprendiendo las demandas de los negocios modernos, el hotel ha dise\u00f1ado un <strong>sistema integral de apoyo empresarial<\/strong> Que atiende tanto sesiones de trabajo espont\u00e1neas como necesidades corporativas formales. Desde conectividad de alta velocidad hasta espacios privados para reuniones, cada detalle est\u00e1 dise\u00f1ado para mejorar la eficiencia y la comodidad.<\/p><h4 data-spm-anchor-id=\"a2ty_o01.29997173.0.i21.6fbec921UQIc0A\">\u2705 <strong data-spm-anchor-id=\"a2ty_o01.29997173.0.i22.6fbec921UQIc0A\">Centro de negocios 24\/7: Trabaje en sus t\u00e9rminos<\/strong><\/h4><p>El hotel <strong>centro de negocios abierto las 24 horas<\/strong> Es un refugio para la productividad. Abierto las 24 horas, ofrece:<\/p><ul data-spm-anchor-id=\"a2ty_o01.29997173.0.i20.6fbec921UQIc0A\"><li><strong>Wi-Fi de alta velocidad<\/strong> con ancho de banda de nivel empresarial, lo que garantiza videoconferencias fluidas, acceso a la nube y transferencias de archivos de gran tama\u00f1o.<\/li><li><strong>Estaciones de trabajo ergon\u00f3micas<\/strong> con sillas ajustables, amplio espacio de escritorio e iluminaci\u00f3n para tareas individuales.<\/li><li><strong data-spm-anchor-id=\"a2ty_o01.29997173.0.i23.6fbec921UQIc0A\">Impresoras, esc\u00e1neres y fotocopiadoras multifunci\u00f3n<\/strong> \u2014 compatible con USB, nube e impresi\u00f3n m\u00f3vil.<\/li><li><strong>Tomas de corriente y puertos USB<\/strong> para todos los dispositivos, incluidas computadoras port\u00e1tiles, tel\u00e9fonos inteligentes y tabletas.<\/li><li><strong>Kits de papeler\u00eda de cortes\u00eda<\/strong> \u2014 incluidos blocs de notas, bol\u00edgrafos, sobres y adaptadores internacionales.<\/li><\/ul><p data-spm-anchor-id=\"a2ty_o01.29997173.0.i19.6fbec921UQIc0A\">Ya sea que est\u00e9 finalizando una presentaci\u00f3n a medianoche o prepar\u00e1ndose para un discurso por la ma\u00f1ana, el centro de negocios garantiza que nunca se quedar\u00e1 sin las herramientas que necesita.<\/p><div class=\"py-2 my-3\"><hr \/><\/div><h4>\ud83e\udd1d <strong>Salas de reuniones y conferencias privadas: organice sus reuniones con confianza<\/strong><\/h4><p>Para profesionales que organizan reuniones, entrevistas o reuniones de equipos peque\u00f1os, <strong>Hotel Celebrity Ruicheng<\/strong> ofertas <strong>Salas de reuniones privadas totalmente equipadas<\/strong> que combinan funcionalidad con elegancia.<\/p><p>Las caracter\u00edsticas principales incluyen:<\/p><ul><li><strong>Distribuciones de salas flexibles<\/strong> \u2014 Sala de juntas, con asientos en forma de U o estilo teatro para grupos de 6 a 20 invitados.<\/li><li><strong>Televisores inteligentes y proyectores HD<\/strong> \u2014 compatible con HDMI, duplicaci\u00f3n de pantalla inal\u00e1mbrica (AirPlay, Miracast) y plataformas de videoconferencia (Zoom, Teams, Google Meet).<\/li><li><strong>Sistemas de audio profesionales<\/strong> con micr\u00f3fonos inal\u00e1mbricos y altavoces con cancelaci\u00f3n de ruido.<\/li><li><strong>Cortinas opacas y control de clima<\/strong> para un enfoque y comodidad \u00f3ptimos.<\/li><li data-spm-anchor-id=\"a2ty_o01.29997173.0.i12.6fbec921UQIc0A\"><strong>Servicio de catering a la carta<\/strong> \u2014 elija entre una selecci\u00f3n de almuerzos de negocios, pausas para el caf\u00e9 o canap\u00e9s inspirados en Sichuan.<\/li><\/ul><p>El hotel <strong>coordinador de eventos dedicado<\/strong> est\u00e1 disponible para ayudar con la configuraci\u00f3n, el soporte t\u00e9cnico y la programaci\u00f3n, garantizando que su reuni\u00f3n se desarrolle sin problemas de principio a fin.<\/p><div class=\"py-2 my-3\"><hr \/><\/div><h4>\ud83d\udcbc <strong>Capacidades de negocios en la habitaci\u00f3n: Productividad desde su suite<\/strong><\/h4><p>Incluso en la comodidad de su habitaci\u00f3n, la experiencia de negocios contin\u00faa. Todas las habitaciones del Celebrity Ruicheng Hotel est\u00e1n dise\u00f1adas pensando en el viajero de negocios:<\/p><ul><li><strong>Escritorios de trabajo ergon\u00f3micos<\/strong> con amplia iluminaci\u00f3n y f\u00e1cil acceso a tomas de corriente.<\/li><li><strong>Tel\u00e9fonos de dos l\u00edneas<\/strong> con buz\u00f3n de voz y marcaci\u00f3n internacional.<\/li><li><strong>Televisores de pantalla plana de alta definici\u00f3n<\/strong> con entrada HDMI para presentaciones.<\/li><li><strong>Wi-Fi seguro<\/strong> con opciones de red p\u00fablica y privada para datos confidenciales.<\/li><li><strong>Registro de entrada\/salida digital y acceso mediante llave m\u00f3vil<\/strong> a trav\u00e9s de la aplicaci\u00f3n del hotel: minimiza las esperas en recepci\u00f3n y maximiza tu tiempo.<\/li><\/ul><p>Para estancias prolongadas, <strong>suites ejecutivas<\/strong> Ofrecen espacio adicional, un espacio de trabajo separado y acceso prioritario a los servicios comerciales.<\/p><div class=\"py-2 my-3\"><hr \/><\/div><h3>\ud83c\udf10 Ubicaci\u00f3n estrat\u00e9gica para negocios y networking<\/h3><p>Situado en <strong>Camino del Pueblo Medio<\/strong>, una de las principales arterias comerciales de Chengdu, el hotel lo coloca a poca distancia de los principales distritos comerciales, oficinas gubernamentales y centros tecnol\u00f3gicos:<\/p><ul><li><strong>5 minutos<\/strong> de <strong>Complejo del Gobierno Provincial de Sichuan<\/strong><\/li><li><strong>10 minutos<\/strong> a <strong>Zona de Desarrollo Industrial de Alta Tecnolog\u00eda de Chengdu (CDHT)<\/strong><\/li><li><strong>15 minutos<\/strong> de <strong>Distrito financiero central de Jinjiang<\/strong> y <strong>Torre IFS<\/strong><\/li><li><strong>20 minutos<\/strong> de <strong>Estaci\u00f3n de tren de Chengdu Este<\/strong> y <strong>Parque de software de Tianfu<\/strong><\/li><\/ul><p>La ubicaci\u00f3n tambi\u00e9n ofrece una excelente conectividad a trav\u00e9s del transporte p\u00fablico, con <strong>Estaci\u00f3n de metro de Qingjiang Road (l\u00ednea 4)<\/strong> A solo 7 minutos a pie, lo que le permitir\u00e1 llegar directamente a centros de conferencias, aeropuertos y distritos financieros.<\/p><div class=\"py-2 my-3\"><hr \/><\/div><h3>\ud83d\udece\ufe0f Servicios de soporte integrales para el profesional moderno<\/h3><p>M\u00e1s all\u00e1 de la infraestructura f\u00edsica, el hotel ofrece <strong>servicios de valor a\u00f1adido<\/strong> que elevan su experiencia empresarial:<\/p><ul><li><strong>Servicios de secretar\u00eda expr\u00e9s<\/strong>Desde la traducci\u00f3n de documentos (ingl\u00e9s, mandar\u00edn, japon\u00e9s) hasta la gesti\u00f3n del correo electr\u00f3nico y la planificaci\u00f3n de itinerarios: el soporte est\u00e1 disponible a pedido.<\/li><li><strong>Mensajer\u00eda y correo urgente<\/strong>:Servicios de entrega y recogida de DHL, FedEx y SF Express en la recepci\u00f3n.<\/li><li><strong>Conserje de negocios<\/strong>:Un miembro del personal dedicado a ayudar con las reservas de salas de reuniones, reservas de restaurantes para cenas de clientes y arreglos de transporte.<\/li><li><strong>Personal multiling\u00fce<\/strong>:Habla mandar\u00edn, ingl\u00e9s y japon\u00e9s b\u00e1sico con fluidez, lo que garantiza una comunicaci\u00f3n clara para los hu\u00e9spedes internacionales.<\/li><\/ul><p>Para quienes buscan un equilibrio entre trabajo y bienestar, el hotel tambi\u00e9n cuenta con un <strong>gimnasio<\/strong>, <strong>sala de relajaci\u00f3n<\/strong>, y <strong>restaurante en el lugar<\/strong> Sirviendo energizantes buffets de desayuno con opciones de Sichuan e internacionales, perfectos para comenzar un d\u00eda productivo.<\/p><div class=\"py-2 my-3\"><hr \/><\/div><h3>\ud83c\udfc6 \u00bfPor qu\u00e9 elegir el Celebrity Ruicheng Hotel para viajes de negocios?<\/h3><ul><li>\u2705 <strong>Direcci\u00f3n c\u00e9ntrica y prestigiosa<\/strong> en el pr\u00f3spero distrito Qingyang de Chengdu<\/li><li>\u2705 <strong>Conectividad confiable y de alta velocidad<\/strong> con sistemas de respaldo<\/li><li>\u2705 <strong>Espacios de reuni\u00f3n profesionales<\/strong> con integraci\u00f3n tecnol\u00f3gica<\/li><li>\u2705 <strong>Acceso 24\/7 a los elementos esenciales del negocio<\/strong><\/li><li>\u2705 <strong>Servicio discreto y eficiente<\/strong> Adaptado a las necesidades corporativas<\/li><li>\u2705 <strong>Combinaci\u00f3n perfecta de comodidad y funcionalidad.<\/strong><\/li><\/ul><p>Ya sea que est\u00e9 cerrando un trato, liderando un equipo o trabajando de forma remota con una vista del horizonte de Chengdu, <strong>Hotel Celebrity Ruicheng<\/strong> Transforma tu estancia en una experiencia de alto rendimiento.<\/p><div class=\"py-2 my-3\"><hr \/><\/div><div class=\"my-2\">\u00a0<\/div><p><strong>Planifique su estad\u00eda de negocios hoy<\/strong><br \/>\ud83d\udccd <strong>DIRECCI\u00d3N<\/strong>68 Secci\u00f3n 2 Carretera Popular Central, Distrito de Qingyang, Chengdu, Sichuan, 610061, China<br \/>\ud83d\udcde <strong>Tel\u00e9fono<\/strong>: +86 28 8733 9999 (Servicios de atenci\u00f3n al cliente)<br \/>\ud83c\udf10 <strong>Sitio web<\/strong>: <a href=\"https:\/\/celebrityruichenghotel.com\/es\/\" target=\"_blank\" rel=\"nofollow noopener\">www.celebrityruichenghotel.com <\/a><\/p><p>En <strong>Hotel Celebrity Ruicheng<\/strong>, No solo hospedamos a viajeros de negocios, sino que los empoderamos. Porque en el mundo acelerado de hoy, el \u00e9xito no se trata solo de ad\u00f3nde vas, sino del buen apoyo que recibes al llegar.<\/p><div class=\"my-2\">\u00a0<\/div><p data-spm-anchor-id=\"a2ty_o01.29997173.0.i26.6fbec921UQIc0A\">Hotel de celebridades en Ruicheng, Hotel de negocios en Chengdu, Estancia corporativa en Sichuan, Instalaciones de negocios en Chengdu, Viajes ejecutivos en China, Hotel con salas de reuniones en Chengdu, Trabajo remoto en Chengdu, Estancia profesional en China, Centro de negocios en Asia en China, Hotel inteligente en China<\/p>\t\t\t\t\t\t\t\t<\/div>\n\t\t\t\t\t<\/div>\n\t\t\t\t<\/div>\n\t\t\t\t<section class=\"elementor-section elementor-top-section elementor-element elementor-element-1ed47b51 elementor-section-stretched elementor-section-boxed elementor-section-gap-beside-yes elementor-section-height-default elementor-section-height-default elementor-section-column-vertical-align-stretch\" data-id=\"1ed47b51\" data-element_type=\"section\" data-e-type=\"section\" data-settings=\"{&quot;background_background&quot;:&quot;classic&quot;,&quot;stretch_section&quot;:&quot;section-stretched&quot;}\">\n\t\t\t\t\t\t<div class=\"elementor-container elementor-column-gap-extended\">\n\t\t\t\t\t<div class=\"elementor-column elementor-col-100 elementor-top-column elementor-element elementor-element-6742d11d\" data-id=\"6742d11d\" data-element_type=\"column\" data-e-type=\"column\">\n\t\t\t<div class=\"elementor-widget-wrap elementor-element-populated\">\n\t\t\t\t\t\t<div class=\"elementor-element elementor-element-664d9799 elementor-widget elementor-widget-heading\" data-id=\"664d9799\" data-element_type=\"widget\" data-e-type=\"widget\" data-widget_type=\"heading.default\">\n\t\t\t\t\t<h2 class=\"elementor-heading-title elementor-size-default\">Consultar disponibilidad <\/h2>\t\t\t\t<\/div>\n\t\t\t\t<div class=\"elementor-element elementor-element-4ef3de1e elementor-widget elementor-widget-text-editor\" data-id=\"4ef3de1e\" data-element_type=\"widget\" data-e-type=\"widget\" data-widget_type=\"text-editor.default\">\n\t\t\t\t\t\t\t\t\t<iframe border=\"0\" src=\"https:\/\/www.trip.com\/partners\/ad\/S5166506?Allianceid=4590391&#038;SID=255085608&#038;trip_sub1=\" style=\"width:900px;height:200px\" frameborder=\"0\" scrolling=\"no\" id=\"S5166506\"><\/iframe>\t\t\t\t\t\t\t\t<\/div>\n\t\t\t\t\t<\/div>\n\t\t<\/div>\n\t\t\t\t\t<\/div>\n\t\t<\/section>\n\t\t\t\t<\/div>","protected":false},"excerpt":{"rendered":"<p>The Business Facilities at Celebrity Ruicheng Hotel \u2013 A Modern Hub for Professionals in the Heart of Chengdu Located in the dynamic Qingyang District of Chengdu, Sichuan \u2014 a city renowned for its innovation, cultural heritage, and booming economy \u2014 Celebrity Ruicheng Hotel is more than just a place to rest your head. At 68 [&hellip;]<\/p>\n","protected":false},"author":1,"featured_media":0,"parent":0,"menu_order":0,"comment_status":"closed","ping_status":"closed","template":"","meta":{"footnotes":""},"class_list":["post-2109","page","type-page","status-publish","hentry","post-no-thumbnail"],"_links":{"self":[{"href":"https:\/\/celebrityruichenghotel.com\/es\/wp-json\/wp\/v2\/pages\/2109","targetHints":{"allow":["GET"]}}],"collection":[{"href":"https:\/\/celebrityruichenghotel.com\/es\/wp-json\/wp\/v2\/pages"}],"about":[{"href":"https:\/\/celebrityruichenghotel.com\/es\/wp-json\/wp\/v2\/types\/page"}],"author":[{"embeddable":true,"href":"https:\/\/celebrityruichenghotel.com\/es\/wp-json\/wp\/v2\/users\/1"}],"replies":[{"embeddable":true,"href":"https:\/\/celebrityruichenghotel.com\/es\/wp-json\/wp\/v2\/comments?post=2109"}],"version-history":[{"count":0,"href":"https:\/\/celebrityruichenghotel.com\/es\/wp-json\/wp\/v2\/pages\/2109\/revisions"}],"wp:attachment":[{"href":"https:\/\/celebrityruichenghotel.com\/es\/wp-json\/wp\/v2\/media?parent=2109"}],"curies":[{"name":"wp","href":"https:\/\/api.w.org\/{rel}","templated":true}]}}