{"id":2105,"date":"2021-03-24T07:25:45","date_gmt":"2021-03-24T07:25:45","guid":{"rendered":"http:\/\/localhost\/nuss\/?page_id=235"},"modified":"2025-09-02T15:37:16","modified_gmt":"2025-09-02T15:37:16","slug":"preguntas-frecuentes","status":"publish","type":"page","link":"https:\/\/celebrityruichenghotel.com\/es\/faqs\/","title":{"rendered":"Preguntas frecuentes"},"content":{"rendered":"<div data-elementor-type=\"wp-page\" data-elementor-id=\"2105\" class=\"elementor elementor-2105\">\n\t\t\t\t\t\t<section class=\"elementor-section elementor-top-section elementor-element elementor-element-2a96a73 elementor-section-boxed elementor-section-gap-beside-yes elementor-section-height-default elementor-section-height-default elementor-section-column-vertical-align-stretch\" data-id=\"2a96a73\" data-element_type=\"section\" data-e-type=\"section\">\n\t\t\t\t\t\t<div class=\"elementor-container elementor-column-gap-extended\">\n\t\t\t\t\t<div class=\"elementor-column elementor-col-100 elementor-top-column elementor-element elementor-element-98ef20c\" data-id=\"98ef20c\" data-element_type=\"column\" data-e-type=\"column\">\n\t\t\t<div class=\"elementor-widget-wrap elementor-element-populated\">\n\t\t\t\t\t\t<div class=\"elementor-element elementor-element-97088c0 elementor-widget__width-initial elementor-invisible elementor-widget elementor-widget-text-editor\" data-id=\"97088c0\" data-element_type=\"widget\" data-e-type=\"widget\" data-settings=\"{&quot;_animation&quot;:&quot;nussFadeInUp&quot;}\" data-widget_type=\"text-editor.default\">\n\t\t\t\t\t\t\t\t\t<p>A continuaci\u00f3n encontrar\u00e1 una lista de las preguntas m\u00e1s frecuentes que nos hacen nuestros hu\u00e9spedes.<\/p>\t\t\t\t\t\t\t\t<\/div>\n\t\t\t\t\t<\/div>\n\t\t<\/div>\n\t\t\t\t\t<\/div>\n\t\t<\/section>\n\t\t\t\t<section class=\"elementor-section elementor-top-section elementor-element elementor-element-b184647 elementor-section-gap-beside-no elementor-section-boxed elementor-section-height-default elementor-section-height-default elementor-section-column-vertical-align-stretch\" data-id=\"b184647\" data-element_type=\"section\" data-e-type=\"section\">\n\t\t\t\t\t\t<div class=\"elementor-container elementor-column-gap-extended\">\n\t\t\t\t\t<div class=\"elementor-column elementor-col-100 elementor-top-column elementor-element elementor-element-1d49749\" data-id=\"1d49749\" data-element_type=\"column\" data-e-type=\"column\">\n\t\t\t<div class=\"elementor-widget-wrap elementor-element-populated\">\n\t\t\t\t\t\t<div class=\"elementor-element elementor-element-b986a9e elementor-invisible elementor-widget elementor-widget-nuss-heading\" data-id=\"b986a9e\" data-element_type=\"widget\" data-e-type=\"widget\" data-settings=\"{&quot;_animation&quot;:&quot;nussFadeInUp&quot;}\" data-widget_type=\"nuss-heading.default\">\n\t\t\t\t<div class=\"elementor-widget-container\">\n\t\t\t\t\t\t\t<div class=\"nuss-modern-heading\">\r\n\t\t\t\r\n\t\t\t\t\t\t<div class=\"heading-primary-wrap\">\r\n\t\t\t\t<h4 class=\"heading-primary elementor-heading-title\">Preguntas frecuentes<\/h4>\t\t\t<\/div>\r\n\t\t\r\n\t\t\t\t\t\t<div class=\"heading-divider-wrap\">\r\n\t\t\t\t<div class=\"heading-divider\" style=\"left: 0px;top: 6px\"><\/div>\r\n\t\t\t<\/div>\r\n\t\r\n\t\t\t\t\t<\/div>\r\n\t\t\t\t\t<\/div>\n\t\t\t\t<\/div>\n\t\t\t\t<div class=\"elementor-element elementor-element-50f0733 elementor-invisible elementor-widget elementor-widget-heading\" data-id=\"50f0733\" data-element_type=\"widget\" data-e-type=\"widget\" data-settings=\"{&quot;_animation&quot;:&quot;nussFadeInUp&quot;}\" data-widget_type=\"heading.default\">\n\t\t\t\t\t<h2 class=\"elementor-heading-title elementor-size-default\">Preguntas y respuestas<\/h2>\t\t\t\t<\/div>\n\t\t\t\t<div class=\"elementor-element elementor-element-26a59b4 elementor-widget elementor-widget-text-editor\" data-id=\"26a59b4\" data-element_type=\"widget\" data-e-type=\"widget\" data-widget_type=\"text-editor.default\">\n\t\t\t\t\t\t\t\t\t<p><strong>1. \u00bfD\u00f3nde est\u00e1 ubicado el Celebrity Ruicheng Hotel?<\/strong><br \/>El hotel est\u00e1 situado en <strong>68 Secci\u00f3n 2 Middle People&#039;s Road (Renmin Zhong Lu Er Duan), Distrito de Qingyang, Chengdu, Sichuan, 610061, China<\/strong> \u2014 en el coraz\u00f3n del distrito comercial y gubernamental central de Chengdu.<\/p><div class=\"my-2\">\u00a0<\/div><p><strong>2. \u00bfA qu\u00e9 distancia est\u00e1 el hotel del Aeropuerto Internacional de Chengdu Tianfu (TFU)?<\/strong><br \/>Aproximadamente <strong>55 kil\u00f3metros<\/strong>, que tarda aproximadamente <strong>50\u201360 minutos en taxi o transporte al aeropuerto<\/strong>, dependiendo del tr\u00e1fico.<\/p><div class=\"my-2\">\u00a0<\/div><p><strong>3. \u00bfHay un servicio de transporte desde el aeropuerto?<\/strong><br \/>El hotel no ofrece servicio gratuito de transporte al aeropuerto, pero <strong>Se pueden organizar servicios de traslado privado bajo petici\u00f3n.<\/strong>. Los hu\u00e9spedes suelen utilizar Didi (la aplicaci\u00f3n china de transporte compartido) o los autobuses expr\u00e9s del aeropuerto con un corto trayecto en taxi hasta el hotel.<\/p><div class=\"my-2\">\u00a0<\/div><p><strong>4. \u00bfCu\u00e1l es la estaci\u00f3n de metro m\u00e1s cercana?<\/strong><br \/><strong>Estaci\u00f3n de Qingjiang Road (L\u00ednea 4)<\/strong> es el m\u00e1s cercano, solo un <strong>7 minutos a pie<\/strong> Desde el hotel. Conecta con \u00e1reas importantes como el distrito de Jinjiang, la calle Chunxi y la estaci\u00f3n de tren de Chengdu Este.<\/p><div class=\"my-2\">\u00a0<\/div><p><strong>5. \u00bfEl hotel ofrece WiFi gratuita?<\/strong><br \/>S\u00ed, <strong>Wi-Fi gratuito de alta velocidad<\/strong> Est\u00e1 disponible en todas las habitaciones y \u00e1reas p\u00fablicas, incluido el vest\u00edbulo, el centro de negocios y el restaurante.<\/p><div class=\"my-2\">\u00a0<\/div><p><strong>6. \u00bfCu\u00e1les son los horarios de check-in y check-out?<\/strong><\/p><ul><li><strong>Registrarse<\/strong>: 14:00 horas (14:00)<\/li><li><strong>Verificar<\/strong>: 12:00 PM (mediod\u00eda)<br \/>Se puede solicitar check-in anticipado o check-out tard\u00edo, sujeto a disponibilidad.<\/li><\/ul><div class=\"my-2\">\u00a0<\/div><p><strong>7. \u00bfEl hotel dispone de aparcamiento?<\/strong><br \/>S\u00ed, <strong>Hay aparcamiento gratuito disponible en el establecimiento.<\/strong> Para hu\u00e9spedes, sujeto a disponibilidad. No se ofrece servicio de valet parking.<\/p><div class=\"my-2\">\u00a0<\/div><p><strong>8. \u00bfEl hotel es adecuado para viajeros de negocios?<\/strong><br \/>Por supuesto. El hotel cuenta con un <strong>Centro de negocios abierto las 24 horas, los 7 d\u00edas de la semana<\/strong>, <strong>salas de reuniones privadas<\/strong>, Internet de alta velocidad, servicios de impresi\u00f3n y proximidad a oficinas gubernamentales y parques tecnol\u00f3gicos, lo que lo hace ideal para estad\u00edas corporativas.<\/p><div class=\"my-2\">\u00a0<\/div><p><strong>9. \u00bfHay opciones para comer en el hotel?<\/strong><br \/>S\u00ed, el hotel tiene un <strong>restaurante en el lugar<\/strong> sirviendo a un <strong>desayuno buffet diario<\/strong> con ambos <strong>Opciones chinas (estilo Sichuan) y occidentales<\/strong>. Tambi\u00e9n se ofrecen comidas ligeras y bebidas durante todo el d\u00eda.<\/p><div class=\"my-2\">\u00a0<\/div><p><strong>10. \u00bfEl desayuno est\u00e1 incluido en el precio de la habitaci\u00f3n?<\/strong><br \/>La inclusi\u00f3n del desayuno depende de su paquete de reserva. A menudo es... <strong>Disponible como complemento o incluido en las tarifas premium<\/strong>. Consulta los detalles de tu reserva en Trip.com o en el momento del check-in.<\/p><div class=\"my-2\">\u00a0<\/div><p><strong>11. \u00bfEl hotel dispone de gimnasio?<\/strong><br \/>S\u00ed, hay una <strong>gimnasio abierto las 24 horas<\/strong> Equipado con cintas de correr, el\u00edpticas y m\u00e1quinas de entrenamiento de fuerza para uso de los hu\u00e9spedes.<\/p><div class=\"my-2\">\u00a0<\/div><p><strong>12. \u00bfLas habitaciones son para no fumadores?<\/strong><br \/>S\u00ed, <strong>Todas las habitaciones son estrictamente para no fumadores.<\/strong>. S\u00f3lo se permite fumar en las zonas exteriores designadas.<\/p><div class=\"my-2\">\u00a0<\/div><p><strong>13. \u00bfPuedo solicitar una habitaci\u00f3n con ventana o piso alto?<\/strong><br \/>S\u00ed, se pueden elegir las preferencias de habitaci\u00f3n (ventana, piso alto, lado tranquilo). <strong>Solicitado al hacer la reserva o a la llegada<\/strong>, aunque est\u00e1n sujetos a disponibilidad.<\/p><div class=\"my-2\">\u00a0<\/div><p><strong>14. \u00bfEl hotel dispone de un restaurante abierto a personas que no son hu\u00e9spedes?<\/strong><br \/>S\u00ed, el <strong>El restaurante del hotel est\u00e1 abierto al p\u00fablico.<\/strong>, lo que lo convierte en un lugar conveniente para almuerzos de negocios o experiencias gastron\u00f3micas locales.<\/p><div class=\"my-2\">\u00a0<\/div><p><strong>15. \u00bfEl personal habla ingl\u00e9s con fluidez?<\/strong><br \/>S\u00ed, el <strong>El personal de recepci\u00f3n y conserjer\u00eda habla ingl\u00e9s con fluidez.<\/strong> y japon\u00e9s b\u00e1sico, lo que garantiza una comunicaci\u00f3n fluida para los hu\u00e9spedes internacionales.<\/p><div class=\"my-2\">\u00a0<\/div><p><strong>16. \u00bfHay opciones de comida vegetariana o vegana disponibles?<\/strong><br \/>S\u00ed, el restaurante ofrece <strong>platos aptos para vegetarianos<\/strong>, y la cocina tiene capacidad para <strong>peticiones veganas y sin gluten<\/strong> con previo aviso.<\/p><div class=\"my-2\">\u00a0<\/div><p><strong>17. \u00bfPuedo guardar mi equipaje antes del check-in o despu\u00e9s del check-out?<\/strong><br \/>S\u00ed, el hotel ofrece <strong>almacenamiento de equipaje gratuito<\/strong> en la recepci\u00f3n para los hu\u00e9spedes que llegan temprano o salen tarde.<\/p><div class=\"my-2\">\u00a0<\/div><p><strong>18. \u00bfHay alguna sala de negocios o de reuniones para alquilar?<\/strong><br \/>S\u00ed, el hotel tiene <strong>Salas de reuniones privadas totalmente equipadas<\/strong> Con sistemas audiovisuales, wifi, proyectores y capacidad para hasta 20 personas. Ideal para peque\u00f1as conferencias, entrevistas o reuniones de equipo.<\/p><div class=\"my-2\">\u00a0<\/div><p><strong>19. \u00bfQu\u00e9 m\u00e9todos de pago se aceptan?<\/strong><br \/>El hotel acepta:<\/p><ul><li><strong>Tarjetas de cr\u00e9dito<\/strong>:Visa, Mastercard<\/li><li><strong>Plataformas de pago chinas<\/strong>: UnionPay, Alipay, WeChat Pay<\/li><li><strong>Dinero<\/strong>: CNY (Yuan chino)<\/li><\/ul><div class=\"my-2\">\u00a0<\/div><p><strong>20. \u00bfC\u00f3mo puedo hacer una reserva o contactar directamente con el hotel?<\/strong><br \/>Puedes reservar a trav\u00e9s de las principales plataformas como <strong>Trip.com, Ctrip o Booking.com<\/strong>, o contacte directamente con el hotel:<br \/>\ud83d\udcde <strong>Tel\u00e9fono<\/strong>: +862888033333<br \/>\ud83c\udf10 <strong>Listado de Trip.com<\/strong>: <a href=\"https:\/\/www.trip.com\/t\/JEyppHyzHR2\" target=\"_blank\" rel=\"noopener\">https:\/\/www.trip.com\/t\/JEyppHyzHR2<\/a><\/p><div class=\"my-2\">\u00a0<\/div><div class=\"py-2 my-3\"><hr \/><\/div><div class=\"my-2\">\u00a0<\/div><h3>\u2705 Por qu\u00e9 a los viajeros les encanta el Celebrity Ruicheng Hotel<\/h3><ul><li>\u2705 <strong>Ubicaci\u00f3n central<\/strong> en el distrito de Qingyang<\/li><li>\u2705 <strong>Habitaciones limpias, modernas y tranquilas.<\/strong><\/li><li>\u2705 <strong>Excelente para viajeros de negocios.<\/strong><\/li><li>\u2705 <strong>Personal amable y multiling\u00fce<\/strong><\/li><li>\u2705 <strong>Excelente relaci\u00f3n calidad-precio<\/strong><\/li><li>\u2705 <strong>Wi-Fi confiable y servicios empresariales<\/strong><\/li><\/ul><div class=\"my-2\">\u00a0<\/div><div class=\"py-2 my-3\"><hr \/><\/div><div class=\"my-2\">\u00a0<\/div><p data-spm-anchor-id=\"a2ty_o01.29997173.0.i41.6fbec921UQIc0A\">Ya sea que visite Chengdu por trabajo, reuniones gubernamentales o para explorar la rica cultura y gastronom\u00eda de la ciudad, <strong>Hotel Celebrity Ruicheng<\/strong> Proporciona una estancia c\u00f3moda, profesional y sin complicaciones.<\/p><div class=\"my-2\">\u00a0<\/div><p data-spm-anchor-id=\"a2ty_o01.29997173.0.i42.6fbec921UQIc0A\">Hotel de celebridades en Ruicheng, Preguntas frecuentes sobre hoteles en Chengdu, Hotel de negocios en Chengdu, Hotel en el distrito de Qingyang, Consejos de viaje en Chengdu, TripCom Hotel, Gu\u00eda de hoteles en China, Preguntas respondidas de los hu\u00e9spedes, Hotel con desayuno, Traslado al aeropuerto de Chengdu<\/p>\t\t\t\t\t\t\t\t<\/div>\n\t\t\t\t\t<\/div>\n\t\t<\/div>\n\t\t\t\t\t<\/div>\n\t\t<\/section>\n\t\t\t\t<section class=\"elementor-section elementor-top-section elementor-element elementor-element-366fcd12 elementor-section-stretched elementor-section-boxed elementor-section-gap-beside-yes elementor-section-height-default elementor-section-height-default elementor-section-column-vertical-align-stretch\" data-id=\"366fcd12\" data-element_type=\"section\" data-e-type=\"section\" data-settings=\"{&quot;background_background&quot;:&quot;classic&quot;,&quot;stretch_section&quot;:&quot;section-stretched&quot;}\">\n\t\t\t\t\t\t<div class=\"elementor-container elementor-column-gap-extended\">\n\t\t\t\t\t<div class=\"elementor-column elementor-col-100 elementor-top-column elementor-element elementor-element-3a3b07c3\" data-id=\"3a3b07c3\" data-element_type=\"column\" data-e-type=\"column\">\n\t\t\t<div class=\"elementor-widget-wrap elementor-element-populated\">\n\t\t\t\t\t\t<div class=\"elementor-element elementor-element-52dd6320 elementor-widget elementor-widget-heading\" data-id=\"52dd6320\" data-element_type=\"widget\" data-e-type=\"widget\" data-widget_type=\"heading.default\">\n\t\t\t\t\t<h2 class=\"elementor-heading-title elementor-size-default\">Consultar disponibilidad <\/h2>\t\t\t\t<\/div>\n\t\t\t\t<div class=\"elementor-element elementor-element-54b2dbe6 elementor-widget elementor-widget-text-editor\" data-id=\"54b2dbe6\" data-element_type=\"widget\" data-e-type=\"widget\" data-widget_type=\"text-editor.default\">\n\t\t\t\t\t\t\t\t\t<iframe border=\"0\" src=\"https:\/\/www.trip.com\/partners\/ad\/S5166506?Allianceid=4590391&#038;SID=255085608&#038;trip_sub1=\" style=\"width:900px;height:200px\" frameborder=\"0\" scrolling=\"no\" id=\"S5166506\"><\/iframe>\t\t\t\t\t\t\t\t<\/div>\n\t\t\t\t\t<\/div>\n\t\t<\/div>\n\t\t\t\t\t<\/div>\n\t\t<\/section>\n\t\t\t\t<\/div>","protected":false},"excerpt":{"rendered":"<p>Below, you will find a list of the questions most frequently asked by our guests. FAQ&#8217;S Questions &amp; Answers Check-in time? As a rough guide, the check-in time is after 12 a.m. Let us know your arrival time in case you schedule and early check in we\u2018ll do our best to have your room available. [&hellip;]<\/p>\n","protected":false},"author":1,"featured_media":0,"parent":0,"menu_order":0,"comment_status":"closed","ping_status":"closed","template":"","meta":{"footnotes":""},"class_list":["post-2105","page","type-page","status-publish","hentry","post-no-thumbnail"],"_links":{"self":[{"href":"https:\/\/celebrityruichenghotel.com\/es\/wp-json\/wp\/v2\/pages\/2105","targetHints":{"allow":["GET"]}}],"collection":[{"href":"https:\/\/celebrityruichenghotel.com\/es\/wp-json\/wp\/v2\/pages"}],"about":[{"href":"https:\/\/celebrityruichenghotel.com\/es\/wp-json\/wp\/v2\/types\/page"}],"author":[{"embeddable":true,"href":"https:\/\/celebrityruichenghotel.com\/es\/wp-json\/wp\/v2\/users\/1"}],"replies":[{"embeddable":true,"href":"https:\/\/celebrityruichenghotel.com\/es\/wp-json\/wp\/v2\/comments?post=2105"}],"version-history":[{"count":0,"href":"https:\/\/celebrityruichenghotel.com\/es\/wp-json\/wp\/v2\/pages\/2105\/revisions"}],"wp:attachment":[{"href":"https:\/\/celebrityruichenghotel.com\/es\/wp-json\/wp\/v2\/media?parent=2105"}],"curies":[{"name":"wp","href":"https:\/\/api.w.org\/{rel}","templated":true}]}}