{"id":612,"date":"2021-03-26T10:04:13","date_gmt":"2021-03-26T10:04:13","guid":{"rendered":"http:\/\/localhost\/nuss\/?page_id=612"},"modified":"2025-09-02T15:54:29","modified_gmt":"2025-09-02T15:54:29","slug":"restaurant","status":"publish","type":"page","link":"https:\/\/celebrityruichenghotel.com\/de\/restaurant\/","title":{"rendered":"Restaurant"},"content":{"rendered":"<div data-elementor-type=\"wp-page\" data-elementor-id=\"612\" class=\"elementor elementor-612\">\n\t\t\t\t\t\t<section class=\"elementor-section elementor-top-section elementor-element elementor-element-e2effe8 elementor-section-boxed elementor-section-gap-beside-yes elementor-section-height-default elementor-section-height-default elementor-section-column-vertical-align-stretch\" data-id=\"e2effe8\" data-element_type=\"section\" data-e-type=\"section\">\n\t\t\t\t\t\t<div class=\"elementor-container elementor-column-gap-extended\">\n\t\t\t\t\t<div class=\"elementor-column elementor-col-100 elementor-top-column elementor-element elementor-element-e18f688\" data-id=\"e18f688\" data-element_type=\"column\" data-e-type=\"column\">\n\t\t\t<div class=\"elementor-widget-wrap elementor-element-populated\">\n\t\t\t\t\t\t<div class=\"elementor-element elementor-element-6db146d elementor-widget__width-initial elementor-invisible elementor-widget elementor-widget-text-editor\" data-id=\"6db146d\" data-element_type=\"widget\" data-e-type=\"widget\" data-settings=\"{&quot;_animation&quot;:&quot;nussFadeInUp&quot;}\" data-widget_type=\"text-editor.default\">\n\t\t\t\t\t\t\t\t\t<p><strong data-spm-anchor-id=\"a2ty_o01.29997173.0.i55.6fbec921UQIc0A\">Entdecken Sie Geschmack und Eleganz im Restaurant des Celebrity Ruicheng Hotels \u2013 ein kulinarisches Juwel im Herzen von Chengdu<\/strong><\/p>\t\t\t\t\t\t\t\t<\/div>\n\t\t\t\t\t<\/div>\n\t\t<\/div>\n\t\t\t\t\t<\/div>\n\t\t<\/section>\n\t\t<div class=\"elementor-element elementor-element-04ac4b7 e-flex e-con-boxed e-con e-parent\" data-id=\"04ac4b7\" data-element_type=\"container\" data-e-type=\"container\">\n\t\t\t\t\t<div class=\"e-con-inner\">\n\t\t\t\t<div class=\"elementor-element elementor-element-192884a elementor-widget elementor-widget-nuss-image-gallery\" data-id=\"192884a\" data-element_type=\"widget\" data-e-type=\"widget\" data-widget_type=\"nuss-image-gallery.default\">\n\t\t\t\t<div class=\"elementor-widget-container\">\n\t\t\t\t\t\t\t<div class=\"nuss-grid-wrapper\" data-grid=\"{&quot;type&quot;:&quot;grid&quot;,&quot;ratio&quot;:null,&quot;columns&quot;:3,&quot;gutter&quot;:30}\">\r\n\t\t\t<div class=\"nuss-grid lazy-grid\">\r\n\t\t\t\t<div class=\"grid-sizer\"><\/div>\r\n\r\n\t\t\t\t\t\t\t\t\t\t\t\t<div class=\"grid-item\">\r\n\t\t\t\t\t\t<div class=\"nuss-box\">\t\t<div class=\"nuss-image image\">\r\n\t\t\t<img decoding=\"async\"  src=\"https:\/\/celebrityruichenghotel.com\/wp-content\/uploads\/2025\/09\/Celebrity-Ruicheng-Hotel-174.webp\" alt=\"Celebrity Ruicheng Hotel (174)\" \/>\t\t<\/div>\r\n\t\t\t\t<\/div>\t\t\t\t\t<\/div>\r\n\t\t\t\t\t\t<div class=\"grid-item\">\r\n\t\t\t\t\t\t<div class=\"nuss-box\">\t\t<div class=\"nuss-image image\">\r\n\t\t\t<img decoding=\"async\"  src=\"https:\/\/celebrityruichenghotel.com\/wp-content\/uploads\/2025\/09\/Celebrity-Ruicheng-Hotel-175.webp\" alt=\"Celebrity Ruicheng Hotel (175)\" \/>\t\t<\/div>\r\n\t\t\t\t<\/div>\t\t\t\t\t<\/div>\r\n\t\t\t\t\t\t<div class=\"grid-item\">\r\n\t\t\t\t\t\t<div class=\"nuss-box\">\t\t<div class=\"nuss-image image\">\r\n\t\t\t<img decoding=\"async\"  src=\"https:\/\/celebrityruichenghotel.com\/wp-content\/uploads\/2025\/09\/Celebrity-Ruicheng-Hotel-176.webp\" alt=\"Celebrity Ruicheng Hotel (176)\" \/>\t\t<\/div>\r\n\t\t\t\t<\/div>\t\t\t\t\t<\/div>\r\n\t\t\t\t\t\t<div class=\"grid-item\">\r\n\t\t\t\t\t\t<div class=\"nuss-box\">\t\t<div class=\"nuss-image image\">\r\n\t\t\t<img decoding=\"async\"  src=\"https:\/\/celebrityruichenghotel.com\/wp-content\/uploads\/2025\/09\/Celebrity-Ruicheng-Hotel-177.webp\" alt=\"Celebrity Ruicheng Hotel (177)\" \/>\t\t<\/div>\r\n\t\t\t\t<\/div>\t\t\t\t\t<\/div>\r\n\t\t\t\t\t\t<div class=\"grid-item\">\r\n\t\t\t\t\t\t<div class=\"nuss-box\">\t\t<div class=\"nuss-image image\">\r\n\t\t\t<img decoding=\"async\"  src=\"https:\/\/celebrityruichenghotel.com\/wp-content\/uploads\/2025\/09\/Celebrity-Ruicheng-Hotel-178.webp\" alt=\"Celebrity Ruicheng Hotel (178)\" \/>\t\t<\/div>\r\n\t\t\t\t<\/div>\t\t\t\t\t<\/div>\r\n\t\t\t\t\t\t<div class=\"grid-item\">\r\n\t\t\t\t\t\t<div class=\"nuss-box\">\t\t<div class=\"nuss-image image\">\r\n\t\t\t<img decoding=\"async\"  src=\"https:\/\/celebrityruichenghotel.com\/wp-content\/uploads\/2025\/09\/Celebrity-Ruicheng-Hotel-180.webp\" alt=\"Celebrity Ruicheng Hotel (180)\" \/>\t\t<\/div>\r\n\t\t\t\t<\/div>\t\t\t\t\t<\/div>\r\n\t\t\t\t\t\t\t\r\n\t\t\t<\/div>\r\n\t\t<\/div>\r\n\t\t\t\t\t\t<\/div>\n\t\t\t\t<\/div>\n\t\t\t\t\t<\/div>\n\t\t\t\t<\/div>\n\t\t<div class=\"elementor-element elementor-element-c16f629 e-flex e-con-boxed e-con e-parent\" data-id=\"c16f629\" data-element_type=\"container\" data-e-type=\"container\">\n\t\t\t\t\t<div class=\"e-con-inner\">\n\t\t\t\t<div class=\"elementor-element elementor-element-2b00fa0 elementor-widget elementor-widget-text-editor\" data-id=\"2b00fa0\" data-element_type=\"widget\" data-e-type=\"widget\" data-widget_type=\"text-editor.default\">\n\t\t\t\t\t\t\t\t\t<p>Eingebettet in die lebendige <strong>Bezirk Qingyang<\/strong> von <strong>Chengdu, Sichuan<\/strong>, <strong>Das Restaurant im Celebrity Ruicheng Hotel<\/strong> bietet mehr als nur eine Mahlzeit \u2013 es l\u00e4dt Sie zu einer raffinierten kulinarischen Reise ein, die die kraftvolle Seele der Sichuan-K\u00fcche zelebriert und gleichzeitig die Eleganz moderner Gastfreundschaft zelebriert. Gelegen in <strong>68 Abschnitt 2 Mittlere Volksstra\u00dfe (Renmin Zhong Lu Er Duan)<\/strong>, Unser hoteleigenes Restaurant ist f\u00fcr G\u00e4ste und Besucher konzipiert, die suchen <strong>Authentische Aromen, ein ruhiges Ambiente und ein unvergessliches kulinarisches Erlebnis<\/strong> \u2014 und das alles im Komfort eines stilvollen, modernen Hotelambientes.<\/p><p>Ob Sie Ihren Tag mit einem nahrhaften Fr\u00fchst\u00fcck beginnen, nach einem anstrengenden Tag bei einem wohltuenden Abendessen entspannen oder einen Gesch\u00e4ftspartner zu einem anregenden Gespr\u00e4ch bei lokalen K\u00f6stlichkeiten empfangen m\u00f6chten \u2013 unser Restaurant ist Ihr Tor zur reichen und aromatischen Welt der Sichuan-Esskultur, neu interpretiert mit Sorgfalt, Qualit\u00e4t und internationaler Raffinesse.<\/p><div class=\"py-2 my-3\"><hr \/><\/div><h3>\ud83c\udf5c Eine Hommage an die legend\u00e4re K\u00fcche Sichuans<\/h3><p>Chengdu ist weltweit bekannt als <strong>UNESCO-Stadt der Gastronomie<\/strong>, und bei <strong>Celebrity Ruicheng Hotel<\/strong>, Wir ehren dieses Erbe mit einer Speisekarte, die tief in der <strong>authentische Sichuan-Aromen<\/strong> \u2014 die feurige Sch\u00e4rfe von Chili, das Prickeln von Sichuanpfeffer und die komplexen Aromen von fermentierter Bohnenpaste und Knoblauch, die die kulinarische Identit\u00e4t der Region pr\u00e4gen.<\/p><p>Unsere K\u00f6che, ausgebildet in traditionellen Techniken und inspiriert von lokalen M\u00e4rkten und Familienrezepten, kreieren Gerichte, die sowohl <strong>mutig und ausgewogen<\/strong>. Vom ersten Bissen unserer Spezialit\u00e4t an <strong>Mapo Tofu<\/strong> \u2014 Seidentofu in einer sprudelnden, bet\u00e4ubend scharfen Sauce \u2014 bis hin zur rauchigen Tiefe von <strong>Zweimal gegartes Schweinefleisch<\/strong> und das erfrischende Knuspern von <strong>Geschnetzeltes H\u00e4hnchen mit Knoblauchsauce<\/strong>, Jedes Gericht erz\u00e4hlt eine Geschichte von Chengdus lebendiger Stra\u00dfenk\u00fcchentradition und der herzhaften W\u00e4rme hausgemachter Speisen.<\/p><p>Doch wir beschr\u00e4nken uns nicht nur auf Tradition. Unsere Speisekarte bietet au\u00dferdem:<\/p><ul><li><strong>Moderne Interpretationen<\/strong> Klassische Gerichte mit raffiniertem Anrichten und erstklassigen Zutaten<\/li><li><strong>Vegetarische und vegane Optionen<\/strong>, einschlie\u00dflich pflanzlicher Varianten von Sichuan-Grundnahrungsmitteln<\/li><li><strong>Glutenfreie Auswahl<\/strong> f\u00fcr G\u00e4ste mit Lebensmittelunvertr\u00e4glichkeiten<\/li><li><strong>Internationale Favoriten<\/strong> wie westliche Fr\u00fchst\u00fccksgerichte, Pasta und gegrilltes Fleisch \u2013 perfekt f\u00fcr G\u00e4ste, die Abwechslung suchen.<\/li><\/ul><p>Diese durchdachte Fusion sorgt daf\u00fcr, dass jeder Gast, ob einheimischer Feinschmecker oder internationaler Reisender, etwas findet, das ihm schmeckt.<\/p><div class=\"py-2 my-3\"><hr \/><\/div><h3>\ud83c\udf7d\ufe0f Ein kulinarisches Erlebnis f\u00fcr Komfort und Geselligkeit<\/h3><p>Das Ambiente des Restaurants spiegelt dieselbe Philosophie wider wie das Hotel: <strong>Moderne Eleganz mit herzlicher Gastfreundschaft<\/strong>. Mit sanfter Beleuchtung, warmen Holzelementen und gro\u00dfen Fenstern, die nat\u00fcrliches Licht hereinlassen, ist der Raum so gestaltet, dass er sowohl \u2026 als auch \u2026 <strong>einladend und vielseitig<\/strong>.<\/p><ul><li><strong>Morgen<\/strong>Beginne deinen Tag mit einem <strong>Deluxe-Fr\u00fchst\u00fccksbuffet<\/strong> mit einer breiten Auswahl an Optionen \u2013 von dampfenden Sch\u00fcsseln mit Congee, Baozi und Dan-Dan-Nudeln bis hin zu R\u00fchrei, Speck, frischem Obst und handwerklich hergestelltem Brot.<\/li><li><strong>Mittagessen<\/strong>Genie\u00dfen Sie ein schnelles, aber dennoch genussvolles Gesch\u00e4ftsessen mit unserem <strong>Executive-Men\u00fcs<\/strong>, ideal f\u00fcr Berufst\u00e4tige, die viel unterwegs sind.<\/li><li><strong>Abendessen<\/strong>Genie\u00dfen Sie ein entspanntes Abendessen in gem\u00fctlicher, intimer Atmosph\u00e4re \u2013 perfekt f\u00fcr Paare, Familien oder Alleinreisende, die einen Moment der Ruhe suchen.<\/li><li><strong>Abendgetr\u00e4nke<\/strong>Entspannen Sie sich bei einem Glas Wein, lokalem Tee oder einem unserer Signature-Cocktails aus der Getr\u00e4nkekarte, serviert in der ruhigen Eleganz unserer Speiselounge.<\/li><\/ul><p data-spm-anchor-id=\"a2ty_o01.29997173.0.i58.6fbec921UQIc0A\">Das Restaurant ist auch <strong>f\u00fcr die \u00d6ffentlichkeit zug\u00e4nglich<\/strong>, Damit ist es eine bequeme und vertrauensw\u00fcrdige Wahl f\u00fcr Einheimische, die Meetings abhalten, f\u00fcr Paare bei einem Date-Abend oder f\u00fcr Besucher, die Chengdus kulinarische Szene jenseits der Stra\u00dfen erkunden m\u00f6chten.<\/p>\t\t\t\t\t\t\t\t<\/div>\n\t\t\t\t\t<\/div>\n\t\t\t\t<\/div>\n\t\t<div class=\"elementor-element elementor-element-ab14485 e-flex e-con-boxed e-con e-parent\" data-id=\"ab14485\" data-element_type=\"container\" data-e-type=\"container\">\n\t\t\t\t\t<div class=\"e-con-inner\">\n\t\t\t\t<div class=\"elementor-element elementor-element-f9cfd41 elementor-widget elementor-widget-nuss-image-gallery\" data-id=\"f9cfd41\" data-element_type=\"widget\" data-e-type=\"widget\" data-widget_type=\"nuss-image-gallery.default\">\n\t\t\t\t<div class=\"elementor-widget-container\">\n\t\t\t\t\t\t\t<div class=\"nuss-grid-wrapper\" data-grid=\"{&quot;type&quot;:&quot;grid&quot;,&quot;ratio&quot;:null,&quot;columns&quot;:3,&quot;gutter&quot;:30}\">\r\n\t\t\t<div class=\"nuss-grid lazy-grid\">\r\n\t\t\t\t<div class=\"grid-sizer\"><\/div>\r\n\r\n\t\t\t\t\t\t\t\t\t\t\t\t<div class=\"grid-item\">\r\n\t\t\t\t\t\t<div class=\"nuss-box\">\t\t<div class=\"nuss-image image\">\r\n\t\t\t<img decoding=\"async\"  src=\"https:\/\/celebrityruichenghotel.com\/wp-content\/uploads\/2025\/09\/Celebrity-Ruicheng-Hotel-88.webp\" alt=\"Celebrity Ruicheng Hotel (88)\" \/>\t\t<\/div>\r\n\t\t\t\t<\/div>\t\t\t\t\t<\/div>\r\n\t\t\t\t\t\t<div class=\"grid-item\">\r\n\t\t\t\t\t\t<div class=\"nuss-box\">\t\t<div class=\"nuss-image image\">\r\n\t\t\t<img decoding=\"async\"  src=\"https:\/\/celebrityruichenghotel.com\/wp-content\/uploads\/2025\/09\/Celebrity-Ruicheng-Hotel-86.webp\" alt=\"Celebrity Ruicheng Hotel (86)\" \/>\t\t<\/div>\r\n\t\t\t\t<\/div>\t\t\t\t\t<\/div>\r\n\t\t\t\t\t\t<div class=\"grid-item\">\r\n\t\t\t\t\t\t<div class=\"nuss-box\">\t\t<div class=\"nuss-image image\">\r\n\t\t\t<img decoding=\"async\"  src=\"https:\/\/celebrityruichenghotel.com\/wp-content\/uploads\/2025\/09\/Celebrity-Ruicheng-Hotel-85.webp\" alt=\"Celebrity Ruicheng Hotel (85)\" \/>\t\t<\/div>\r\n\t\t\t\t<\/div>\t\t\t\t\t<\/div>\r\n\t\t\t\t\t\t<div class=\"grid-item\">\r\n\t\t\t\t\t\t<div class=\"nuss-box\">\t\t<div class=\"nuss-image image\">\r\n\t\t\t<img decoding=\"async\"  src=\"https:\/\/celebrityruichenghotel.com\/wp-content\/uploads\/2025\/09\/Celebrity-Ruicheng-Hotel-84.webp\" alt=\"Celebrity Ruicheng Hotel (84)\" \/>\t\t<\/div>\r\n\t\t\t\t<\/div>\t\t\t\t\t<\/div>\r\n\t\t\t\t\t\t<div class=\"grid-item\">\r\n\t\t\t\t\t\t<div class=\"nuss-box\">\t\t<div class=\"nuss-image image\">\r\n\t\t\t<img decoding=\"async\"  src=\"https:\/\/celebrityruichenghotel.com\/wp-content\/uploads\/2025\/09\/Celebrity-Ruicheng-Hotel-83.webp\" alt=\"Celebrity Ruicheng Hotel (83)\" \/>\t\t<\/div>\r\n\t\t\t\t<\/div>\t\t\t\t\t<\/div>\r\n\t\t\t\t\t\t<div class=\"grid-item\">\r\n\t\t\t\t\t\t<div class=\"nuss-box\">\t\t<div class=\"nuss-image image\">\r\n\t\t\t<img decoding=\"async\"  src=\"https:\/\/celebrityruichenghotel.com\/wp-content\/uploads\/2025\/09\/Celebrity-Ruicheng-Hotel-82.webp\" alt=\"Celebrity Ruicheng Hotel (82)\" \/>\t\t<\/div>\r\n\t\t\t\t<\/div>\t\t\t\t\t<\/div>\r\n\t\t\t\t\t\t<div class=\"grid-item\">\r\n\t\t\t\t\t\t<div class=\"nuss-box\">\t\t<div class=\"nuss-image image\">\r\n\t\t\t<img decoding=\"async\"  src=\"https:\/\/celebrityruichenghotel.com\/wp-content\/uploads\/2025\/09\/Celebrity-Ruicheng-Hotel-31.webp\" alt=\"Celebrity Ruicheng Hotel (31)\" \/>\t\t<\/div>\r\n\t\t\t\t<\/div>\t\t\t\t\t<\/div>\r\n\t\t\t\t\t\t<div class=\"grid-item\">\r\n\t\t\t\t\t\t<div class=\"nuss-box\">\t\t<div class=\"nuss-image image\">\r\n\t\t\t<img decoding=\"async\"  src=\"https:\/\/celebrityruichenghotel.com\/wp-content\/uploads\/2025\/09\/Celebrity-Ruicheng-Hotel-32.webp\" alt=\"Celebrity Ruicheng Hotel (32)\" \/>\t\t<\/div>\r\n\t\t\t\t<\/div>\t\t\t\t\t<\/div>\r\n\t\t\t\t\t\t<div class=\"grid-item\">\r\n\t\t\t\t\t\t<div class=\"nuss-box\">\t\t<div class=\"nuss-image image\">\r\n\t\t\t<img decoding=\"async\"  src=\"https:\/\/celebrityruichenghotel.com\/wp-content\/uploads\/2025\/09\/Celebrity-Ruicheng-Hotel-33.webp\" alt=\"Celebrity Ruicheng Hotel (33)\" \/>\t\t<\/div>\r\n\t\t\t\t<\/div>\t\t\t\t\t<\/div>\r\n\t\t\t\t\t\t\t\r\n\t\t\t<\/div>\r\n\t\t<\/div>\r\n\t\t\t\t\t\t<\/div>\n\t\t\t\t<\/div>\n\t\t\t\t\t<\/div>\n\t\t\t\t<\/div>\n\t\t<div class=\"elementor-element elementor-element-a78b1f8 e-flex e-con-boxed e-con e-parent\" data-id=\"a78b1f8\" data-element_type=\"container\" data-e-type=\"container\">\n\t\t\t\t\t<div class=\"e-con-inner\">\n\t\t\t\t<div class=\"elementor-element elementor-element-ca7f6de elementor-widget elementor-widget-text-editor\" data-id=\"ca7f6de\" data-element_type=\"widget\" data-e-type=\"widget\" data-widget_type=\"text-editor.default\">\n\t\t\t\t\t\t\t\t\t<h3 data-spm-anchor-id=\"a2ty_o01.29997173.0.i60.6fbec921UQIc0A\">\ud83c\udf3f Aufmerksamer Service &amp; Nachhaltige Praktiken<\/h3><p>Das Herzst\u00fcck unseres Restaurants ist ein Team von <strong>engagierte Gastronomie- und Servicefachkr\u00e4fte<\/strong> f\u00fcr diejenigen, die der \u00dcberzeugung sind, dass gutes Essen nur ein Teil des Erlebnisses ist. Vom herzlichen Empfang an der T\u00fcr bis zum aufmerksamen, aber unaufdringlichen Service ist jede Interaktion darauf ausgerichtet, Ihnen ein rundum gelungenes Erlebnis zu bieten. <strong>gesch\u00e4tzt und wohl f\u00fchlen<\/strong>.<\/p><p>Wir priorisieren au\u00dferdem <strong>Nachhaltigkeit und Qualit\u00e4t<\/strong>:<\/p><ul><li>Die Zutaten stammen von <strong>lokale Bauernh\u00f6fe und M\u00e4rkte<\/strong> um Frische zu gew\u00e4hrleisten und die regionale Wirtschaft zu unterst\u00fctzen.<\/li><li>Wir verwenden <strong>umweltfreundliche Verpackung<\/strong> f\u00fcr Bestellungen zum Mitnehmen.<\/li><li>Unsere K\u00fcchenpraktiken <strong>verantwortungsvolles Abfallmanagement<\/strong> und Energieeffizienz.<\/li><\/ul><p>Dieses Engagement f\u00fcr <strong>ethische Gastfreundschaft<\/strong> sorgt daf\u00fcr, dass Ihre Mahlzeit nicht nur gut schmeckt, sondern sich auch gut anf\u00fchlt.<\/p><div class=\"py-2 my-3\"><hr \/><\/div><h3>\ud83d\udccd Ein erstklassiger Standort f\u00fcr Feinschmecker und Reisende<\/h3><p>Im Herzen gelegen <strong>Bezirk Qingyang<\/strong>, Unser Restaurant liegt nur wenige Schritte von wichtigen Sehensw\u00fcrdigkeiten entfernt:<\/p><ul><li><strong>Renmin-Park und Wenshu-Kloster<\/strong> \u2013 10 Minuten Fahrt<\/li><li><strong>Kuanzhai-Gasse (Weite und schmale Gassen)<\/strong> \u2013 15 Minuten mit dem Taxi<\/li><li><strong>Chengdu High-Tech-Zone<\/strong> \u2013 10 Minuten entfernt<\/li><li><strong>U-Bahn-Station Qingjiang Road (Linie 4)<\/strong> \u2013 nur 7 Gehminuten entfernt<\/li><\/ul><p>Das macht <strong>Das Restaurant im Celebrity Ruicheng Hotel<\/strong> ein idealer Zwischenstopp f\u00fcr:<\/p><ul><li><strong>Gesch\u00e4ftsreisende<\/strong> Bedarf an einem zuverl\u00e4ssigen, professionellen Essbereich<\/li><li><strong>Touristen<\/strong> Ich suche authentische Sichuan-K\u00fcche in einem sauberen und komfortablen Ambiente.<\/li><li><strong>Einheimische G\u00e4ste<\/strong> auf der Suche nach einer ruhigen, qualitativ hochwertigen Mahlzeit ohne das Chaos \u00fcberf\u00fcllter Stra\u00dfenst\u00e4nde.<\/li><\/ul><div class=\"py-2 my-3\"><hr \/><\/div><h3>\ud83e\udd62 Mehr als nur eine Mahlzeit \u2013 Ein Hauch von Chengdus Geist<\/h3><p>In einer Stadt, in der Essen Leben bedeutet, <strong>Das Restaurant im Celebrity Ruicheng Hotel<\/strong> Es ist eine Hommage an die kulinarische Seele Chengdus \u2013 feurig, einladend und unendlich k\u00f6stlich. Wir servieren nicht nur Essen; wir teilen Kultur, Geborgenheit und Verbundenheit, Gericht f\u00fcr Gericht.<\/p><p>Ob Sie bei uns \u00fcbernachten oder nur auf der Durchreise sind, wir laden Sie ein, sich einen Stuhl heranzuziehen, eine Tasse Jasmintee zu genie\u00dfen und sich von den Aromen Sichuans verw\u00f6hnen zu lassen.<\/p><div class=\"py-2 my-3\"><hr \/><\/div><p><strong>Speisen Sie heute bei uns<\/strong><br \/>\ud83d\udccd <strong>Standort<\/strong>68 Section 2 Middle People&#039;s Road, Qingyang District, Chengdu, Sichuan, 610061, China<br \/>\ud83d\udd52 <strong>Std<\/strong>T\u00e4glich ge\u00f6ffnet von <strong>7:00 Uhr \u2013 22:00 Uhr<\/strong> (Fr\u00fchst\u00fcck, Mittagessen, Abendessen)<br \/>\ud83d\udcde <strong>Rufen Sie uns an<\/strong>: +862888033333<br \/>\ud83c\udf7d\ufe0f <strong>Reservierung empfohlen<\/strong>Verf\u00fcgbar f\u00fcr Hotelg\u00e4ste und Laufkundschaft<\/p><p>#CelebrityRuichengHotel #ChengduRestaurant #SichuanK\u00fcche #HotelSpeisenChengdu #BestRestaurantQingyang #MapoTofuChengdu #BusinessMittagessenChengdu #VegetarischSichuan #ChengduFoodExperience #SustainableDining #LocalFlavorsChengdu #CelebrateChengdu<\/p><div class=\"my-2\">\u00a0<\/div><div class=\"py-2 my-3\"><hr \/><\/div><div class=\"my-2\">\u00a0<\/div><p data-spm-anchor-id=\"a2ty_o01.29997173.0.i61.6fbec921UQIc0A\"><strong>Im Celebrity Ruicheng Hotel ist jede Mahlzeit ein Fest f\u00fcr Geschmack, Ort und Zweck.<\/strong><\/p>\t\t\t\t\t\t\t\t<\/div>\n\t\t\t\t\t<\/div>\n\t\t\t\t<\/div>\n\t\t\t\t<section class=\"elementor-section elementor-top-section elementor-element elementor-element-496268c7 elementor-section-stretched elementor-section-boxed elementor-section-gap-beside-yes elementor-section-height-default elementor-section-height-default elementor-section-column-vertical-align-stretch\" data-id=\"496268c7\" data-element_type=\"section\" data-e-type=\"section\" data-settings=\"{&quot;background_background&quot;:&quot;classic&quot;,&quot;stretch_section&quot;:&quot;section-stretched&quot;}\">\n\t\t\t\t\t\t<div class=\"elementor-container elementor-column-gap-extended\">\n\t\t\t\t\t<div class=\"elementor-column elementor-col-100 elementor-top-column elementor-element elementor-element-4960e8a7\" data-id=\"4960e8a7\" data-element_type=\"column\" data-e-type=\"column\">\n\t\t\t<div class=\"elementor-widget-wrap elementor-element-populated\">\n\t\t\t\t\t\t<div class=\"elementor-element elementor-element-6c0275d3 elementor-widget elementor-widget-heading\" data-id=\"6c0275d3\" data-element_type=\"widget\" data-e-type=\"widget\" data-widget_type=\"heading.default\">\n\t\t\t\t\t<h2 class=\"elementor-heading-title elementor-size-default\">Verf\u00fcgbarkeit pr\u00fcfen <\/h2>\t\t\t\t<\/div>\n\t\t\t\t<div class=\"elementor-element elementor-element-65f543bd elementor-widget elementor-widget-text-editor\" data-id=\"65f543bd\" data-element_type=\"widget\" data-e-type=\"widget\" data-widget_type=\"text-editor.default\">\n\t\t\t\t\t\t\t\t\t<iframe border=\"0\" src=\"https:\/\/www.trip.com\/partners\/ad\/S5166506?Allianceid=4590391&#038;SID=255085608&#038;trip_sub1=\" style=\"width:900px;height:200px\" frameborder=\"0\" scrolling=\"no\" id=\"S5166506\"><\/iframe>\t\t\t\t\t\t\t\t<\/div>\n\t\t\t\t\t<\/div>\n\t\t<\/div>\n\t\t\t\t\t<\/div>\n\t\t<\/section>\n\t\t\t\t<\/div>","protected":false},"excerpt":{"rendered":"<p>Feeling healthy and well is not a luxury but an absolute necessity. Heal both your soul and body with our miraculous treatments and return home as a new person, calm and refreshed. Opening Dates Monday &#8211; Sunday Opening Hours 06:00 am &#8211; 22:30 pm Price Range $50 &#8211; $450 Book A Table Or calll us: [&hellip;]<\/p>\n","protected":false},"author":1,"featured_media":0,"parent":0,"menu_order":0,"comment_status":"closed","ping_status":"closed","template":"","meta":{"footnotes":""},"class_list":["post-612","page","type-page","status-publish","hentry","post-no-thumbnail"],"_links":{"self":[{"href":"https:\/\/celebrityruichenghotel.com\/de\/wp-json\/wp\/v2\/pages\/612","targetHints":{"allow":["GET"]}}],"collection":[{"href":"https:\/\/celebrityruichenghotel.com\/de\/wp-json\/wp\/v2\/pages"}],"about":[{"href":"https:\/\/celebrityruichenghotel.com\/de\/wp-json\/wp\/v2\/types\/page"}],"author":[{"embeddable":true,"href":"https:\/\/celebrityruichenghotel.com\/de\/wp-json\/wp\/v2\/users\/1"}],"replies":[{"embeddable":true,"href":"https:\/\/celebrityruichenghotel.com\/de\/wp-json\/wp\/v2\/comments?post=612"}],"version-history":[{"count":0,"href":"https:\/\/celebrityruichenghotel.com\/de\/wp-json\/wp\/v2\/pages\/612\/revisions"}],"wp:attachment":[{"href":"https:\/\/celebrityruichenghotel.com\/de\/wp-json\/wp\/v2\/media?parent=612"}],"curies":[{"name":"wp","href":"https:\/\/api.w.org\/{rel}","templated":true}]}}