{"id":5266,"date":"2021-07-18T08:03:35","date_gmt":"2021-07-18T08:03:35","guid":{"rendered":"https:\/\/nuss.uxper.co\/luxury-resort\/?page_id=5266"},"modified":"2025-09-02T14:39:00","modified_gmt":"2025-09-02T14:39:00","slug":"uber-uns","status":"publish","type":"page","link":"https:\/\/celebrityruichenghotel.com\/de\/about-us\/","title":{"rendered":"\u00dcber uns"},"content":{"rendered":"<div data-elementor-type=\"wp-page\" data-elementor-id=\"5266\" class=\"elementor elementor-5266\">\n\t\t\t\t\t\t<section class=\"elementor-section elementor-top-section elementor-element elementor-element-10416953 elementor-section-boxed elementor-section-gap-beside-yes elementor-section-height-default elementor-section-height-default elementor-section-column-vertical-align-stretch\" data-id=\"10416953\" data-element_type=\"section\" data-e-type=\"section\">\n\t\t\t\t\t\t<div class=\"elementor-container elementor-column-gap-extended\">\n\t\t\t\t\t<div class=\"elementor-column elementor-col-100 elementor-top-column elementor-element elementor-element-29c6aa8\" data-id=\"29c6aa8\" data-element_type=\"column\" data-e-type=\"column\">\n\t\t\t<div class=\"elementor-widget-wrap elementor-element-populated\">\n\t\t\t\t\t\t<div class=\"elementor-element elementor-element-7be18fe7 elementor-widget__width-initial elementor-invisible elementor-widget elementor-widget-text-editor\" data-id=\"7be18fe7\" data-element_type=\"widget\" data-e-type=\"widget\" data-settings=\"{&quot;_animation&quot;:&quot;nussFadeInUp&quot;}\" data-widget_type=\"text-editor.default\">\n\t\t\t\t\t\t\t\t\t<h3>Willkommen im Celebrity Ruicheng Hotel<\/h3>\t\t\t\t\t\t\t\t<\/div>\n\t\t\t\t\t<\/div>\n\t\t<\/div>\n\t\t\t\t\t<\/div>\n\t\t<\/section>\n\t\t\t\t<section class=\"elementor-section elementor-top-section elementor-element elementor-element-7d18327f elementor-section-boxed elementor-section-gap-beside-yes elementor-section-height-default elementor-section-height-default elementor-section-column-vertical-align-stretch\" data-id=\"7d18327f\" data-element_type=\"section\" data-e-type=\"section\">\n\t\t\t\t\t\t<div class=\"elementor-container elementor-column-gap-extended\">\n\t\t\t\t\t<div class=\"elementor-column elementor-col-50 elementor-top-column elementor-element elementor-element-56533670\" data-id=\"56533670\" data-element_type=\"column\" data-e-type=\"column\">\n\t\t\t<div class=\"elementor-widget-wrap elementor-element-populated\">\n\t\t\t\t\t\t<div class=\"elementor-element elementor-element-19c3f543 elementor-invisible elementor-widget elementor-widget-text-editor\" data-id=\"19c3f543\" data-element_type=\"widget\" data-e-type=\"widget\" data-settings=\"{&quot;_animation&quot;:&quot;nussFadeInUp&quot;}\" data-widget_type=\"text-editor.default\">\n\t\t\t\t\t\t\t\t\t<p>Eingebettet in die Stra\u00dfe Nr. 68, Abschnitt 2, Mittlere Volksstra\u00dfe im kulturell reichen Bezirk Qingyang, <strong>Celebrity Ruicheng Hotel<\/strong> Unser Hotel bietet mehr als nur eine Unterkunft \u2013 es ist ein authentisches Tor zur Seele Sichuans. Dank seiner idealen Lage f\u00fcr Gesch\u00e4fts- und Urlaubsreisende bietet unser Hotel G\u00e4sten einen unvergleichlichen Ausgangspunkt, um Chengdus legend\u00e4re Sehensw\u00fcrdigkeiten zu erkunden, darunter den lebhaften Tianfu-Platz, den beschaulichen Qingyang-Palast und die pulsierende Kuanzhai-Gasse, die alle nur wenige Schritte entfernt liegen.<\/p>\t\t\t\t\t\t\t\t<\/div>\n\t\t\t\t\t<\/div>\n\t\t<\/div>\n\t\t\t\t<div class=\"elementor-column elementor-col-50 elementor-top-column elementor-element elementor-element-30f14127\" data-id=\"30f14127\" data-element_type=\"column\" data-e-type=\"column\">\n\t\t\t<div class=\"elementor-widget-wrap elementor-element-populated\">\n\t\t\t\t\t\t<div class=\"elementor-element elementor-element-e775eb4 elementor-widget elementor-widget-image\" data-id=\"e775eb4\" data-element_type=\"widget\" data-e-type=\"widget\" data-widget_type=\"image.default\">\n\t\t\t\t\t\t\t\t\t\t\t\t\t\t\t<img fetchpriority=\"high\" decoding=\"async\" width=\"568\" height=\"853\" src=\"https:\/\/celebrityruichenghotel.com\/wp-content\/uploads\/2025\/09\/Celebrity-Ruicheng-Hotel-164.webp\" class=\"attachment-large size-large wp-image-5693\" alt=\"\" srcset=\"https:\/\/celebrityruichenghotel.com\/wp-content\/uploads\/2025\/09\/Celebrity-Ruicheng-Hotel-164.webp 568w, https:\/\/celebrityruichenghotel.com\/wp-content\/uploads\/2025\/09\/Celebrity-Ruicheng-Hotel-164-200x300.webp 200w\" sizes=\"(max-width: 568px) 100vw, 568px\" \/>\t\t\t\t\t\t\t\t\t\t\t\t\t\t\t<\/div>\n\t\t\t\t\t<\/div>\n\t\t<\/div>\n\t\t\t\t\t<\/div>\n\t\t<\/section>\n\t\t\t\t<section class=\"elementor-section elementor-top-section elementor-element elementor-element-29fb8578 elementor-section-height-min-height elementor-section-stretched elementor-section-full_width elementor-section-items-stretch elementor-section-height-default elementor-section-column-vertical-align-stretch\" data-id=\"29fb8578\" data-element_type=\"section\" data-e-type=\"section\" data-settings=\"{&quot;stretch_section&quot;:&quot;section-stretched&quot;}\">\n\t\t\t\t\t\t<div class=\"elementor-container elementor-column-gap-no\">\n\t\t\t\t\t<div class=\"elementor-column elementor-col-50 elementor-top-column elementor-element elementor-element-40ac270b\" data-id=\"40ac270b\" data-element_type=\"column\" data-e-type=\"column\">\n\t\t\t<div class=\"elementor-widget-wrap elementor-element-populated\">\n\t\t\t\t\t\t<div class=\"elementor-element elementor-element-20872773 elementor-widget__width-initial elementor-widget-mobile__width-inherit elementor-invisible nuss-elementor-loading nuss-slide-in-right elementor-widget elementor-widget-image\" data-id=\"20872773\" data-element_type=\"widget\" data-e-type=\"widget\" data-settings=\"{&quot;_animation&quot;:&quot;nussSlideInRight&quot;}\" data-widget_type=\"image.default\">\n\t\t\t\t\t\t\t\t\t\t\t\t\t\t\t<img decoding=\"async\" width=\"1280\" height=\"853\" src=\"https:\/\/celebrityruichenghotel.com\/wp-content\/uploads\/2025\/09\/Celebrity-Ruicheng-Hotel-203.webp\" class=\"attachment-full size-full wp-image-5732\" alt=\"\" srcset=\"https:\/\/celebrityruichenghotel.com\/wp-content\/uploads\/2025\/09\/Celebrity-Ruicheng-Hotel-203.webp 1280w, https:\/\/celebrityruichenghotel.com\/wp-content\/uploads\/2025\/09\/Celebrity-Ruicheng-Hotel-203-300x200.webp 300w, https:\/\/celebrityruichenghotel.com\/wp-content\/uploads\/2025\/09\/Celebrity-Ruicheng-Hotel-203-1024x682.webp 1024w, https:\/\/celebrityruichenghotel.com\/wp-content\/uploads\/2025\/09\/Celebrity-Ruicheng-Hotel-203-768x512.webp 768w\" sizes=\"(max-width: 1280px) 100vw, 1280px\" \/>\t\t\t\t\t\t\t\t\t\t\t\t\t\t\t<\/div>\n\t\t\t\t\t<\/div>\n\t\t<\/div>\n\t\t\t\t<div class=\"elementor-column elementor-col-50 elementor-top-column elementor-element elementor-element-2dac103\" data-id=\"2dac103\" data-element_type=\"column\" data-e-type=\"column\">\n\t\t\t<div class=\"elementor-widget-wrap elementor-element-populated\">\n\t\t\t\t\t\t<div class=\"elementor-element elementor-element-6f1b8966 elementor-invisible elementor-widget elementor-widget-text-editor\" data-id=\"6f1b8966\" data-element_type=\"widget\" data-e-type=\"widget\" data-settings=\"{&quot;_animation&quot;:&quot;nussFadeInUp&quot;}\" data-widget_type=\"text-editor.default\">\n\t\t\t\t\t\t\t\t\t<p class=\"ds-markdown-paragraph\">Wir wissen, dass die perfekte Chengdu-Reise aufregende Entdeckungen mit tiefer Entspannung verbindet. Treten Sie ein und lassen Sie die dynamische Energie Chengdus hinter sich. <strong>Renmin Zhong Lu<\/strong> Dahinter erwartet Sie eine moderne Oase der Ruhe und des Komforts. Unsere Philosophie basiert auf dem harmonischen Zusammenspiel von Gegens\u00e4tzen: Die lebendige Geschichte unseres Viertels trifft auf elegantes, modernes Design; die aufregende W\u00fcrze der Sichuan-K\u00fcche wird durch unseren aufmerksamen und zuvorkommenden Service perfekt erg\u00e4nzt.<\/p><p class=\"ds-markdown-paragraph\">Jeder Aspekt Ihres Aufenthalts ist mit Bedacht gestaltet. Entspannen Sie sich in unserem elegant eingerichteten Zimmer. <strong>Hotelzimmer in Chengdu<\/strong>, Hier schaffen minimalistische Eleganz und luxuri\u00f6se Annehmlichkeiten eine pers\u00f6nliche Oase. Genie\u00dfen Sie die kr\u00e4ftigen, vielschichtigen Aromen der Region in unserem hauseigenen Restaurant, wo Meisterk\u00f6che sowohl traditionelle lokale Gerichte als auch internationale Spezialit\u00e4ten pr\u00e4sentieren. Und vor allem: Erleben Sie die herzliche Gastfreundschaft von <strong>Sichuan-Gastfreundschaft<\/strong>, Verk\u00f6rpert wird dies durch unsere engagierten Mitarbeiter, die Ihre Bed\u00fcrfnisse antizipieren, um einen reibungslosen und unvergesslichen Besuch zu gew\u00e4hrleisten.<\/p>\t\t\t\t\t\t\t\t<\/div>\n\t\t\t\t\t<\/div>\n\t\t<\/div>\n\t\t\t\t\t<\/div>\n\t\t<\/section>\n\t\t\t\t<section class=\"elementor-section elementor-top-section elementor-element elementor-element-345244e elementor-section-height-min-height elementor-section-stretched elementor-section-full_width elementor-section-items-stretch elementor-section-height-default elementor-section-column-vertical-align-stretch\" data-id=\"345244e\" data-element_type=\"section\" data-e-type=\"section\" data-settings=\"{&quot;stretch_section&quot;:&quot;section-stretched&quot;}\">\n\t\t\t\t\t\t<div class=\"elementor-container elementor-column-gap-no\">\n\t\t\t\t\t<div class=\"elementor-column elementor-col-50 elementor-top-column elementor-element elementor-element-fc41fee\" data-id=\"fc41fee\" data-element_type=\"column\" data-e-type=\"column\">\n\t\t\t<div class=\"elementor-widget-wrap elementor-element-populated\">\n\t\t\t\t\t\t<div class=\"elementor-element elementor-element-0df055d elementor-invisible elementor-widget elementor-widget-text-editor\" data-id=\"0df055d\" data-element_type=\"widget\" data-e-type=\"widget\" data-settings=\"{&quot;_animation&quot;:&quot;nussFadeInUp&quot;}\" data-widget_type=\"text-editor.default\">\n\t\t\t\t\t\t\t\t\t<p class=\"ds-markdown-paragraph\">Ob Sie die Stadt besuchen, um in ihre reiche Geschichte einzutauchen, gesch\u00e4ftlich t\u00e4tig zu sein oder einfach nur ihre weltber\u00fchmte Gastronomie zu genie\u00dfen \u2013 das Celebrity Ruicheng Hotel ist der ideale Partner. Wir bieten Ihnen nicht nur ein Zimmer, sondern den perfekten Ausgangspunkt f\u00fcr eine unvergessliche Reise ins Herz einer der faszinierendsten St\u00e4dte Chinas.<\/p><p class=\"ds-markdown-paragraph\"><strong>Ihre Reise ins Herz von Sichuan beginnt hier.<\/strong><\/p>\t\t\t\t\t\t\t\t<\/div>\n\t\t\t\t\t<\/div>\n\t\t<\/div>\n\t\t\t\t<div class=\"elementor-column elementor-col-50 elementor-top-column elementor-element elementor-element-32f3ac7\" data-id=\"32f3ac7\" data-element_type=\"column\" data-e-type=\"column\">\n\t\t\t<div class=\"elementor-widget-wrap elementor-element-populated\">\n\t\t\t\t\t\t<div class=\"elementor-element elementor-element-8ca8a2b elementor-widget__width-initial elementor-widget-mobile__width-inherit elementor-invisible nuss-elementor-loading nuss-slide-in-right elementor-widget elementor-widget-image\" data-id=\"8ca8a2b\" data-element_type=\"widget\" data-e-type=\"widget\" data-settings=\"{&quot;_animation&quot;:&quot;nussSlideInRight&quot;}\" data-widget_type=\"image.default\">\n\t\t\t\t\t\t\t\t\t\t\t\t\t\t\t<img decoding=\"async\" width=\"1280\" height=\"853\" src=\"https:\/\/celebrityruichenghotel.com\/wp-content\/uploads\/2025\/09\/Celebrity-Ruicheng-Hotel-172.webp\" class=\"attachment-full size-full wp-image-5701\" alt=\"\" srcset=\"https:\/\/celebrityruichenghotel.com\/wp-content\/uploads\/2025\/09\/Celebrity-Ruicheng-Hotel-172.webp 1280w, https:\/\/celebrityruichenghotel.com\/wp-content\/uploads\/2025\/09\/Celebrity-Ruicheng-Hotel-172-300x200.webp 300w, https:\/\/celebrityruichenghotel.com\/wp-content\/uploads\/2025\/09\/Celebrity-Ruicheng-Hotel-172-1024x682.webp 1024w, https:\/\/celebrityruichenghotel.com\/wp-content\/uploads\/2025\/09\/Celebrity-Ruicheng-Hotel-172-768x512.webp 768w\" sizes=\"(max-width: 1280px) 100vw, 1280px\" \/>\t\t\t\t\t\t\t\t\t\t\t\t\t\t\t<\/div>\n\t\t\t\t\t<\/div>\n\t\t<\/div>\n\t\t\t\t\t<\/div>\n\t\t<\/section>\n\t\t\t\t<section class=\"elementor-section elementor-top-section elementor-element elementor-element-2092b7d0 elementor-section-stretched elementor-section-boxed elementor-section-gap-beside-yes elementor-section-height-default elementor-section-height-default elementor-section-column-vertical-align-stretch\" data-id=\"2092b7d0\" data-element_type=\"section\" data-e-type=\"section\" data-settings=\"{&quot;background_background&quot;:&quot;classic&quot;,&quot;stretch_section&quot;:&quot;section-stretched&quot;}\">\n\t\t\t\t\t\t<div class=\"elementor-container elementor-column-gap-extended\">\n\t\t\t\t\t<div class=\"elementor-column elementor-col-100 elementor-top-column elementor-element elementor-element-be69d75\" data-id=\"be69d75\" data-element_type=\"column\" data-e-type=\"column\">\n\t\t\t<div class=\"elementor-widget-wrap elementor-element-populated\">\n\t\t\t\t\t\t<div class=\"elementor-element elementor-element-78f2adf elementor-widget elementor-widget-heading\" data-id=\"78f2adf\" data-element_type=\"widget\" data-e-type=\"widget\" data-widget_type=\"heading.default\">\n\t\t\t\t\t<h2 class=\"elementor-heading-title elementor-size-default\">Verf\u00fcgbarkeit pr\u00fcfen <\/h2>\t\t\t\t<\/div>\n\t\t\t\t<div class=\"elementor-element elementor-element-af5493a elementor-widget elementor-widget-text-editor\" data-id=\"af5493a\" data-element_type=\"widget\" data-e-type=\"widget\" data-widget_type=\"text-editor.default\">\n\t\t\t\t\t\t\t\t\t<iframe border=\"0\" src=\"https:\/\/www.trip.com\/partners\/ad\/S5166506?Allianceid=4590391&#038;SID=255085608&#038;trip_sub1=\" style=\"width:900px;height:200px\" frameborder=\"0\" scrolling=\"no\" id=\"S5166506\"><\/iframe>\t\t\t\t\t\t\t\t<\/div>\n\t\t\t\t\t<\/div>\n\t\t<\/div>\n\t\t\t\t\t<\/div>\n\t\t<\/section>\n\t\t\t\t<\/div>","protected":false},"excerpt":{"rendered":"<p>Welcome to Celebrity Ruicheng Hotel Nestled at 68 Section 2, Middle People\u2019s Road in the culturally rich Qingyang District, the Celebrity Ruicheng Hotel offers more than just a place to stay\u2014it offers an authentic gateway to the soul of Sichuan. Perfectly positioned for both business and leisure, our hotel provides guests with an unparalleled base [&hellip;]<\/p>\n","protected":false},"author":1,"featured_media":0,"parent":0,"menu_order":0,"comment_status":"closed","ping_status":"closed","template":"","meta":{"footnotes":""},"class_list":["post-5266","page","type-page","status-publish","hentry","post-no-thumbnail"],"_links":{"self":[{"href":"https:\/\/celebrityruichenghotel.com\/de\/wp-json\/wp\/v2\/pages\/5266","targetHints":{"allow":["GET"]}}],"collection":[{"href":"https:\/\/celebrityruichenghotel.com\/de\/wp-json\/wp\/v2\/pages"}],"about":[{"href":"https:\/\/celebrityruichenghotel.com\/de\/wp-json\/wp\/v2\/types\/page"}],"author":[{"embeddable":true,"href":"https:\/\/celebrityruichenghotel.com\/de\/wp-json\/wp\/v2\/users\/1"}],"replies":[{"embeddable":true,"href":"https:\/\/celebrityruichenghotel.com\/de\/wp-json\/wp\/v2\/comments?post=5266"}],"version-history":[{"count":0,"href":"https:\/\/celebrityruichenghotel.com\/de\/wp-json\/wp\/v2\/pages\/5266\/revisions"}],"wp:attachment":[{"href":"https:\/\/celebrityruichenghotel.com\/de\/wp-json\/wp\/v2\/media?parent=5266"}],"curies":[{"name":"wp","href":"https:\/\/api.w.org\/{rel}","templated":true}]}}