{"id":2105,"date":"2021-03-24T07:25:45","date_gmt":"2021-03-24T07:25:45","guid":{"rendered":"http:\/\/localhost\/nuss\/?page_id=235"},"modified":"2025-09-02T15:37:16","modified_gmt":"2025-09-02T15:37:16","slug":"faqs","status":"publish","type":"page","link":"https:\/\/celebrityruichenghotel.com\/de\/faqs\/","title":{"rendered":"H\u00e4ufig gestellte Fragen"},"content":{"rendered":"<div data-elementor-type=\"wp-page\" data-elementor-id=\"2105\" class=\"elementor elementor-2105\">\n\t\t\t\t\t\t<section class=\"elementor-section elementor-top-section elementor-element elementor-element-2a96a73 elementor-section-boxed elementor-section-gap-beside-yes elementor-section-height-default elementor-section-height-default elementor-section-column-vertical-align-stretch\" data-id=\"2a96a73\" data-element_type=\"section\" data-e-type=\"section\">\n\t\t\t\t\t\t<div class=\"elementor-container elementor-column-gap-extended\">\n\t\t\t\t\t<div class=\"elementor-column elementor-col-100 elementor-top-column elementor-element elementor-element-98ef20c\" data-id=\"98ef20c\" data-element_type=\"column\" data-e-type=\"column\">\n\t\t\t<div class=\"elementor-widget-wrap elementor-element-populated\">\n\t\t\t\t\t\t<div class=\"elementor-element elementor-element-97088c0 elementor-widget__width-initial elementor-invisible elementor-widget elementor-widget-text-editor\" data-id=\"97088c0\" data-element_type=\"widget\" data-e-type=\"widget\" data-settings=\"{&quot;_animation&quot;:&quot;nussFadeInUp&quot;}\" data-widget_type=\"text-editor.default\">\n\t\t\t\t\t\t\t\t\t<p>Nachfolgend finden Sie eine Liste der am h\u00e4ufigsten gestellten Fragen unserer G\u00e4ste.<\/p>\t\t\t\t\t\t\t\t<\/div>\n\t\t\t\t\t<\/div>\n\t\t<\/div>\n\t\t\t\t\t<\/div>\n\t\t<\/section>\n\t\t\t\t<section class=\"elementor-section elementor-top-section elementor-element elementor-element-b184647 elementor-section-gap-beside-no elementor-section-boxed elementor-section-height-default elementor-section-height-default elementor-section-column-vertical-align-stretch\" data-id=\"b184647\" data-element_type=\"section\" data-e-type=\"section\">\n\t\t\t\t\t\t<div class=\"elementor-container elementor-column-gap-extended\">\n\t\t\t\t\t<div class=\"elementor-column elementor-col-100 elementor-top-column elementor-element elementor-element-1d49749\" data-id=\"1d49749\" data-element_type=\"column\" data-e-type=\"column\">\n\t\t\t<div class=\"elementor-widget-wrap elementor-element-populated\">\n\t\t\t\t\t\t<div class=\"elementor-element elementor-element-b986a9e elementor-invisible elementor-widget elementor-widget-nuss-heading\" data-id=\"b986a9e\" data-element_type=\"widget\" data-e-type=\"widget\" data-settings=\"{&quot;_animation&quot;:&quot;nussFadeInUp&quot;}\" data-widget_type=\"nuss-heading.default\">\n\t\t\t\t<div class=\"elementor-widget-container\">\n\t\t\t\t\t\t\t<div class=\"nuss-modern-heading\">\r\n\t\t\t\r\n\t\t\t\t\t\t<div class=\"heading-primary-wrap\">\r\n\t\t\t\t<h4 class=\"heading-primary elementor-heading-title\">H\u00e4ufig gestellte Fragen<\/h4>\t\t\t<\/div>\r\n\t\t\r\n\t\t\t\t\t\t<div class=\"heading-divider-wrap\">\r\n\t\t\t\t<div class=\"heading-divider\" style=\"left: 0px;top: 6px\"><\/div>\r\n\t\t\t<\/div>\r\n\t\r\n\t\t\t\t\t<\/div>\r\n\t\t\t\t\t<\/div>\n\t\t\t\t<\/div>\n\t\t\t\t<div class=\"elementor-element elementor-element-50f0733 elementor-invisible elementor-widget elementor-widget-heading\" data-id=\"50f0733\" data-element_type=\"widget\" data-e-type=\"widget\" data-settings=\"{&quot;_animation&quot;:&quot;nussFadeInUp&quot;}\" data-widget_type=\"heading.default\">\n\t\t\t\t\t<h2 class=\"elementor-heading-title elementor-size-default\">Fragen und Antworten<\/h2>\t\t\t\t<\/div>\n\t\t\t\t<div class=\"elementor-element elementor-element-26a59b4 elementor-widget elementor-widget-text-editor\" data-id=\"26a59b4\" data-element_type=\"widget\" data-e-type=\"widget\" data-widget_type=\"text-editor.default\">\n\t\t\t\t\t\t\t\t\t<p><strong>1. Wo befindet sich das Celebrity Ruicheng Hotel?<\/strong><br \/>Das Hotel befindet sich in <strong>68 Abschnitt 2 Mittlere Volksstra\u00dfe (Renmin Zhong Lu Er Duan), Bezirk Qingyang, Chengdu, Sichuan, 610061, China<\/strong> \u2014 im Herzen des zentralen Gesch\u00e4fts- und Regierungsviertels von Chengdu.<\/p><div class=\"my-2\">\u00a0<\/div><p><strong>2. Wie weit ist das Hotel vom internationalen Flughafen Chengdu Tianfu (TFU) entfernt?<\/strong><br \/>Etwa <strong>55 km<\/strong>, was etwa <strong>50\u201360 Minuten mit dem Taxi oder Flughafentransfer<\/strong>, abh\u00e4ngig vom Verkehrsaufkommen.<\/p><div class=\"my-2\">\u00a0<\/div><p><strong>3. Gibt es einen Shuttle-Service vom Flughafen?<\/strong><br \/>Das Hotel bietet keinen kostenlosen Flughafentransfer an, aber <strong>Private Transferdienste k\u00f6nnen auf Anfrage arrangiert werden.<\/strong>. G\u00e4ste nutzen h\u00e4ufig Didi (Chinas Fahrdienst-App) oder Flughafen-Expressbusse und fahren dann noch eine kurze Strecke mit dem Taxi zum Hotel.<\/p><div class=\"my-2\">\u00a0<\/div><p><strong>4. Welche ist die n\u00e4chste U-Bahn-Station?<\/strong><br \/><strong>Bahnhof Qingjiang Road (Linie 4)<\/strong> ist am n\u00e4chsten dran, nur ein <strong>7 Minuten Fu\u00dfweg<\/strong> Vom Hotel aus besteht eine gute Anbindung an wichtige Gebiete wie den Bezirk Jinjiang, die Chunxi-Stra\u00dfe und den Ostbahnhof Chengdu.<\/p><div class=\"my-2\">\u00a0<\/div><p><strong>5. Bietet das Hotel kostenloses WLAN an?<\/strong><br \/>Ja, <strong>Hochgeschwindigkeits-WLAN (kostenlos)<\/strong> ist in allen G\u00e4stezimmern und \u00f6ffentlichen Bereichen, einschlie\u00dflich Lobby, Businesscenter und Restaurant, verf\u00fcgbar.<\/p><div class=\"my-2\">\u00a0<\/div><p><strong>6. Wann sind die Ein- und Auscheckzeiten?<\/strong><\/p><ul><li><strong>Einchecken<\/strong>14:00 Uhr<\/li><li><strong>Kasse<\/strong>12:00 Uhr (Mittag)<br \/>Fr\u00fcher Check-in oder sp\u00e4ter Check-out sind je nach Verf\u00fcgbarkeit auf Anfrage m\u00f6glich.<\/li><\/ul><div class=\"my-2\">\u00a0<\/div><p><strong>7. Verf\u00fcgt das Hotel \u00fcber Parkm\u00f6glichkeiten?<\/strong><br \/>Ja, <strong>Kostenlose Parkpl\u00e4tze vor Ort stehen zur Verf\u00fcgung.<\/strong> F\u00fcr G\u00e4ste, je nach Verf\u00fcgbarkeit. Ein Parkservice wird nicht angeboten.<\/p><div class=\"my-2\">\u00a0<\/div><p><strong>8. Ist das Hotel f\u00fcr Gesch\u00e4ftsreisende geeignet?<\/strong><br \/>Absolut. Das Hotel verf\u00fcgt \u00fcber ein <strong>24\/7-Gesch\u00e4ftszentrum<\/strong>, <strong>private Besprechungsr\u00e4ume<\/strong>, Hochgeschwindigkeitsinternet, Druckservice und die N\u00e4he zu Regierungsgeb\u00e4uden und Technologieparks machen es ideal f\u00fcr Gesch\u00e4ftsreisende.<\/p><div class=\"my-2\">\u00a0<\/div><p><strong>9. Gibt es im Hotel Verpflegungsm\u00f6glichkeiten?<\/strong><br \/>Ja, das Hotel hat ein <strong>Restaurant vor Ort<\/strong> serviert <strong>t\u00e4glich Fr\u00fchst\u00fccksbuffet<\/strong> mit beiden <strong>Chinesische (Sichuan-) und westliche Optionen<\/strong>. Leichte Mahlzeiten und Getr\u00e4nke sind den ganzen Tag \u00fcber erh\u00e4ltlich.<\/p><div class=\"my-2\">\u00a0<\/div><p><strong>10. Ist das Fr\u00fchst\u00fcck im Zimmerpreis inbegriffen?<\/strong><br \/>Im Fr\u00fchst\u00fcckspaket ist das Fr\u00fchst\u00fcck je nach Buchungspaket enthalten. Es ist oft <strong>als Zusatzleistung verf\u00fcgbar oder in Premiumtarifen enthalten<\/strong>. \u00dcberpr\u00fcfen Sie Ihre Reservierungsdetails auf Trip.com oder beim Check-in.<\/p><div class=\"my-2\">\u00a0<\/div><p><strong>11. Verf\u00fcgt das Hotel \u00fcber ein Fitnesscenter?<\/strong><br \/>Ja, es gibt ein <strong>24-Stunden-Fitnesscenter<\/strong> Ausgestattet mit Laufb\u00e4ndern, Ellipsentrainern und Krafttrainingsger\u00e4ten zur Nutzung durch die G\u00e4ste.<\/p><div class=\"my-2\">\u00a0<\/div><p><strong>12. Sind die Zimmer Nichtraucherzimmer?<\/strong><br \/>Ja, <strong>Alle G\u00e4stezimmer sind strikte Nichtraucherzimmer.<\/strong>. Rauchen ist nur in den daf\u00fcr vorgesehenen Au\u00dfenbereichen gestattet.<\/p><div class=\"my-2\">\u00a0<\/div><p><strong>13. Kann ich ein Zimmer mit Fenster oder in einem der oberen Stockwerke anfragen?<\/strong><br \/>Ja, Zimmerpr\u00e4ferenzen (Fenster, hohes Stockwerk, ruhige Seite) k\u00f6nnen ber\u00fccksichtigt werden. <strong>bei der Buchung oder bei der Ankunft angefordert.<\/strong>, allerdings vorbehaltlich der Verf\u00fcgbarkeit.<\/p><div class=\"my-2\">\u00a0<\/div><p><strong>14. Verf\u00fcgt das Hotel \u00fcber ein Restaurant, das auch Nicht-Hotelg\u00e4sten zug\u00e4nglich ist?<\/strong><br \/>Ja, die <strong>Das Restaurant vor Ort ist f\u00fcr die \u00d6ffentlichkeit zug\u00e4nglich.<\/strong>, Dadurch eignet es sich ideal f\u00fcr Gesch\u00e4ftsessen oder kulinarische Erlebnisse vor Ort.<\/p><div class=\"my-2\">\u00a0<\/div><p><strong>15. Spricht das Personal flie\u00dfend Englisch?<\/strong><br \/>Ja, die <strong>Die Mitarbeiter an der Rezeption und am Concierge-Schalter sprechen flie\u00dfend Englisch.<\/strong> und grundlegende Japanischkenntnisse, um eine reibungslose Kommunikation mit internationalen G\u00e4sten zu gew\u00e4hrleisten.<\/p><div class=\"my-2\">\u00a0<\/div><p><strong>16. Gibt es vegetarische oder vegane Gerichte?<\/strong><br \/>Ja, das Restaurant bietet an <strong>vegetarische Gerichte<\/strong>, und die K\u00fcche bietet Platz f\u00fcr <strong>vegane und glutenfreie Anfragen<\/strong> mit vorheriger Ank\u00fcndigung.<\/p><div class=\"my-2\">\u00a0<\/div><p><strong>17. Kann ich mein Gep\u00e4ck vor dem Einchecken oder nach dem Auschecken aufbewahren?<\/strong><br \/>Ja, das Hotel bietet an <strong>kostenlose Gep\u00e4ckaufbewahrung<\/strong> an der Rezeption f\u00fcr G\u00e4ste, die fr\u00fch anreisen oder sp\u00e4t abreisen.<\/p><div class=\"my-2\">\u00a0<\/div><p><strong>18. Gibt es einen Gesch\u00e4fts- oder Besprechungsraum zu mieten?<\/strong><br \/>Ja, das Hotel hat <strong>voll ausgestattete private Besprechungsr\u00e4ume<\/strong> Ausgestattet mit AV-Systemen, WLAN, Projektoren und Sitzpl\u00e4tzen f\u00fcr bis zu 20 Personen. Ideal f\u00fcr kleine Konferenzen, Vorstellungsgespr\u00e4che oder Teambesprechungen.<\/p><div class=\"my-2\">\u00a0<\/div><p><strong>19. Welche Zahlungsmethoden werden akzeptiert?<\/strong><br \/>Das Hotel akzeptiert:<\/p><ul><li><strong>Kreditkarten<\/strong>Visa, Mastercard<\/li><li><strong>Chinesische Zahlungsplattformen<\/strong>: UnionPay, Alipay, WeChat Pay<\/li><li><strong>Kasse<\/strong>: CNY (Chinesischer Yuan)<\/li><\/ul><div class=\"my-2\">\u00a0<\/div><p><strong>20. Wie kann ich eine Reservierung vornehmen oder das Hotel direkt kontaktieren?<\/strong><br \/>Sie k\u00f6nnen \u00fcber gro\u00dfe Plattformen buchen wie <strong>Trip.com, Ctrip oder Booking.com<\/strong>, oder kontaktieren Sie das Hotel direkt:<br \/>\ud83d\udcde <strong>Telefon<\/strong>: +862888033333<br \/>\ud83c\udf10 <strong>Trip.com-Eintrag<\/strong>: <a href=\"https:\/\/www.trip.com\/t\/JEyppHyzHR2\" target=\"_blank\" rel=\"noopener\">https:\/\/www.trip.com\/t\/JEyppHyzHR2<\/a><\/p><div class=\"my-2\">\u00a0<\/div><div class=\"py-2 my-3\"><hr \/><\/div><div class=\"my-2\">\u00a0<\/div><h3>\u2705 Warum Reisende das Celebrity Ruicheng Hotel lieben<\/h3><ul><li>\u2705 <strong>Zentrale Lage<\/strong> im Bezirk Qingyang<\/li><li>\u2705 <strong>Saubere, moderne und ruhige Zimmer<\/strong><\/li><li>\u2705 <strong>Hervorragend geeignet f\u00fcr Gesch\u00e4ftsreisende<\/strong><\/li><li>\u2705 <strong>Freundliches, mehrsprachiges Personal<\/strong><\/li><li>\u2705 <strong>Hervorragendes Preis-Leistungs-Verh\u00e4ltnis<\/strong><\/li><li>\u2705 <strong>Zuverl\u00e4ssiges WLAN und Gesch\u00e4ftsdienste<\/strong><\/li><\/ul><div class=\"my-2\">\u00a0<\/div><div class=\"py-2 my-3\"><hr \/><\/div><div class=\"my-2\">\u00a0<\/div><p data-spm-anchor-id=\"a2ty_o01.29997173.0.i41.6fbec921UQIc0A\">Ob Sie Chengdu aus beruflichen Gr\u00fcnden, f\u00fcr Regierungstreffen oder um die reiche Kultur und K\u00fcche der Stadt zu erkunden besuchen, <strong>Celebrity Ruicheng Hotel<\/strong> bietet einen komfortablen, professionellen und unkomplizierten Aufenthalt.<\/p><div class=\"my-2\">\u00a0<\/div><p data-spm-anchor-id=\"a2ty_o01.29997173.0.i42.6fbec921UQIc0A\">#CelebrityRuichengHotel #ChengduHotelFAQ #BusinessHotelChengdu #HotelInQingyangDistrict #ChengduTravelTips #TripComHotel #ChinaHotelGuide #GuestQuestionsAnswered #HotelWithBreakfast #ChengduAirportTransfer<\/p>\t\t\t\t\t\t\t\t<\/div>\n\t\t\t\t\t<\/div>\n\t\t<\/div>\n\t\t\t\t\t<\/div>\n\t\t<\/section>\n\t\t\t\t<section class=\"elementor-section elementor-top-section elementor-element elementor-element-366fcd12 elementor-section-stretched elementor-section-boxed elementor-section-gap-beside-yes elementor-section-height-default elementor-section-height-default elementor-section-column-vertical-align-stretch\" data-id=\"366fcd12\" data-element_type=\"section\" data-e-type=\"section\" data-settings=\"{&quot;background_background&quot;:&quot;classic&quot;,&quot;stretch_section&quot;:&quot;section-stretched&quot;}\">\n\t\t\t\t\t\t<div class=\"elementor-container elementor-column-gap-extended\">\n\t\t\t\t\t<div class=\"elementor-column elementor-col-100 elementor-top-column elementor-element elementor-element-3a3b07c3\" data-id=\"3a3b07c3\" data-element_type=\"column\" data-e-type=\"column\">\n\t\t\t<div class=\"elementor-widget-wrap elementor-element-populated\">\n\t\t\t\t\t\t<div class=\"elementor-element elementor-element-52dd6320 elementor-widget elementor-widget-heading\" data-id=\"52dd6320\" data-element_type=\"widget\" data-e-type=\"widget\" data-widget_type=\"heading.default\">\n\t\t\t\t\t<h2 class=\"elementor-heading-title elementor-size-default\">Verf\u00fcgbarkeit pr\u00fcfen <\/h2>\t\t\t\t<\/div>\n\t\t\t\t<div class=\"elementor-element elementor-element-54b2dbe6 elementor-widget elementor-widget-text-editor\" data-id=\"54b2dbe6\" data-element_type=\"widget\" data-e-type=\"widget\" data-widget_type=\"text-editor.default\">\n\t\t\t\t\t\t\t\t\t<iframe border=\"0\" src=\"https:\/\/www.trip.com\/partners\/ad\/S5166506?Allianceid=4590391&#038;SID=255085608&#038;trip_sub1=\" style=\"width:900px;height:200px\" frameborder=\"0\" scrolling=\"no\" id=\"S5166506\"><\/iframe>\t\t\t\t\t\t\t\t<\/div>\n\t\t\t\t\t<\/div>\n\t\t<\/div>\n\t\t\t\t\t<\/div>\n\t\t<\/section>\n\t\t\t\t<\/div>","protected":false},"excerpt":{"rendered":"<p>Below, you will find a list of the questions most frequently asked by our guests. FAQ&#8217;S Questions &amp; Answers Check-in time? As a rough guide, the check-in time is after 12 a.m. Let us know your arrival time in case you schedule and early check in we\u2018ll do our best to have your room available. [&hellip;]<\/p>\n","protected":false},"author":1,"featured_media":0,"parent":0,"menu_order":0,"comment_status":"closed","ping_status":"closed","template":"","meta":{"footnotes":""},"class_list":["post-2105","page","type-page","status-publish","hentry","post-no-thumbnail"],"_links":{"self":[{"href":"https:\/\/celebrityruichenghotel.com\/de\/wp-json\/wp\/v2\/pages\/2105","targetHints":{"allow":["GET"]}}],"collection":[{"href":"https:\/\/celebrityruichenghotel.com\/de\/wp-json\/wp\/v2\/pages"}],"about":[{"href":"https:\/\/celebrityruichenghotel.com\/de\/wp-json\/wp\/v2\/types\/page"}],"author":[{"embeddable":true,"href":"https:\/\/celebrityruichenghotel.com\/de\/wp-json\/wp\/v2\/users\/1"}],"replies":[{"embeddable":true,"href":"https:\/\/celebrityruichenghotel.com\/de\/wp-json\/wp\/v2\/comments?post=2105"}],"version-history":[{"count":0,"href":"https:\/\/celebrityruichenghotel.com\/de\/wp-json\/wp\/v2\/pages\/2105\/revisions"}],"wp:attachment":[{"href":"https:\/\/celebrityruichenghotel.com\/de\/wp-json\/wp\/v2\/media?parent=2105"}],"curies":[{"name":"wp","href":"https:\/\/api.w.org\/{rel}","templated":true}]}}